{"id":22805,"date":"2024-01-19T08:33:37","date_gmt":"2024-01-19T08:33:37","guid":{"rendered":"https:\/\/homedress.fr\/carte-cadeau-2\/"},"modified":"2024-01-23T14:53:02","modified_gmt":"2024-01-23T14:53:02","slug":"carte-cadeau-2","status":"publish","type":"page","link":"https:\/\/homedress.fr\/ar\/carte-cadeau-2\/","title":{"rendered":"Carte cadeau"},"content":{"rendered":"<section class=\"section\" id=\"section_1683623028\">\n\t\t<div class=\"section-bg fill\" >\n\t\t\t\t\t\t\t\t\t\n\t\t\t\n\n\t\t<\/div>\n\n\t\t\n\n\t\t<div class=\"section-content relative\">\n\t\t\t\n\n<div class=\"row\"  id=\"row-1842967205\">\n\n\n\t<div id=\"col-92279039\" class=\"col small-12 large-12\"  >\n\t\t\t\t<div class=\"col-inner text-center\"  >\n\t\t\t\n\t\t\t\n\n\t<div id=\"gap-240337051\" class=\"gap-element clearfix\" style=\"display:block; height:auto;\">\n\t\t\n<style>\n#gap-240337051 {\n  padding-top: 30px;\n}\n<\/style>\n\t<\/div>\n\t\n\n  <div id=\"page-header-133916210\" class=\"page-header-wrapper\">\n  <div class=\"page-title dark featured-title\">\n\n    \n    <div class=\"page-title-inner container align-center text-center flex-row-col medium-flex-wrap\" >\n              <div class=\"title-wrapper is-xlarge flex-col\">\n          <h1 class=\"entry-title mb-0\">\n            CARTE CADEAU          <\/h1>\n        <\/div>\n                    <div class=\"title-content flex-col\">\n              <\/div>\n    <\/div>\n\n       <\/div>\n    <\/div>\n  \n\n\n\t\t<\/div>\n\t\t\t\t\t<\/div>\n\n\t\n\n<\/div>\n<div class=\"row\"  id=\"row-921401379\">\n\n\n\t<div id=\"col-99987342\" class=\"col medium-4 small-12 large-4\"  >\n\t\t\t\t<div class=\"col-inner\"  >\n\t\t\t\n\t\t\t\n\n\t<div class=\"box has-hover   has-hover box-text-bottom\" >\n\n\t\t<div class=\"box-image\" >\n\t\t\t<a href=\"#\" >\t\t\t<div class=\"image-zoom image-cover\" style=\"padding-top:100%;\">\n\t\t\t\t<img loading=\"lazy\" decoding=\"async\" width=\"500\" height=\"500\" src=\"https:\/\/homedress.fr\/wp-content\/uploads\/2024\/01\/Carte-cadeau-joyeux-anniversaire.jpg\" class=\"attachment- size-\" alt=\"\" srcset=\"https:\/\/homedress.fr\/wp-content\/uploads\/2024\/01\/Carte-cadeau-joyeux-anniversaire.jpg 500w, https:\/\/homedress.fr\/wp-content\/uploads\/2024\/01\/Carte-cadeau-joyeux-anniversaire-400x400.jpg 400w, https:\/\/homedress.fr\/wp-content\/uploads\/2024\/01\/Carte-cadeau-joyeux-anniversaire-280x280.jpg 280w, https:\/\/homedress.fr\/wp-content\/uploads\/2024\/01\/Carte-cadeau-joyeux-anniversaire-12x12.jpg 12w, https:\/\/homedress.fr\/wp-content\/uploads\/2024\/01\/Carte-cadeau-joyeux-anniversaire-100x100.jpg 100w\" sizes=\"auto, (max-width: 500px) 100vw, 500px\" \/>\t\t\t\t\t\t\t\t\t\t\t<\/div>\n\t\t\t<\/a>\t\t<\/div>\n\n\t\t<div class=\"box-text text-center\" >\n\t\t\t<div class=\"box-text-inner\">\n\t\t\t\t\n\n\t<div id=\"gap-1094050653\" class=\"gap-element clearfix\" style=\"display:block; height:auto;\">\n\t\t\n<style>\n#gap-1094050653 {\n  padding-top: 10px;\n}\n<\/style>\n\t<\/div>\n\t\n\n<a href=\"https:\/\/homedress.fr\/ar\/product\/carte-cadeau-joyeux-anniversaire\/\" class=\"button secondary is-outline\" style=\"padding:5px 20px 5px 20px;\">\n\t\t<span>Joyeux anniveraire<\/span>\n\t<\/a>\n\n\n\n\t\t\t<\/div>\n\t\t<\/div>\n\t<\/div>\n\t\n\n\t\t<\/div>\n\t\t\t\t\t<\/div>\n\n\t\n\n\t<div id=\"col-1676250081\" class=\"col medium-4 small-12 large-4\"  >\n\t\t\t\t<div class=\"col-inner\"  >\n\t\t\t\n\t\t\t\n\n\t<div class=\"box has-hover   has-hover box-text-bottom\" >\n\n\t\t<div class=\"box-image\" >\n\t\t\t<a href=\"#\" >\t\t\t<div class=\"image-zoom image-cover\" style=\"padding-top:100%;\">\n\t\t\t\t<img loading=\"lazy\" decoding=\"async\" width=\"500\" height=\"500\" src=\"https:\/\/homedress.fr\/wp-content\/uploads\/2024\/01\/Carte-cadeau-je-taime-maman.jpg\" class=\"attachment- size-\" alt=\"\" srcset=\"https:\/\/homedress.fr\/wp-content\/uploads\/2024\/01\/Carte-cadeau-je-taime-maman.jpg 500w, https:\/\/homedress.fr\/wp-content\/uploads\/2024\/01\/Carte-cadeau-je-taime-maman-400x400.jpg 400w, https:\/\/homedress.fr\/wp-content\/uploads\/2024\/01\/Carte-cadeau-je-taime-maman-280x280.jpg 280w, https:\/\/homedress.fr\/wp-content\/uploads\/2024\/01\/Carte-cadeau-je-taime-maman-12x12.jpg 12w, https:\/\/homedress.fr\/wp-content\/uploads\/2024\/01\/Carte-cadeau-je-taime-maman-100x100.jpg 100w\" sizes=\"auto, (max-width: 500px) 100vw, 500px\" \/>\t\t\t\t\t\t\t\t\t\t\t<\/div>\n\t\t\t<\/a>\t\t<\/div>\n\n\t\t<div class=\"box-text text-center\" >\n\t\t\t<div class=\"box-text-inner\">\n\t\t\t\t\n\n\t<div id=\"gap-1143956287\" class=\"gap-element clearfix\" style=\"display:block; height:auto;\">\n\t\t\n<style>\n#gap-1143956287 {\n  padding-top: 10px;\n}\n<\/style>\n\t<\/div>\n\t\n\n<a href=\"https:\/\/homedress.fr\/ar\/product\/carte-cadeau-maman\/\" class=\"button secondary is-outline\" style=\"padding:5px 20px 5px 20px;\">\n\t\t<span>Maman je t'aime<\/span>\n\t<\/a>\n\n\n\n\t\t\t<\/div>\n\t\t<\/div>\n\t<\/div>\n\t\n\n\t\t<\/div>\n\t\t\t\t\t<\/div>\n\n\t\n\n\t<div id=\"col-1290932361\" class=\"col medium-4 small-12 large-4\"  >\n\t\t\t\t<div class=\"col-inner\"  >\n\t\t\t\n\t\t\t\n\n\t<div class=\"box has-hover   has-hover box-text-bottom\" >\n\n\t\t<div class=\"box-image\" >\n\t\t\t<a href=\"#\" >\t\t\t<div class=\"image-zoom image-cover\" style=\"padding-top:100%;\">\n\t\t\t\t<img loading=\"lazy\" decoding=\"async\" width=\"500\" height=\"500\" src=\"https:\/\/homedress.fr\/wp-content\/uploads\/2024\/01\/love-gift-4.jpg\" class=\"attachment- size-\" alt=\"\" srcset=\"https:\/\/homedress.fr\/wp-content\/uploads\/2024\/01\/love-gift-4.jpg 500w, https:\/\/homedress.fr\/wp-content\/uploads\/2024\/01\/love-gift-4-400x400.jpg 400w, https:\/\/homedress.fr\/wp-content\/uploads\/2024\/01\/love-gift-4-280x280.jpg 280w, https:\/\/homedress.fr\/wp-content\/uploads\/2024\/01\/love-gift-4-12x12.jpg 12w, https:\/\/homedress.fr\/wp-content\/uploads\/2024\/01\/love-gift-4-100x100.jpg 100w\" sizes=\"auto, (max-width: 500px) 100vw, 500px\" \/>\t\t\t\t\t\t\t\t\t\t\t<\/div>\n\t\t\t<\/a>\t\t<\/div>\n\n\t\t<div class=\"box-text text-center\" >\n\t\t\t<div class=\"box-text-inner\">\n\t\t\t\t\n\n\t<div id=\"gap-26281539\" class=\"gap-element clearfix\" style=\"display:block; height:auto;\">\n\t\t\n<style>\n#gap-26281539 {\n  padding-top: 10px;\n}\n<\/style>\n\t<\/div>\n\t\n\n<a href=\"https:\/\/homedress.fr\/ar\/product\/carte-cadeau-je-taime\/\" class=\"button secondary is-outline\" style=\"padding:5px 20px 5px 20px;\">\n\t\t<span>D\u00e9claration<\/span>\n\t<\/a>\n\n\n\n\t\t\t<\/div>\n\t\t<\/div>\n\t<\/div>\n\t\n\n\t\t<\/div>\n\t\t\t\t\t<\/div>\n\n\t\n\n<\/div>\n<div class=\"text-center\"><div class=\"is-divider divider clearfix\" ><\/div><\/div>\n\n<p style=\"text-align: center;\"><span style=\"color: #ddbbbb;\">Plongez dans le luxe de l&#8217;intimit\u00e9 avec notre nouvelle collection de cartes cadeaux HomeDress, une exp\u00e9rience d\u00e9di\u00e9e \u00e0 l&#8217;art du confort personnalis\u00e9. Offrez l&#8217;\u00e9l\u00e9gance au quotidien avec nos somptueux peignoirs et pyjamas, m\u00e9ticuleusement confectionn\u00e9s pour une douceur in\u00e9gal\u00e9e. Chaque pi\u00e8ce est une toile pr\u00eate \u00e0 \u00eatre personnalis\u00e9e, ajoutant une touche unique \u00e0 votre moment de d\u00e9tente.<\/span><\/p>\n<p style=\"text-align: center;\"><span style=\"color: #ddbbbb;\">Explorez notre s\u00e9lection d&#8217;accessoires personnalis\u00e9s pour compl\u00e9ter votre exp\u00e9rience cocooning. Des monogrammes d\u00e9licats aux d\u00e9tails sur mesure, chaque \u00e9l\u00e9ment est pens\u00e9 pour cr\u00e9er une atmosph\u00e8re chaleureuse et personnelle dans votre chez-soi.<\/span><\/p>\n<p style=\"text-align: center;\"><span style=\"color: #ddbbbb;\">Faites le choix du raffinement et de l&#8217;individualit\u00e9 avec les cartes cadeaux HomeDress. Offrez \u00e0 vos proches l&#8217;occasion de s&#8217;entourer de confort et de style, personnalis\u00e9s \u00e0 leur go\u00fbt. Red\u00e9finissez le bien-\u00eatre \u00e0 la maison avec nos cr\u00e9ations uniques. D\u00e9couvrez l&#8217;harmonie entre la personnalisation et le luxe, seulement chez HomeDress.<\/span><\/p>\n\n\t\t<\/div>\n\n\t\t\n<style>\n#section_1683623028 {\n  padding-top: 30px;\n  padding-bottom: 30px;\n}\n@media (min-width:850px) {\n  #section_1683623028 {\n    padding-top: 50px;\n    padding-bottom: 50px;\n  }\n}\n<\/style>\n\t<\/section>","protected":false},"excerpt":{"rendered":"","protected":false},"author":11666,"featured_media":0,"parent":0,"menu_order":0,"comment_status":"closed","ping_status":"closed","template":"","meta":{"footnotes":""},"class_list":["post-22805","page","type-page","status-publish","hentry"],"_links":{"self":[{"href":"https:\/\/homedress.fr\/ar\/wp-json\/wp\/v2\/pages\/22805","targetHints":{"allow":["GET"]}}],"collection":[{"href":"https:\/\/homedress.fr\/ar\/wp-json\/wp\/v2\/pages"}],"about":[{"href":"https:\/\/homedress.fr\/ar\/wp-json\/wp\/v2\/types\/page"}],"author":[{"embeddable":true,"href":"https:\/\/homedress.fr\/ar\/wp-json\/wp\/v2\/users\/11666"}],"replies":[{"embeddable":true,"href":"https:\/\/homedress.fr\/ar\/wp-json\/wp\/v2\/comments?post=22805"}],"version-history":[{"count":9,"href":"https:\/\/homedress.fr\/ar\/wp-json\/wp\/v2\/pages\/22805\/revisions"}],"predecessor-version":[{"id":22961,"href":"https:\/\/homedress.fr\/ar\/wp-json\/wp\/v2\/pages\/22805\/revisions\/22961"}],"wp:attachment":[{"href":"https:\/\/homedress.fr\/ar\/wp-json\/wp\/v2\/media?parent=22805"}],"curies":[{"name":"wp","href":"https:\/\/api.w.org\/{rel}","templated":true}]}}