{"id":3532,"date":"2020-02-04T13:35:37","date_gmt":"2020-02-04T13:35:37","guid":{"rendered":"https:\/\/homedress.fr\/?page_id=3532"},"modified":"2020-02-04T13:36:04","modified_gmt":"2020-02-04T13:36:04","slug":"reassort","status":"publish","type":"page","link":"https:\/\/homedress.fr\/ar\/reassort\/","title":{"rendered":"Reassort"},"content":{"rendered":"\n\n\t<section class=\"section\" id=\"section_1865804399\">\n\t\t<div class=\"section-bg fill\" >\n\t\t\t\t\t\t\t\t\t\n\t\t\t\n\n\t\t<\/div>\n\n\t\t\n\n\t\t<div class=\"section-content relative\">\n\t\t\t\n\n<div class=\"row\"  id=\"row-676820113\">\n\n\n\t<div id=\"col-1874121474\" class=\"col small-12 large-12\"  >\n\t\t\t\t<div class=\"col-inner\"  >\n\t\t\t\n\t\t\t\n\n\t<div id=\"gap-689234880\" class=\"gap-element clearfix\" style=\"display:block; height:auto;\">\n\t\t\n<style>\n#gap-689234880 {\n  padding-top: 30px;\n}\n<\/style>\n\t<\/div>\n\t\n\n\n  <div class=\"banner has-hover\" id=\"banner-963884235\">\n          <div class=\"banner-inner fill\">\n        <div class=\"banner-bg fill\" >\n                                    <div class=\"overlay\"><\/div>            \n                    <\/div>\n\t\t\n        <div class=\"banner-layers container\">\n            <div class=\"fill banner-link\"><\/div>            \n\n   <div id=\"text-box-120318874\" class=\"text-box banner-layer x50 md-x50 lg-x50 y50 md-y50 lg-y50 res-text\">\n                                <div class=\"text-box-content text dark\">\n              \n              <div class=\"text-inner text-center\">\n                  \n\n\t<div id=\"gap-1254748739\" class=\"gap-element clearfix\" style=\"display:block; height:auto;\">\n\t\t\n<style>\n#gap-1254748739 {\n  padding-top: 20px;\n}\n<\/style>\n\t<\/div>\n\t\n\n<h3>Tenez moi inform\u00e9 du r\u00e9assort<\/h3>\n<p><span style=\"font-size: 100%;\">M\u00eame si nous r\u00e9approvisionnons r\u00e9guli\u00e8rement nos stocks, ils ne restent jamais bien longtemps disponible!\u00a0<\/span><\/p>\n\t<div id=\"gap-2126352788\" class=\"gap-element clearfix\" style=\"display:block; height:auto;\">\n\t\t\n<style>\n#gap-2126352788 {\n  padding-top: 5px;\n}\n<\/style>\n\t<\/div>\n\t\n\n[contact-form-7 id=&#8221;18&#8243;]\n\n<div class=\"social-icons follow-icons\" ><a href=\"http:\/\/X\" target=\"_blank\" data-label=\"Facebook\" class=\"icon plain tooltip facebook\" title=\"\u062a\u0627\u0628\u0639\u0646\u0627 \u0639\u0644\u0649 Facebook\" aria-label=\"\u062a\u0627\u0628\u0639\u0646\u0627 \u0639\u0644\u0649 Facebook\" rel=\"noopener nofollow\"><i class=\"icon-facebook\" aria-hidden=\"true\"><\/i><\/a><a href=\"http:\/\/X\" target=\"_blank\" data-label=\"Instagram\" class=\"icon plain tooltip instagram\" title=\"\u062a\u0627\u0628\u0639\u0646\u0627 \u0639\u0644\u0649 Instagram\" aria-label=\"\u062a\u0627\u0628\u0639\u0646\u0627 \u0639\u0644\u0649 Instagram\" rel=\"noopener nofollow\"><i class=\"icon-instagram\" aria-hidden=\"true\"><\/i><\/a><a href=\"http:\/\/X\" data-label=\"Twitter\" target=\"_blank\" class=\"icon plain tooltip twitter\" title=\"\u062a\u0627\u0628\u0639\u0646\u0627 \u0639\u0644\u0649 Twitter\" aria-label=\"\u062a\u0627\u0628\u0639\u0646\u0627 \u0639\u0644\u0649 Twitter\" rel=\"noopener nofollow\"><i class=\"icon-twitter\" aria-hidden=\"true\"><\/i><\/a><a href=\"mailto:X\" data-label=\"E-mail\" target=\"_blank\" class=\"icon plain tooltip email\" title=\"\u0623\u0631\u0633\u0644 \u0644\u0646\u0627 \u0628\u0631\u064a\u062f\u0627 \u0625\u0644\u0643\u062a\u0631\u0648\u0646\u064a\u0627\u064b\" aria-label=\"\u0623\u0631\u0633\u0644 \u0644\u0646\u0627 \u0628\u0631\u064a\u062f\u0627 \u0625\u0644\u0643\u062a\u0631\u0648\u0646\u064a\u0627\u064b\" rel=\"nofollow noopener\"><i class=\"icon-envelop\" aria-hidden=\"true\"><\/i><\/a><a href=\"http:\/\/X\" data-label=\"LinkedIn\" target=\"_blank\" class=\"icon plain tooltip linkedin\" title=\"\u062a\u0627\u0628\u0639\u0646\u0627 \u0639\u0644\u0649 LinkedIn\" aria-label=\"\u062a\u0627\u0628\u0639\u0646\u0627 \u0639\u0644\u0649 LinkedIn\" rel=\"noopener nofollow\"><i class=\"icon-linkedin\" aria-hidden=\"true\"><\/i><\/a><\/div>\n\n\n              <\/div>\n           <\/div>\n                            \n<style>\n#text-box-120318874 {\n  width: 65%;\n}\n#text-box-120318874 .text-box-content {\n  font-size: 100%;\n}\n@media (min-width:550px) {\n  #text-box-120318874 {\n    width: 60%;\n  }\n}\n<\/style>\n    <\/div>\n \n\n        <\/div>\n      <\/div>\n\n            \n<style>\n#banner-963884235 {\n  padding-top: 429px;\n}\n#banner-963884235 .overlay {\n  background-color: rgba(35, 40, 54, 0.88);\n}\n@media (min-width:550px) {\n  #banner-963884235 {\n    padding-top: 500px;\n  }\n}\n<\/style>\n  <\/div>\n\n\n\n\t\t<\/div>\n\t\t\t\t\t<\/div>\n\n\t\n\n<\/div>\n\n\t\t<\/div>\n\n\t\t\n<style>\n#section_1865804399 {\n  padding-top: 21px;\n  padding-bottom: 21px;\n}\n@media (min-width:550px) {\n  #section_1865804399 {\n    padding-top: 30px;\n    padding-bottom: 30px;\n  }\n}\n<\/style>\n\t<\/section>\n\t\n\n","protected":false},"excerpt":{"rendered":"","protected":false},"author":11666,"featured_media":0,"parent":0,"menu_order":0,"comment_status":"closed","ping_status":"closed","template":"","meta":{"footnotes":""},"class_list":["post-3532","page","type-page","status-publish","hentry"],"_links":{"self":[{"href":"https:\/\/homedress.fr\/ar\/wp-json\/wp\/v2\/pages\/3532","targetHints":{"allow":["GET"]}}],"collection":[{"href":"https:\/\/homedress.fr\/ar\/wp-json\/wp\/v2\/pages"}],"about":[{"href":"https:\/\/homedress.fr\/ar\/wp-json\/wp\/v2\/types\/page"}],"author":[{"embeddable":true,"href":"https:\/\/homedress.fr\/ar\/wp-json\/wp\/v2\/users\/11666"}],"replies":[{"embeddable":true,"href":"https:\/\/homedress.fr\/ar\/wp-json\/wp\/v2\/comments?post=3532"}],"version-history":[{"count":0,"href":"https:\/\/homedress.fr\/ar\/wp-json\/wp\/v2\/pages\/3532\/revisions"}],"wp:attachment":[{"href":"https:\/\/homedress.fr\/ar\/wp-json\/wp\/v2\/media?parent=3532"}],"curies":[{"name":"wp","href":"https:\/\/api.w.org\/{rel}","templated":true}]}}