{"id":5006,"date":"2020-06-15T11:49:46","date_gmt":"2020-06-15T11:49:46","guid":{"rendered":"https:\/\/homedress.fr\/become-an-affiliate\/"},"modified":"2023-04-09T21:35:59","modified_gmt":"2023-04-09T21:35:59","slug":"devenez-ambassadeur","status":"publish","type":"page","link":"https:\/\/homedress.fr\/ar\/devenez-ambassadeur\/","title":{"rendered":"Devenez Affili\u00e9 Homedress"},"content":{"rendered":"\n\n  <div class=\"banner has-hover\" id=\"banner-1146945749\">\n          <div class=\"banner-inner fill\">\n        <div class=\"banner-bg fill\" >\n            <img loading=\"lazy\" decoding=\"async\" width=\"1020\" height=\"680\" src=\"https:\/\/homedress.fr\/wp-content\/uploads\/2022\/02\/Homedress-affiliate-1200x800.jpg\" class=\"bg attachment-large size-large\" alt=\"Homedress-le meilleur cadeau pour sa compagne \u00e0 la saint valentin\" \/>                                    \n                    <\/div>\n\t\t\n        <div class=\"banner-layers container\">\n            <div class=\"fill banner-link\"><\/div>            \n\n\n        <\/div>\n      <\/div>\n\n            \n<style>\n#banner-1146945749 {\n  padding-top: 449px;\n}\n#banner-1146945749 .banner-bg img {\n  object-position: 7% 45%;\n}\n<\/style>\n  <\/div>\n\n\n\n\n\n<h1 class=\"wp-block-heading has-text-align-center\" id=\"devenez-affili\"><strong><mark style=\"background-color:rgba(0, 0, 0, 0)\" class=\"has-inline-color has-pale-pink-color\">DEVENEZ AFFILI\u00c9<\/mark><\/strong><\/h1>\n\n\n\n<h2 class=\"wp-block-heading has-text-align-center\" id=\"entre-10-et-30-de-commissions-sur-chaque-vente-qui-provient-de-votre-lien\">Entre 10% et 30% de commissions sur chaque vente qui provient de votre lien!<\/h2>\n\n\n\n<figure class=\"wp-block-image aligncenter size-large\"><img loading=\"lazy\" decoding=\"async\" width=\"1200\" height=\"400\" src=\"https:\/\/homedress.fr\/wp-content\/uploads\/2020\/06\/Partagez-2.png\" alt=\"Programme partenaire|Affiliation\" class=\"wp-image-5040\" srcset=\"https:\/\/homedress.fr\/wp-content\/uploads\/2020\/06\/Partagez-2.png 1200w, https:\/\/homedress.fr\/wp-content\/uploads\/2020\/06\/Partagez-2-510x170.png 510w, https:\/\/homedress.fr\/wp-content\/uploads\/2020\/06\/Partagez-2-800x267.png 800w, https:\/\/homedress.fr\/wp-content\/uploads\/2020\/06\/Partagez-2-768x256.png 768w\" sizes=\"auto, (max-width: 1200px) 100vw, 1200px\" \/><\/figure>\n\n\n\n<p class=\"has-text-align-center\">\u2728<strong><mark style=\"background-color:rgba(0, 0, 0, 0)\" class=\"has-inline-color has-black-color\">Des BONUS \u00e0 chaque pallier que vous atteindrez<\/mark><\/strong>\u2728 <\/p>\n\n\n\n<p><\/p>\n\n\n\n<div class=\"row\"  id=\"row-1538633605\">\n\n\n\t<div id=\"col-1928197973\" class=\"col small-12 large-12\"  >\n\t\t\t\t<div class=\"col-inner\"  >\n\t\t\t\n\t\t\t\n\n<div class=\"container section-title-container\" ><h3 class=\"section-title section-title-center\"><b aria-hidden=\"true\"><\/b><span class=\"section-title-main\" style=\"color:rgb(221, 187, 187);\"><i class=\"icon-star\" aria-hidden=\"true\"><\/i>Une seule condition - \u00eatre d\u00e9j\u00e0 client<\/span><b aria-hidden=\"true\"><\/b><\/h3><\/div>\n\n\n\t\t<\/div>\n\t\t\t\t\t<\/div>\n\n\t\n\n<\/div>\n\n\n\n<p class=\"has-text-align-center\"><span style=\"text-decoration: underline;\"><strong>Je participe !<\/strong><\/span><\/p>\n\n\n[uap-register]\n\n\n\n<p><\/p>\n","protected":false},"excerpt":{"rendered":"<p>DEVENEZ AFFILI\u00c9 Entre 10% et 30% de commissions sur chaque vente qui provient de votre lien! \u2728Des BONUS \u00e0 chaque pallier que vous atteindrez\u2728 Je participe !<\/p>","protected":false},"author":11666,"featured_media":0,"parent":0,"menu_order":0,"comment_status":"closed","ping_status":"closed","template":"","meta":{"footnotes":""},"class_list":["post-5006","page","type-page","status-publish","hentry"],"_links":{"self":[{"href":"https:\/\/homedress.fr\/ar\/wp-json\/wp\/v2\/pages\/5006","targetHints":{"allow":["GET"]}}],"collection":[{"href":"https:\/\/homedress.fr\/ar\/wp-json\/wp\/v2\/pages"}],"about":[{"href":"https:\/\/homedress.fr\/ar\/wp-json\/wp\/v2\/types\/page"}],"author":[{"embeddable":true,"href":"https:\/\/homedress.fr\/ar\/wp-json\/wp\/v2\/users\/11666"}],"replies":[{"embeddable":true,"href":"https:\/\/homedress.fr\/ar\/wp-json\/wp\/v2\/comments?post=5006"}],"version-history":[{"count":9,"href":"https:\/\/homedress.fr\/ar\/wp-json\/wp\/v2\/pages\/5006\/revisions"}],"predecessor-version":[{"id":21740,"href":"https:\/\/homedress.fr\/ar\/wp-json\/wp\/v2\/pages\/5006\/revisions\/21740"}],"wp:attachment":[{"href":"https:\/\/homedress.fr\/ar\/wp-json\/wp\/v2\/media?parent=5006"}],"curies":[{"name":"wp","href":"https:\/\/api.w.org\/{rel}","templated":true}]}}