{"id":5009,"date":"2020-06-15T11:49:46","date_gmt":"2020-06-15T11:49:46","guid":{"rendered":"https:\/\/homedress.fr\/lost-password\/"},"modified":"2020-11-14T11:35:12","modified_gmt":"2020-11-14T11:35:12","slug":"lost-password","status":"publish","type":"page","link":"https:\/\/homedress.fr\/ar\/lost-password\/","title":{"rendered":"Lost Password"},"content":{"rendered":"\n<p>Veuillez entrer votre nom d&#8217;utilisateur ou votre adresse \u00e9lectronique ci-dessous. Vous recevrez un lien pour confirmer la demande par e-mail. Un nouveau mot de passe auto-g\u00e9n\u00e9r\u00e9 vous sera fourni, qui pourra \u00eatre modifi\u00e9 ult\u00e9rieurement \u00e0 partir de &#8220;Mon compte&#8221;.<\/p>[uap-reset-password]\n","protected":false},"excerpt":{"rendered":"<p>Veuillez entrer votre nom d&#8217;utilisateur ou votre adresse \u00e9lectronique ci-dessous. Vous recevrez un lien pour confirmer la demande par e-mail. Un nouveau mot de passe auto-g\u00e9n\u00e9r\u00e9 vous sera fourni, qui pourra \u00eatre modifi\u00e9 ult\u00e9rieurement \u00e0 partir de &#8220;Mon compte&#8221;. [uap-reset-password]\n","protected":false},"author":11666,"featured_media":0,"parent":0,"menu_order":0,"comment_status":"closed","ping_status":"closed","template":"","meta":{"footnotes":""},"class_list":["post-5009","page","type-page","status-publish","hentry"],"_links":{"self":[{"href":"https:\/\/homedress.fr\/ar\/wp-json\/wp\/v2\/pages\/5009","targetHints":{"allow":["GET"]}}],"collection":[{"href":"https:\/\/homedress.fr\/ar\/wp-json\/wp\/v2\/pages"}],"about":[{"href":"https:\/\/homedress.fr\/ar\/wp-json\/wp\/v2\/types\/page"}],"author":[{"embeddable":true,"href":"https:\/\/homedress.fr\/ar\/wp-json\/wp\/v2\/users\/11666"}],"replies":[{"embeddable":true,"href":"https:\/\/homedress.fr\/ar\/wp-json\/wp\/v2\/comments?post=5009"}],"version-history":[{"count":1,"href":"https:\/\/homedress.fr\/ar\/wp-json\/wp\/v2\/pages\/5009\/revisions"}],"predecessor-version":[{"id":19245,"href":"https:\/\/homedress.fr\/ar\/wp-json\/wp\/v2\/pages\/5009\/revisions\/19245"}],"wp:attachment":[{"href":"https:\/\/homedress.fr\/ar\/wp-json\/wp\/v2\/media?parent=5009"}],"curies":[{"name":"wp","href":"https:\/\/api.w.org\/{rel}","templated":true}]}}