{"id":8340,"date":"2021-05-28T13:06:25","date_gmt":"2021-05-28T13:06:25","guid":{"rendered":"https:\/\/homedress.fr\/?page_id=8340"},"modified":"2021-05-28T16:06:01","modified_gmt":"2021-05-28T16:06:01","slug":"peignoirs-kimono-personnalises","status":"publish","type":"page","link":"https:\/\/homedress.fr\/ar\/peignoirs-kimono-personnalises\/","title":{"rendered":"Peignoirs &#038; Kimono Personnalis\u00e9s"},"content":{"rendered":"<h1 style=\"text-align: center;\"><span style=\"color: #dbb7bd; font-size: 140%;\">Nos collections peignoirs &amp; kimonos personnalis\u00e9s<\/span><\/h1>\n<div class=\"text-center\"><div class=\"is-divider divider clearfix\" style=\"max-width:50px;height:1px;background-color:rgb(219, 183, 189);\"><\/div><\/div>\n\n\t<div id=\"gap-1176483918\" class=\"gap-element clearfix\" style=\"display:block; height:auto;\">\n\t\t\n<style>\n#gap-1176483918 {\n  padding-top: 7px;\n}\n@media (min-width:550px) {\n  #gap-1176483918 {\n    padding-top: 30px;\n  }\n}\n<\/style>\n\t<\/div>\n\t\n\n<div class=\"slider-wrapper relative\" id=\"slider-2088650420\" >\n    <div class=\"slider slider-nav-circle slider-nav-large slider-nav-light slider-style-normal\"\n        data-flickity-options='{            \"cellAlign\": \"center\",            \"imagesLoaded\": true,            \"lazyLoad\": 1,            \"freeScroll\": false,            \"wrapAround\": true,            \"autoPlay\": 6000,            \"pauseAutoPlayOnHover\" : true,            \"prevNextButtons\": true,            \"contain\" : true,            \"adaptiveHeight\" : true,            \"dragThreshold\" : 10,            \"percentPosition\": true,            \"pageDots\": true,            \"rightToLeft\": true,            \"draggable\": true,            \"selectedAttraction\": 0.1,            \"parallax\" : 0,            \"friction\": 0.6        }'\n        >\n        \n\n\n  <div class=\"banner has-hover\" id=\"banner-195795044\">\n          <div class=\"banner-inner fill\">\n        <div class=\"banner-bg fill\" >\n                                    <div class=\"overlay\"><\/div>            \n                    <\/div>\n\t\t\n        <div class=\"banner-layers container\">\n            <div class=\"fill banner-link\"><\/div>            \n\n   <div id=\"text-box-1187401884\" class=\"text-box banner-layer x50 md-x50 lg-x50 y50 md-y50 lg-y50 res-text\">\n                                <div class=\"text-box-content text dark\">\n              \n              <div class=\"text-inner text-center\">\n                  \n\n  <div class=\"icon-box testimonial-box icon-box-center text-center\">\n                <div class=\"icon-box-img testimonial-image circle\" style=\"width: 112px\">\n                      <\/div>\n                <div class=\"icon-box-text p-last-0\">\n          <div class=\"star-rating\" role=\"img\" aria-label=\"Rated 5 out of 5\"><span style=\"width:100%\"><strong class=\"rating\"><\/strong><\/span><\/div>  \t\t\t\t<div class=\"testimonial-text line-height-small italic test_text first-reset last-reset is-italic\">\n            \n\n<p class=\"uppercase\"><strong>Claire<\/strong><\/p>\n<p>Magnifique, un travail de qualit\u00e9 merci beaucoup<\/p>\n\n          <\/div>\n          <div class=\"testimonial-meta pt-half\">\n             <strong class=\"testimonial-name test_name\"><\/strong>\n                          <span class=\"testimonial-company test_company\"><\/span>\n          <\/div>\n        <\/div>\n  <\/div>\n\n  \n\n              <\/div>\n           <\/div>\n                            \n<style>\n#text-box-1187401884 {\n  width: 76%;\n}\n#text-box-1187401884 .text-box-content {\n  font-size: 100%;\n}\n@media (min-width:550px) {\n  #text-box-1187401884 {\n    width: 56%;\n  }\n}\n<\/style>\n    <\/div>\n \n\n        <\/div>\n      <\/div>\n\n            \n<style>\n#banner-195795044 {\n  padding-top: 150px;\n}\n#banner-195795044 .overlay {\n  background-color: rgba(68, 96, 132, 0.83);\n}\n@media (min-width:550px) {\n  #banner-195795044 {\n    padding-top: 200px;\n  }\n}\n@media (min-width:850px) {\n  #banner-195795044 {\n    padding-top: 250px;\n  }\n}\n<\/style>\n  <\/div>\n\n\n\n  <div class=\"banner has-hover\" id=\"banner-673972380\">\n          <div class=\"banner-inner fill\">\n        <div class=\"banner-bg fill\" >\n                                    <div class=\"overlay\"><\/div>            \n                    <\/div>\n\t\t\n        <div class=\"banner-layers container\">\n            <div class=\"fill banner-link\"><\/div>            \n\n   <div id=\"text-box-463340856\" class=\"text-box banner-layer x50 md-x50 lg-x50 y50 md-y50 lg-y50 res-text\">\n                                <div class=\"text-box-content text dark\">\n              \n              <div class=\"text-inner text-center\">\n                  \n\n  <div class=\"icon-box testimonial-box icon-box-center text-center\">\n                <div class=\"icon-box-img testimonial-image circle\" style=\"width: 112px\">\n                      <\/div>\n                <div class=\"icon-box-text p-last-0\">\n          <div class=\"star-rating\" role=\"img\" aria-label=\"Rated 5 out of 5\"><span style=\"width:100%\"><strong class=\"rating\"><\/strong><\/span><\/div>  \t\t\t\t<div class=\"testimonial-text line-height-small italic test_text first-reset last-reset is-italic\">\n            \n\n<p class=\"uppercase\">SABRINA<\/p>\n<p>Je suis super contente de ma commande et super vite pour la livraison. Merci homedress \ud83d\ude0d!<\/p>\n\n          <\/div>\n          <div class=\"testimonial-meta pt-half\">\n             <strong class=\"testimonial-name test_name\"><\/strong>\n                          <span class=\"testimonial-company test_company\"><\/span>\n          <\/div>\n        <\/div>\n  <\/div>\n\n  \n\n              <\/div>\n           <\/div>\n                            \n<style>\n#text-box-463340856 {\n  width: 78%;\n}\n#text-box-463340856 .text-box-content {\n  font-size: 100%;\n}\n@media (min-width:550px) {\n  #text-box-463340856 {\n    width: 56%;\n  }\n}\n<\/style>\n    <\/div>\n \n\n        <\/div>\n      <\/div>\n\n            \n<style>\n#banner-673972380 {\n  padding-top: 150px;\n}\n#banner-673972380 .overlay {\n  background-color: rgba(68, 96, 132, 0.83);\n}\n@media (min-width:550px) {\n  #banner-673972380 {\n    padding-top: 200px;\n  }\n}\n@media (min-width:850px) {\n  #banner-673972380 {\n    padding-top: 250px;\n  }\n}\n<\/style>\n  <\/div>\n\n\n\n  <div class=\"banner has-hover\" id=\"banner-1347629219\">\n          <div class=\"banner-inner fill\">\n        <div class=\"banner-bg fill\" >\n                                    <div class=\"overlay\"><\/div>            \n                    <\/div>\n\t\t\n        <div class=\"banner-layers container\">\n            <div class=\"fill banner-link\"><\/div>            \n\n   <div id=\"text-box-1843457533\" class=\"text-box banner-layer x50 md-x50 lg-x50 y50 md-y50 lg-y50 res-text\">\n                                <div class=\"text-box-content text dark\">\n              \n              <div class=\"text-inner text-center\">\n                  \n\n  <div class=\"icon-box testimonial-box icon-box-center text-center\">\n                <div class=\"icon-box-img testimonial-image circle\" style=\"width: 112px\">\n                      <\/div>\n                <div class=\"icon-box-text p-last-0\">\n          <div class=\"star-rating\" role=\"img\" aria-label=\"Rated 5 out of 5\"><span style=\"width:100%\"><strong class=\"rating\"><\/strong><\/span><\/div>  \t\t\t\t<div class=\"testimonial-text line-height-small italic test_text first-reset last-reset is-italic\">\n            \n\n<p class=\"uppercase\"><strong>Deborah<\/strong><\/p>\n<p>Je suis extr\u00eamement satisfaite de ma commande et je recommande \u00e0 toutes ce magnifique peignoir<\/p>\n\n          <\/div>\n          <div class=\"testimonial-meta pt-half\">\n             <strong class=\"testimonial-name test_name\"><\/strong>\n                          <span class=\"testimonial-company test_company\"><\/span>\n          <\/div>\n        <\/div>\n  <\/div>\n\n  \n\n              <\/div>\n           <\/div>\n                            \n<style>\n#text-box-1843457533 {\n  width: 74%;\n}\n#text-box-1843457533 .text-box-content {\n  font-size: 100%;\n}\n@media (min-width:550px) {\n  #text-box-1843457533 {\n    width: 56%;\n  }\n}\n<\/style>\n    <\/div>\n \n\n        <\/div>\n      <\/div>\n\n            \n<style>\n#banner-1347629219 {\n  padding-top: 150px;\n  background-color: rgb(255, 255, 255);\n}\n#banner-1347629219 .overlay {\n  background-color: rgba(68, 96, 132, 0.83);\n}\n@media (min-width:550px) {\n  #banner-1347629219 {\n    padding-top: 200px;\n  }\n}\n@media (min-width:850px) {\n  #banner-1347629219 {\n    padding-top: 250px;\n  }\n}\n<\/style>\n  <\/div>\n\n\n\n     <\/div>\n\n     <div class=\"loading-spin dark large centered\"><\/div>\n\n\t<\/div>\n\n\n\n\t<section class=\"section\" id=\"section_2038133437\">\n\t\t<div class=\"section-bg fill\" >\n\t\t\t\t\t\t\t\t\t\n\t\t\t\n\n\t\t<\/div>\n\n\t\t\n\n\t\t<div class=\"section-content relative\">\n\t\t\t\n\n<div class=\"row row-large align-middle align-center\"  id=\"row-399230830\">\n\n\n\t<div id=\"col-541032256\" class=\"col medium-10 small-12 large-6\"  >\n\t\t\t\t<div class=\"col-inner\"  >\n\t\t\t\n\t\t\t\n\n\n  <div class=\"banner has-hover\" id=\"banner-1836565415\">\n          <div class=\"banner-inner fill\">\n        <div class=\"banner-bg fill\" >\n            <img loading=\"lazy\" decoding=\"async\" width=\"640\" height=\"800\" src=\"https:\/\/homedress.fr\/wp-content\/uploads\/2021\/05\/Image-de-collection-ensemble-peignoir-et-nuisette-640x800.jpeg\" class=\"bg attachment-large size-large\" alt=\"Collection peignoir personnalis\u00e9 grande taille\" \/>                                    \n                    <\/div>\n\t\t\n        <div class=\"banner-layers container\">\n            <div class=\"fill banner-link\"><\/div>            \n\n\n        <\/div>\n      <\/div>\n\n            \n<style>\n#banner-1836565415 {\n  padding-top: 300px;\n  background-color: rgb(255, 255, 255);\n}\n#banner-1836565415 .banner-bg img {\n  object-position: 8% 67%;\n}\n@media (min-width:550px) {\n  #banner-1836565415 {\n    padding-top: 500px;\n  }\n}\n@media (min-width:850px) {\n  #banner-1836565415 {\n    padding-top: 99.99%;\n  }\n}\n<\/style>\n  <\/div>\n\n\n\n\t\t<\/div>\n\t\t\t\t\t<\/div>\n\n\t\n\n\t<div id=\"col-48181571\" class=\"col medium-10 small-12 large-6\"  >\n\t\t\t\t<div class=\"col-inner\"  >\n\t\t\t\n\t\t\t\n\n\t<div id=\"text-3981039376\" class=\"text\">\n\t\t\n\n<h6>D\u00e9couvrir<\/h6>\n<h2><span style=\"color: #282828; font-size: 100%;\"><strong>Collection ensemble satin peignoir et nuisette assortie personnalis\u00e9s<\/strong><\/span><\/h2>\n\t\t\n<style>\n#text-3981039376 {\n  text-align: left;\n}\n<\/style>\n\t<\/div>\n\t\n<a class=\"button primary\" >\n\t\t<span>peignoir&amp;nuisette<\/span>\n\t<i class=\"icon-angle-right\" aria-hidden=\"true\"><\/i><\/a>\n\n\n\n\t\t<\/div>\n\t\t\t\t\t<\/div>\n\n\t\n\n<\/div>\n<div class=\"row row-large align-middle align-center\"  id=\"row-627180402\">\n\n\n\t<div id=\"col-1363656817\" class=\"col medium-10 small-12 large-6\"  >\n\t\t\t\t<div class=\"col-inner\"  >\n\t\t\t\n\t\t\t\n\n\t<div id=\"text-1349515121\" class=\"text\">\n\t\t\n\n<h6>D\u00e9couvrir<\/h6>\n<h2><span style=\"color: #282828; font-size: 100%;\"><strong>Collection peignoir satin personnalis\u00e9 taille unique pour toutes les silhouettes<\/strong><\/span><\/h2>\n\t\t\n<style>\n#text-1349515121 {\n  text-align: left;\n}\n<\/style>\n\t<\/div>\n\t\n<a class=\"button primary\" >\n\t\t<span>peignoir taille unique<\/span>\n\t<i class=\"icon-angle-right\" aria-hidden=\"true\"><\/i><\/a>\n\n\n\n\t\t<\/div>\n\t\t\t\t\t<\/div>\n\n\t\n\n\t<div id=\"col-280157330\" class=\"col medium-10 small-12 large-6 medium-col-first\"  >\n\t\t\t\t<div class=\"col-inner\"  >\n\t\t\t\n\t\t\t\n\n\n  <div class=\"banner has-hover\" id=\"banner-39745013\">\n          <div class=\"banner-inner fill\">\n        <div class=\"banner-bg fill\" >\n            <img loading=\"lazy\" decoding=\"async\" width=\"800\" height=\"800\" src=\"https:\/\/homedress.fr\/wp-content\/uploads\/2020\/06\/inspibymel1-800x800.jpg\" class=\"bg attachment-large size-large\" alt=\"Collection peignoir personnalis\u00e9 taille unique\" \/>                                    \n                    <\/div>\n\t\t\n        <div class=\"banner-layers container\">\n            <div class=\"fill banner-link\"><\/div>            \n\n\n        <\/div>\n      <\/div>\n\n            \n<style>\n#banner-39745013 {\n  padding-top: 300px;\n  background-color: rgb(255, 255, 255);\n}\n#banner-39745013 .banner-bg img {\n  object-position: 0% 100%;\n}\n@media (min-width:550px) {\n  #banner-39745013 {\n    padding-top: 500px;\n  }\n}\n@media (min-width:850px) {\n  #banner-39745013 {\n    padding-top: 99.99%;\n  }\n}\n<\/style>\n  <\/div>\n\n\n\n\t\t<\/div>\n\t\t\t\t\t<\/div>\n\n\t\n\n<\/div>\n<div class=\"row row-large align-middle align-center\"  id=\"row-720223608\">\n\n\n\t<div id=\"col-1633739844\" class=\"col medium-10 small-12 large-6\"  >\n\t\t\t\t<div class=\"col-inner\"  >\n\t\t\t\n\t\t\t\n\n\n  <div class=\"banner has-hover\" id=\"banner-1366341479\">\n          <div class=\"banner-inner fill\">\n        <div class=\"banner-bg fill\" >\n                                                \n                    <\/div>\n\t\t\n        <div class=\"banner-layers container\">\n            <div class=\"fill banner-link\"><\/div>            \n\n\n        <\/div>\n      <\/div>\n\n            \n<style>\n#banner-1366341479 {\n  padding-top: 300px;\n  background-color: rgb(255, 255, 255);\n}\n#banner-1366341479 .banner-bg img {\n  object-position: 17% 35%;\n}\n@media (min-width:550px) {\n  #banner-1366341479 {\n    padding-top: 500px;\n  }\n}\n@media (min-width:850px) {\n  #banner-1366341479 {\n    padding-top: 99.99%;\n  }\n}\n<\/style>\n  <\/div>\n\n\n\n\t\t<\/div>\n\t\t\t\t\t<\/div>\n\n\t\n\n\t<div id=\"col-796117916\" class=\"col medium-10 small-12 large-6\"  >\n\t\t\t\t<div class=\"col-inner\"  >\n\t\t\t\n\t\t\t\n\n\t<div id=\"text-1016471781\" class=\"text\">\n\t\t\n\n<h6>D\u00e9couvrir<\/h6>\n<h2><span style=\"color: #282828; font-size: 100%;\"><strong>Collection peignoir satin personnalis\u00e9 Grande Taille<\/strong><\/span><\/h2>\n\t\t\n<style>\n#text-1016471781 {\n  text-align: left;\n}\n<\/style>\n\t<\/div>\n\t\n<a class=\"button primary\" >\n\t\t<span>\u0631\u0648\u0628 \u062d\u0645\u0627\u0645 \u0628\u062d\u062c\u0645 \u0643\u0628\u064a\u0631<\/span>\n\t<i class=\"icon-angle-right\" aria-hidden=\"true\"><\/i><\/a>\n\n\n\n\t\t<\/div>\n\t\t\t\t\t<\/div>\n\n\t\n\n<\/div>\n<div class=\"text-center\"><div class=\"is-divider divider clearfix\" style=\"margin-top:0.3em;margin-bottom:0.3em;max-width:150px;height:1px;background-color:rgb(219, 183, 189);\"><\/div><\/div>\n\n\t<div id=\"gap-1247232183\" class=\"gap-element clearfix\" style=\"display:block; height:auto;\">\n\t\t\n<style>\n#gap-1247232183 {\n  padding-top: 30px;\n}\n<\/style>\n\t<\/div>\n\t\n\n<p class=\"alt-font\" style=\"text-align: center;\"><span style=\"color: #dbb7bd; font-size: 120%;\">Homedress est fi\u00e8re de pouvoir vous proposer toute une gamme de peignoirs satin personnalis\u00e9s accompagn\u00e9s de leur nuisette tout aussi personnalisable. Pour les silhouettes plus voluptueuses, vous avez la possibilit\u00e9 d&#8217;opter pour le kimono personnalis\u00e9 taille unique qui s&#8217;adapte \u00e0 toutes silhouettes, aussi bien pour les personnes au corps fit que celles aux formes plus g\u00e9n\u00e9reuses. La collection taille unique est id\u00e9ale pour offrir et que vous ne connaissez pas la taille de votre \u00eatre cher, \u00e9galement pour les femmes enceintes, les professionnels de beaut\u00e9 qui souhaite faire port\u00e9 un peignoir personnalis\u00e9 \u00e0 ses clientes ou encore pour des EVJF. Et nous n&#8217;oublions pas les peignoirs grandes tailles tant demand\u00e9s, \u00e0 la mati\u00e8re ultra douce et soyeuse.<\/span><\/p>\n\n\t\t<\/div>\n\n\t\t\n<style>\n#section_2038133437 {\n  padding-top: 80px;\n  padding-bottom: 80px;\n}\n<\/style>\n\t<\/section>","protected":false},"excerpt":{"rendered":"","protected":false},"author":11666,"featured_media":0,"parent":0,"menu_order":0,"comment_status":"closed","ping_status":"closed","template":"page-blank.php","meta":{"footnotes":""},"class_list":["post-8340","page","type-page","status-publish","hentry"],"_links":{"self":[{"href":"https:\/\/homedress.fr\/ar\/wp-json\/wp\/v2\/pages\/8340","targetHints":{"allow":["GET"]}}],"collection":[{"href":"https:\/\/homedress.fr\/ar\/wp-json\/wp\/v2\/pages"}],"about":[{"href":"https:\/\/homedress.fr\/ar\/wp-json\/wp\/v2\/types\/page"}],"author":[{"embeddable":true,"href":"https:\/\/homedress.fr\/ar\/wp-json\/wp\/v2\/users\/11666"}],"replies":[{"embeddable":true,"href":"https:\/\/homedress.fr\/ar\/wp-json\/wp\/v2\/comments?post=8340"}],"version-history":[{"count":0,"href":"https:\/\/homedress.fr\/ar\/wp-json\/wp\/v2\/pages\/8340\/revisions"}],"wp:attachment":[{"href":"https:\/\/homedress.fr\/ar\/wp-json\/wp\/v2\/media?parent=8340"}],"curies":[{"name":"wp","href":"https:\/\/api.w.org\/{rel}","templated":true}]}}