{"id":5637,"date":"2020-08-26T23:46:35","date_gmt":"2020-08-26T23:46:35","guid":{"rendered":"https:\/\/homedress.fr\/?post_type=product&#038;p=5637"},"modified":"2024-12-23T19:36:02","modified_gmt":"2024-12-23T19:36:02","slug":"peignoir-personnalise-bleu","status":"publish","type":"product","link":"https:\/\/homedress.fr\/ar\/product\/peignoir-personnalise-bleu\/","title":{"rendered":"\u0631\u062f\u0627\u0621 \u0633\u0627\u062a\u0627\u0646 \u0623\u0632\u0631\u0642 \u0645\u062e\u0635\u0635 + \u0646\u0648\u064a\u0632\u064a\u062a"},"content":{"rendered":"<div class=\"tabbed-content\">\n\t\t\t<h4 class=\"uppercase text-left\">\u0645\u062f\u0629 \u0627\u0644\u0625\u0646\u0634\u0627\u0621 \u0648\u0627\u0644\u062a\u0648\u0635\u064a\u0644<\/h4>\n\t\t\t<ul class=\"nav nav-line nav-uppercase nav-size-normal nav-left\" role=\"tablist\"><li id=\"tab-cr\u00e9ation\" class=\"tab active has-icon\" role=\"presentation\"><a href=\"#tab_cr\u00e9ation\" role=\"tab\" aria-selected=\"true\" aria-controls=\"tab_cr\u00e9ation\"><span>\u0625\u0628\u062f\u0627\u0639<\/span><\/a><\/li>\n<li id=\"tab-livraison\" class=\"tab has-icon\" role=\"presentation\"><a href=\"#tab_livraison\" tabindex=\"-1\" role=\"tab\" aria-selected=\"false\" aria-controls=\"tab_livraison\"><span>\u062a\u0648\u0635\u064a\u0644<\/span><\/a><\/li><\/ul><div class=\"tab-panels\"><div id=\"tab_cr\u00e9ation\" class=\"panel active entry-content\" role=\"tabpanel\" aria-labelledby=\"tab-cr\u00e9ation\"> <span style=\"color: #282828;\"><strong>: \u0622\u062c\u0644 \u0627\u0644\u0625\u0646\u062a\u0627\u062c<\/strong><\/span> \u0628\u064a\u0646 \u064a\u0648\u0645 \u0648\u0627\u062d\u062f \u0648\u062b\u0644\u0627\u062b\u0629 \u0623\u064a\u0627\u0645 \u0639\u0645\u0644 \u062d\u0633\u0628 \u062a\u062f\u0641\u0642 \u0627\u0644\u0637\u0644\u0628\u0627\u062a.<\/p>\n<p>\u062a\u062a\u0645 \u062c\u0645\u064a\u0639 \u0627\u0644\u0625\u0628\u062f\u0627\u0639\u0627\u062a \u0628\u0623\u064a\u062f\u064a \u062e\u0628\u0631\u0627\u0621 \u0641\u064a \u0641\u0631\u0646\u0633\u0627 <img loading=\"lazy\" decoding=\"async\" class=\"alignnone wp-image-3230\" src=\"https:\/\/homedress.fr\/wp-content\/uploads\/2019\/12\/Drapeau-france-coeur.jpg\" alt=\"\u0645\u0634\u062f \u0645\u062e\u0635\u0635 \u0641\u064a \u0641\u0631\u0646\u0633\u0627\" width=\"18\" height=\"18\" srcset=\"https:\/\/homedress.fr\/wp-content\/uploads\/2019\/12\/Drapeau-france-coeur.jpg 300w, https:\/\/homedress.fr\/wp-content\/uploads\/2019\/12\/Drapeau-france-coeur-100x100.jpg 100w, https:\/\/homedress.fr\/wp-content\/uploads\/2019\/12\/Drapeau-france-coeur-280x280.jpg 280w\" sizes=\"auto, (max-width: 18px) 100vw, 18px\" \/>. <\/div>\n<div id=\"tab_livraison\" class=\"panel entry-content\" role=\"tabpanel\" aria-labelledby=\"tab-livraison\">\n<p><img loading=\"lazy\" decoding=\"async\" class=\"alignnone wp-image-2764\" src=\"https:\/\/homedress.fr\/wp-content\/uploads\/2020\/01\/images-3.png\" alt=\"Exp\u00e9dition par colissimo\" width=\"46\" height=\"46\" srcset=\"https:\/\/homedress.fr\/wp-content\/uploads\/2020\/01\/images-3.png 225w, https:\/\/homedress.fr\/wp-content\/uploads\/2020\/01\/images-3-100x100.png 100w\" sizes=\"auto, (max-width: 46px) 100vw, 46px\" \/>\u00a0 2 \u00e0\u00a03 jours ouvr\u00e9s en suivi<br \/>\n<img loading=\"lazy\" decoding=\"async\" class=\"alignnone wp-image-2785\" style=\"color: #333333;\" src=\"https:\/\/homedress.fr\/wp-content\/uploads\/2020\/01\/images-1-5.png\" alt=\"Exp\u00e9dition avec mondial relay\" width=\"43\" height=\"43\" srcset=\"https:\/\/homedress.fr\/wp-content\/uploads\/2020\/01\/images-1-5.png 225w, https:\/\/homedress.fr\/wp-content\/uploads\/2020\/01\/images-1-5-100x100.png 100w\" sizes=\"auto, (max-width: 43px) 100vw, 43px\" \/>\u00a0 \u00a03 \u00e0 5 jours ouvr\u00e9s en suivi\u00a0 \u00a0 <\/div><\/div><\/div>\n<p>\u0644\u0623\u064a \u0637\u0644\u0628 \u062e\u0627\u0635\u060c \u0627\u062a\u0635\u0644 \u0628\u0646\u0627 \u0639\u0644\u0649 \u0633\u0646\u0627\u0628 \u0634\u0627\u062a \u0648\u0625\u0646\u0633\u062a\u063a\u0631\u0627\u0645 \u0623\u0648 \u0639\u0628\u0631 \u0627\u0644\u0628\u0631\u064a\u062f \u0627\u0644\u0625\u0644\u0643\u062a\u0631\u0648\u0646\u064a \u0639\u0644\u0649 <span style=\"color: #dbb7bd;\">contact@homedress.fr<\/span><\/p>","protected":false},"excerpt":{"rendered":"<div id=\"stack-3374266263\" class=\"stack stack-row justify-center items-stretch\">\n\t\t\n\n<a href=\"#guidedestaillesavecclaire\" class=\"button primary is-underline\" >\n\t\t<span>\u0642\u064a\u0627\u0633\u0627\u062a \u0627\u0644\u0639\u0627\u0631\u0636\u0629 \u0644\u062f\u064a\u0646\u0627<\/span>\n\t<\/a>\n\n\n\n\t\t\n<style>\n#stack-3374266263 > * {\n  --stack-gap: 0rem;\n}\n<\/style>\n\t<\/div>\n\t\n<p>\t<div id=\"guidedestaillesavecclaire\"\n\t     class=\"lightbox-by-id lightbox-content mfp-hide lightbox-white\"\n\t     style=\"max-width:600px ;padding:20px\">\n\t\t<\/p>\n<p style=\"text-align: left;\"><span style=\"color: #282828; font-size: 100%;\"><strong>\u064a\u0627\u0631\u062a\u062f\u064a \u0627\u0644\u0646\u0645\u0648\u0630\u062c \u0644\u062f\u064a\u0646\u0627 \u0645\u0642\u0627\u0633 36\/38<\/strong><\/span><\/p>\n<p style=\"text-align: left;\"><span style=\"font-size: 100%;\"><strong><img loading=\"lazy\" decoding=\"async\" class=\"\" src=\"https:\/\/homedress.fr\/wp-content\/uploads\/2021\/03\/Sans-titre-1-400x400.jpg\" width=\"45\" height=\"45\" \/><span style=\"color: #ddbbbb;\">\u0642\u064a\u0627\u0633\u0627\u062a \u0639\u0627\u0631\u0636\u062a\u0646\u0627:<\/span><\/strong><\/span><\/p>\n<p><span style=\"font-size: 100%;\">\u0639\u0631\u0636 \u0627\u0644\u0643\u062a\u0641: 36 \u0633\u0645 - \u0645\u062d\u064a\u0637 \u0627\u0644\u0635\u062f\u0631: 94 \u0633\u0645<\/span><\/p>\n<p><span style=\"font-size: 100%;\">\u0645\u062d\u064a\u0637 \u0627\u0644\u062e\u0635\u0631: 67 \u0633\u0645 - \u0627\u0644\u0637\u0648\u0644: 181 \u0633\u0645<\/span><\/p>\n<p>\u00a0<\/p>\n<p>\t<\/div>\n\t\n\t<\/p>\n\t<div id=\"stack-1295099703\" class=\"stack stack-row justify-center items-stretch\">\n\t\t\n\n<a href=\"#popup-retourclient-reseausociaux\" class=\"button primary\" style=\"border-radius:99px;\">\n\t\t<span>\u062a\u0642\u064a\u064a\u0645\u0627\u062a \u0627\u0644\u0639\u0645\u0644\u0627\u0621<\/span>\n\t<\/a>\n\n\n\n\t\t\n<style>\n#stack-1295099703 > * {\n  --stack-gap: 0rem;\n}\n<\/style>\n\t<\/div>\n\t\n<p>\t<div id=\"popup-retourclient-reseausociaux\"\n\t     class=\"lightbox-by-id lightbox-content mfp-hide lightbox-white\"\n\t     style=\"max-width:600px ;padding:0px\">\n\t\t<\/p>\n<p><iframe loading=\"lazy\" src=\"https:\/\/homedress.fr\/avis-clients\/\" style=\"border:3px #FFF none;\" name=\"myiFrame\" scrolling=\"yes\" frameborder=\"0\" marginheight=\"0px\" marginwidth=\"0px\" height=\"400px\" width=\"600px\" allowfullscreen><\/iframe><\/p>\n<p>\t<\/div>\n\t\n\t<\/p>\n<p>\u0642\u0645 \u0628\u062a\u062e\u0635\u064a\u0635 \u0642\u0645\u0627\u0634\u0643 \u0627\u0644\u062d\u0631\u064a\u0631\u064a \u0628\u0648\u0636\u0639 \u0627\u0633\u0645\u0643 \u0623\u0648 \u0646\u0635\u0643 \u0627\u0644\u0645\u0641\u0636\u0644 \u0639\u0644\u0649 \u0631\u062f\u0627\u0621 \u0627\u0644\u0627\u0633\u062a\u062d\u0645\u0627\u0645.<\/p>\n<p><span style=\"color: #ddbbbb; font-size: 100%;\"><strong>\u0645\u0644\u0627\u0628\u0633 \u0646\u0648\u0645 \u0645\u062a\u0646\u0627\u0633\u0642\u0629 \u0645\u062a\u0636\u0645\u0646\u0629!\u00a0<\/strong><\/span><\/p>","protected":false},"featured_media":19480,"template":"","meta":[],"product_brand":[],"product_cat":[15,76,114],"product_tag":[111,89,88,120],"class_list":{"0":"post-5637","1":"product","2":"type-product","3":"status-publish","4":"has-post-thumbnail","6":"product_cat-tousnosarticles-personnalises","7":"product_cat-peignoir-satin-personnalise","8":"product_cat-peignoir-nuisette","9":"product_tag-peignoir-personnalise","10":"product_tag-peignoir-satin","11":"product_tag-peignoir-satin-personnalise","12":"product_tag-peignoirpersonnalise","14":"first","15":"instock","16":"taxable","17":"shipping-taxable","18":"purchasable","19":"product-type-variable"},"exclude_global_add_ons":false,"addons":[{"name":"*\u0633\u062a\u0643\u0648\u0646 \u0627\u0644\u062d\u0631\u0641 \u0627\u0644\u0623\u0648\u0644 \u0645\u0646 \u0643\u0644 \u0643\u0644\u0645\u0629 \u0628\u062d\u0631\u0648\u0641 \u0643\u0628\u064a\u0631\u0629 (\u0628\u0627\u0633\u062a\u062b\u0646\u0627\u0621 \u0627\u0644\u0623\u062d\u0631\u0641 \u0627\u0644\u0623\u0648\u0644\u0649).","type":"heading","position":0,"required":false,"title_format":"label","default":"","description_enable":false,"description":"","placeholder_enable":false,"placeholder":"","display":"select","restrictions_type":"any_text","adjust_price":false,"price":"","price_type":"flat_fee","restrictions":false,"min":"0","max":"0","options":[],"id":1705394105},{"name":"\u062a\u062e\u0635\u064a\u0635 \u0631\u062f\u0627\u0621 \u0627\u0644\u062d\u0645\u0627\u0645 \u0627\u0644\u062e\u0627\u0635 \u0628\u064a (\u0639\u0644\u0649 \u0627\u0644\u0638\u0647\u0631)","type":"custom_text","position":1,"required":true,"title_format":"label","default":"","description_enable":false,"description":"","placeholder_enable":false,"placeholder":"","display":"select","restrictions_type":"any_text","adjust_price":false,"price":"","price_type":"flat_fee","restrictions":true,"min":"0","max":"14","options":[],"id":1705394106},{"name":"\u0627\u0644\u0633\u0637\u0631 \u0627\u0644\u062b\u0627\u0646\u064a \u0645\u0646 \u0627\u0644\u0646\u0635 (\u0627\u062e\u062a\u064a\u0627\u0631\u064a)","type":"custom_text","position":2,"required":false,"title_format":"label","default":"","description_enable":false,"description":"","placeholder_enable":false,"placeholder":"","display":"select","restrictions_type":"any_text","adjust_price":true,"price":"5","price_type":"flat_fee","restrictions":true,"min":"0","max":"14","options":[],"id":1705394107},{"name":"\u062a\u062e\u0635\u064a\u0635 \u0627\u0644\u062c\u0632\u0621 \u0627\u0644\u0623\u0645\u0627\u0645\u064a \u0645\u0646 \u0631\u062f\u0627\u0621 \u0627\u0644\u062d\u0645\u0627\u0645 (\u0627\u062e\u062a\u064a\u0627\u0631\u064a)","type":"custom_text","position":3,"required":false,"title_format":"label","default":"","description_enable":false,"description":"","placeholder_enable":false,"placeholder":"","display":"select","restrictions_type":"any_text","adjust_price":true,"price":"5","price_type":"flat_fee","restrictions":true,"min":"0","max":"12","options":[],"id":1705394108},{"name":"\u062a\u062e\u0635\u064a\u0635 \u062d\u0632\u0627\u0645\u064a (\u0627\u062e\u062a\u064a\u0627\u0631\u064a)","type":"custom_text","position":4,"required":false,"title_format":"label","default":"","description_enable":true,"description":"\u0639\u0627\u062f\u0629\u064b \u0645\u0627 \u064a\u0642\u0648\u0645 \u0627\u0644\u0639\u0645\u0644\u0627\u0621 \u0628\u0643\u062a\u0627\u0628\u0629 \u062a\u0627\u0631\u064a\u062e.","placeholder_enable":false,"placeholder":"","display":"select","restrictions_type":"any_text","adjust_price":true,"price":"5","price_type":"flat_fee","restrictions":false,"min":"0","max":"0","options":[],"id":1705394109},{"name":"\u062a\u062e\u0635\u064a\u0635 \u0627\u0644\u0646\u0645\u064a\u0633\u0629 \u0627\u0644\u062e\u0627\u0635\u0629 \u0628\u064a (\u0627\u062e\u062a\u064a\u0627\u0631\u064a)","type":"custom_text","position":5,"required":false,"title_format":"label","default":"","description_enable":true,"description":"\u062a\u062e\u0635\u064a\u0635 \u0639\u0644\u0649 \u0645\u0633\u062a\u0648\u0649 \u0627\u0644\u0635\u062f\u0631 \u0645\u0646 \u0627\u0644\u062c\u0647\u0629 \u0627\u0644\u064a\u0633\u0631\u0649.","placeholder_enable":false,"placeholder":"","display":"select","restrictions_type":"any_text","adjust_price":true,"price":"5","price_type":"flat_fee","restrictions":true,"min":"0","max":"12","options":[],"id":1705394110},{"name":"Couleur de l'\u00e9criture","type":"multiple_choice","position":6,"required":true,"title_format":"label","default":"","description_enable":false,"description":"","placeholder_enable":false,"placeholder":"","display":"images","restrictions_type":"any_text","adjust_price":false,"price":"","price_type":"flat_fee","restrictions":false,"min":"0","max":"0","options":[{"label":"Or paillet\u00e9","price":"","price_type":"flat_fee","image":1259,"visibility":true},{"label":"Argent paillet\u00e9","price":"","price_type":"flat_fee","image":1260,"visibility":true},{"label":"Noir paillet\u00e9","price":"","price_type":"flat_fee","image":1258,"visibility":true}],"id":1705394111},{"name":"\u0627\u0644\u0633\u0637\u0631 \u0627\u0644\u062b\u0627\u0646\u064a \u0645\u0646 \u0627\u0644\u0646\u0635 (\u0627\u062e\u062a\u064a\u0627\u0631\u064a)","type":"custom_text","position":0,"required":false,"title_format":"heading","default":"","description_enable":false,"description":"","placeholder_enable":false,"placeholder":"","display":"select","restrictions_type":"any_text","adjust_price":true,"price":"5","price_type":"flat_fee","restrictions":true,"min":"0","max":"16","options":[]},{"name":"Personnalisation du caraco","type":"custom_text","position":0,"required":true,"title_format":"heading","default":"","description_enable":false,"description":"","placeholder_enable":false,"placeholder":"","display":"select","restrictions_type":"any_text","adjust_price":false,"price":"","price_type":"flat_fee","restrictions":true,"min":"0","max":"12","options":[]},{"name":"Personnalisation du short (optionnel - inclus au tarif de base)","type":"custom_text","position":1,"required":false,"title_format":"heading","default":"","description_enable":false,"description":"","placeholder_enable":false,"placeholder":"","display":"select","restrictions_type":"any_text","adjust_price":false,"price":"","price_type":"flat_fee","restrictions":true,"min":"0","max":"12","options":[]},{"name":"Couleur de l'\u00e9criture","type":"multiple_choice","position":2,"required":true,"title_format":"heading","default":"","description_enable":false,"description":"","placeholder_enable":false,"placeholder":"","display":"images","restrictions_type":"any_text","adjust_price":false,"price":"","price_type":"flat_fee","restrictions":false,"min":"0","max":"0","options":[{"label":"Or paillet\u00e9","price":"","price_type":"flat_fee","image":1259,"visibility":true},{"label":"Noir paillet\u00e9","price":"","price_type":"flat_fee","image":1258,"visibility":true},{"label":"Rouge paillet\u00e9","price":"","price_type":"flat_fee","image":1257,"visibility":true},{"label":"Argent paillet\u00e9","price":"","price_type":"flat_fee","image":1260,"visibility":true},{"label":"Rose paillet\u00e9","price":"","price_type":"flat_fee","image":1261,"visibility":true},{"label":"Violet paillet\u00e9","price":"","price_type":"flat_fee","image":1262,"visibility":true}]},{"name":"*\u0633\u062a\u0643\u0648\u0646 \u0627\u0644\u062d\u0631\u0641 \u0627\u0644\u0623\u0648\u0644 \u0645\u0646 \u0643\u0644 \u0643\u0644\u0645\u0629 \u0628\u062d\u0631\u0648\u0641 \u0643\u0628\u064a\u0631\u0629 (\u0628\u0627\u0633\u062a\u062b\u0646\u0627\u0621 \u0627\u0644\u0623\u062d\u0631\u0641 \u0627\u0644\u0623\u0648\u0644\u0649).","type":"heading","position":0,"required":false,"title_format":"heading","default":"","description_enable":false,"description":"","placeholder_enable":false,"placeholder":"","display":"select","restrictions_type":"any_text","adjust_price":false,"price":"","price_type":"flat_fee","restrictions":false,"min":"0","max":"0","options":[],"id":1705393503},{"name":"\u062a\u062e\u0635\u064a\u0635 \u0631\u062f\u0627\u0621 \u0627\u0644\u062d\u0645\u0627\u0645 \u0627\u0644\u062e\u0627\u0635 \u0628\u064a (\u0639\u0644\u0649 \u0627\u0644\u0638\u0647\u0631)","type":"custom_text","position":1,"required":true,"title_format":"heading","default":"","description_enable":false,"description":"","placeholder_enable":false,"placeholder":"","display":"select","restrictions_type":"any_text","adjust_price":false,"price":"","price_type":"flat_fee","restrictions":true,"min":"0","max":"14","options":[],"id":1705393504},{"name":"\u0627\u0644\u0633\u0637\u0631 \u0627\u0644\u062b\u0627\u0646\u064a \u0645\u0646 \u0627\u0644\u0646\u0635 (\u0627\u062e\u062a\u064a\u0627\u0631\u064a)","type":"custom_text","position":2,"required":false,"title_format":"heading","default":"","description_enable":false,"description":"","placeholder_enable":false,"placeholder":"","display":"select","restrictions_type":"any_text","adjust_price":true,"price":"5","price_type":"flat_fee","restrictions":true,"min":"0","max":"14","options":[],"id":1705393505},{"name":"\u062a\u062e\u0635\u064a\u0635 \u0627\u0644\u062c\u0632\u0621 \u0627\u0644\u0623\u0645\u0627\u0645\u064a \u0645\u0646 \u0631\u062f\u0627\u0621 \u0627\u0644\u062d\u0645\u0627\u0645 (\u0627\u062e\u062a\u064a\u0627\u0631\u064a)","type":"custom_text","position":3,"required":false,"title_format":"heading","default":"","description_enable":false,"description":"","placeholder_enable":false,"placeholder":"","display":"select","restrictions_type":"any_text","adjust_price":true,"price":"5","price_type":"flat_fee","restrictions":true,"min":"0","max":"12","options":[],"id":1705393506},{"name":"\u062a\u062e\u0635\u064a\u0635 \u062d\u0632\u0627\u0645\u064a (\u0627\u062e\u062a\u064a\u0627\u0631\u064a)","type":"custom_text","position":4,"required":false,"title_format":"heading","default":"","description_enable":true,"description":"\u0639\u0627\u062f\u0629\u064b \u0645\u0627 \u064a\u0642\u0648\u0645 \u0627\u0644\u0639\u0645\u0644\u0627\u0621 \u0628\u0643\u062a\u0627\u0628\u0629 \u062a\u0627\u0631\u064a\u062e.","placeholder_enable":false,"placeholder":"","display":"select","restrictions_type":"any_text","adjust_price":true,"price":"5","price_type":"flat_fee","restrictions":false,"min":"0","max":"0","options":[],"id":1705393507},{"name":"Couleur de l'\u00e9criture","type":"multiple_choice","position":5,"required":true,"title_format":"heading","default":"","description_enable":false,"description":"","placeholder_enable":false,"placeholder":"","display":"images","restrictions_type":"any_text","adjust_price":false,"price":"","price_type":"flat_fee","restrictions":false,"min":"0","max":"0","options":[{"label":"Or paillet\u00e9","price":"","price_type":"flat_fee","image":1259,"visibility":true},{"label":"Noir paillet\u00e9","price":"","price_type":"flat_fee","image":1258,"visibility":true},{"label":"Argent paillet\u00e9","price":"","price_type":"flat_fee","image":1260,"visibility":true},{"label":"Rose paillet\u00e9","price":"","price_type":"flat_fee","image":1261,"visibility":true}],"id":1705393508},{"name":"Personnalisation sur le devant - OFFERT !","type":"custom_text","position":0,"required":true,"title_format":"heading","default":"","description_enable":true,"description":"*Les lettres seront rendues automatiquement en majuscule.\r\n*Nos clients choisissent d'inscrire leurs initiales.","placeholder_enable":false,"placeholder":"","display":"select","restrictions_type":"only_letters_numbers","adjust_price":false,"price":"","price_type":"flat_fee","restrictions":true,"min":"0","max":"2","options":[]},{"name":"\u062a\u062e\u0635\u064a\u0635 \u0639\u0644\u0649 \u0627\u0644\u0638\u0647\u0631 (\u0627\u062e\u062a\u064a\u0627\u0631\u064a)","type":"custom_text","position":1,"required":false,"title_format":"heading","default":"","description_enable":false,"description":"","placeholder_enable":false,"placeholder":"","display":"select","restrictions_type":"any_text","adjust_price":true,"price":"10","price_type":"flat_fee","restrictions":true,"min":"0","max":"17","options":[]},{"name":"\u0644\u0648\u0646 \u0627\u0644\u0643\u062a\u0627\u0628\u0629","type":"multiple_choice","position":2,"required":true,"title_format":"heading","default":"","description_enable":false,"description":"","placeholder_enable":false,"placeholder":"","display":"images","restrictions_type":"any_text","adjust_price":false,"price":"","price_type":"flat_fee","restrictions":false,"min":"0","max":"0","options":[{"label":"Or paillet\u00e9","price":"","price_type":"flat_fee","image":1259,"visibility":true},{"label":"Noir paillet\u00e9","price":"","price_type":"flat_fee","image":1258,"visibility":true},{"label":"Rouge paillet\u00e9","price":"","price_type":"flat_fee","image":1257,"visibility":true},{"label":"Argent paillet\u00e9","price":"","price_type":"flat_fee","image":1260,"visibility":true},{"label":"Rose paillet\u00e9","price":"","price_type":"flat_fee","image":1261,"visibility":true},{"label":"Violet paillet\u00e9","price":"","price_type":"flat_fee","image":1262,"visibility":true}]},{"name":"\"Team Bride\" est inscrit par d\u00e9faut au dos du peignoir comme sur la photo !","type":"heading","position":0,"required":false,"title_format":"heading","default":"","description_enable":false,"description":"","placeholder_enable":false,"placeholder":"","display":"select","restrictions_type":"any_text","adjust_price":false,"price":"","price_type":"flat_fee","restrictions":false,"min":"0","max":"0","options":[]},{"name":"\u062a\u062e\u0635\u064a\u0635 \u0627\u0644\u062c\u0632\u0621 \u0627\u0644\u0623\u0645\u0627\u0645\u064a \u0645\u0646 \u0631\u062f\u0627\u0621 \u0627\u0644\u062d\u0645\u0627\u0645 (\u0627\u062e\u062a\u064a\u0627\u0631\u064a)","type":"custom_text","position":1,"required":false,"title_format":"heading","default":"","description_enable":false,"description":"","placeholder_enable":false,"placeholder":"","display":"select","restrictions_type":"any_text","adjust_price":true,"price":"5","price_type":"flat_fee","restrictions":true,"min":"0","max":"12","options":[]},{"name":"\u062a\u062e\u0635\u064a\u0635 \u062d\u0632\u0627\u0645\u064a (\u0627\u062e\u062a\u064a\u0627\u0631\u064a)","type":"custom_text","position":2,"required":false,"title_format":"heading","default":"","description_enable":false,"description":"","placeholder_enable":false,"placeholder":"","display":"select","restrictions_type":"any_text","adjust_price":true,"price":"5","price_type":"flat_fee","restrictions":false,"min":"0","max":"0","options":[]},{"name":"Couleur de l'\u00e9criture","type":"multiple_choice","position":3,"required":true,"title_format":"heading","default":"","description_enable":false,"description":"","placeholder_enable":false,"placeholder":"","display":"images","restrictions_type":"any_text","adjust_price":false,"price":"","price_type":"flat_fee","restrictions":false,"min":"0","max":"0","options":[{"label":"Or paillet\u00e9","price":"","price_type":"flat_fee","image":1259,"visibility":true},{"label":"Argent paillet\u00e9","price":"","price_type":"flat_fee","image":1260,"visibility":true},{"label":"Rose paillet\u00e9","price":"","price_type":"flat_fee","image":1261,"visibility":true},{"label":"Violet paillet\u00e9","price":"","price_type":"flat_fee","image":1262,"visibility":true},{"label":"Rouge paillet\u00e9","price":"","price_type":"flat_fee","image":1257,"visibility":true},{"label":"Noir paillet\u00e9","price":"","price_type":"flat_fee","image":1258,"visibility":true}]}],"_links":{"self":[{"href":"https:\/\/homedress.fr\/ar\/wp-json\/wp\/v2\/product\/5637","targetHints":{"allow":["GET"]}}],"collection":[{"href":"https:\/\/homedress.fr\/ar\/wp-json\/wp\/v2\/product"}],"about":[{"href":"https:\/\/homedress.fr\/ar\/wp-json\/wp\/v2\/types\/product"}],"wp:featuredmedia":[{"embeddable":true,"href":"https:\/\/homedress.fr\/ar\/wp-json\/wp\/v2\/media\/19480"}],"wp:attachment":[{"href":"https:\/\/homedress.fr\/ar\/wp-json\/wp\/v2\/media?parent=5637"}],"wp:term":[{"taxonomy":"product_brand","embeddable":true,"href":"https:\/\/homedress.fr\/ar\/wp-json\/wp\/v2\/product_brand?post=5637"},{"taxonomy":"product_cat","embeddable":true,"href":"https:\/\/homedress.fr\/ar\/wp-json\/wp\/v2\/product_cat?post=5637"},{"taxonomy":"product_tag","embeddable":true,"href":"https:\/\/homedress.fr\/ar\/wp-json\/wp\/v2\/product_tag?post=5637"}],"curies":[{"name":"wp","href":"https:\/\/api.w.org\/{rel}","templated":true}]}}