{"id":22805,"date":"2024-01-19T08:33:37","date_gmt":"2024-01-19T08:33:37","guid":{"rendered":"https:\/\/homedress.fr\/carte-cadeau-2\/"},"modified":"2024-01-23T14:53:02","modified_gmt":"2024-01-23T14:53:02","slug":"carte-cadeau-2","status":"publish","type":"page","link":"https:\/\/homedress.fr\/de\/geschenkkarte-2\/","title":{"rendered":"Geschenkkarte"},"content":{"rendered":"<section class=\"section\" id=\"section_965765875\">\n\t\t<div class=\"section-bg fill\" >\n\t\t\t\t\t\t\t\t\t\n\t\t\t\n\n\t\t<\/div>\n\n\t\t\n\n\t\t<div class=\"section-content relative\">\n\t\t\t\n\n<div class=\"row\"  id=\"row-766960265\">\n\n\n\t<div id=\"col-154075049\" class=\"col small-12 large-12\"  >\n\t\t\t\t<div class=\"col-inner text-center\"  >\n\t\t\t\n\t\t\t\n\n\t<div id=\"gap-786403479\" class=\"gap-element clearfix\" style=\"display:block; height:auto;\">\n\t\t\n<style>\n#gap-786403479 {\n  padding-top: 30px;\n}\n<\/style>\n\t<\/div>\n\t\n\n  <div id=\"page-header-1719838966\" class=\"page-header-wrapper\">\n  <div class=\"page-title dark featured-title\">\n\n    \n    <div class=\"page-title-inner container align-center text-center flex-row-col medium-flex-wrap\" >\n              <div class=\"title-wrapper is-xlarge flex-col\">\n          <h1 class=\"entry-title mb-0\">\n            GESCHENKKARTE          <\/h1>\n        <\/div>\n                    <div class=\"title-content flex-col\">\n              <\/div>\n    <\/div>\n\n       <\/div>\n    <\/div>\n  \n\n\n\t\t<\/div>\n\t\t\t\t\t<\/div>\n\n\t\n\n<\/div>\n<div class=\"row\"  id=\"row-1774339672\">\n\n\n\t<div id=\"col-1070443239\" class=\"col medium-4 small-12 large-4\"  >\n\t\t\t\t<div class=\"col-inner\"  >\n\t\t\t\n\t\t\t\n\n\t<div class=\"box has-hover   has-hover box-text-bottom\" >\n\n\t\t<div class=\"box-image\" >\n\t\t\t<a href=\"#\" >\t\t\t<div class=\"image-zoom image-cover\" style=\"padding-top:100%;\">\n\t\t\t\t<img loading=\"lazy\" decoding=\"async\" width=\"500\" height=\"500\" src=\"https:\/\/homedress.fr\/wp-content\/uploads\/2024\/01\/Carte-cadeau-joyeux-anniversaire.jpg\" class=\"attachment- size-\" alt=\"\" srcset=\"https:\/\/homedress.fr\/wp-content\/uploads\/2024\/01\/Carte-cadeau-joyeux-anniversaire.jpg 500w, https:\/\/homedress.fr\/wp-content\/uploads\/2024\/01\/Carte-cadeau-joyeux-anniversaire-400x400.jpg 400w, https:\/\/homedress.fr\/wp-content\/uploads\/2024\/01\/Carte-cadeau-joyeux-anniversaire-280x280.jpg 280w, https:\/\/homedress.fr\/wp-content\/uploads\/2024\/01\/Carte-cadeau-joyeux-anniversaire-12x12.jpg 12w, https:\/\/homedress.fr\/wp-content\/uploads\/2024\/01\/Carte-cadeau-joyeux-anniversaire-100x100.jpg 100w\" sizes=\"auto, (max-width: 500px) 100vw, 500px\" \/>\t\t\t\t\t\t\t\t\t\t\t<\/div>\n\t\t\t<\/a>\t\t<\/div>\n\n\t\t<div class=\"box-text text-center\" >\n\t\t\t<div class=\"box-text-inner\">\n\t\t\t\t\n\n\t<div id=\"gap-486120048\" class=\"gap-element clearfix\" style=\"display:block; height:auto;\">\n\t\t\n<style>\n#gap-486120048 {\n  padding-top: 10px;\n}\n<\/style>\n\t<\/div>\n\t\n\n<a href=\"https:\/\/homedress.fr\/de\/product\/carte-cadeau-joyeux-anniversaire\/\" class=\"button secondary is-outline\" style=\"padding:5px 20px 5px 20px;\">\n\t\t<span>Alles Gute zum Geburtstag<\/span>\n\t<\/a>\n\n\n\n\t\t\t<\/div>\n\t\t<\/div>\n\t<\/div>\n\t\n\n\t\t<\/div>\n\t\t\t\t\t<\/div>\n\n\t\n\n\t<div id=\"col-1743739605\" class=\"col medium-4 small-12 large-4\"  >\n\t\t\t\t<div class=\"col-inner\"  >\n\t\t\t\n\t\t\t\n\n\t<div class=\"box has-hover   has-hover box-text-bottom\" >\n\n\t\t<div class=\"box-image\" >\n\t\t\t<a href=\"#\" >\t\t\t<div class=\"image-zoom image-cover\" style=\"padding-top:100%;\">\n\t\t\t\t<img loading=\"lazy\" decoding=\"async\" width=\"500\" height=\"500\" src=\"https:\/\/homedress.fr\/wp-content\/uploads\/2024\/01\/Carte-cadeau-je-taime-maman.jpg\" class=\"attachment- size-\" alt=\"\" srcset=\"https:\/\/homedress.fr\/wp-content\/uploads\/2024\/01\/Carte-cadeau-je-taime-maman.jpg 500w, https:\/\/homedress.fr\/wp-content\/uploads\/2024\/01\/Carte-cadeau-je-taime-maman-400x400.jpg 400w, https:\/\/homedress.fr\/wp-content\/uploads\/2024\/01\/Carte-cadeau-je-taime-maman-280x280.jpg 280w, https:\/\/homedress.fr\/wp-content\/uploads\/2024\/01\/Carte-cadeau-je-taime-maman-12x12.jpg 12w, https:\/\/homedress.fr\/wp-content\/uploads\/2024\/01\/Carte-cadeau-je-taime-maman-100x100.jpg 100w\" sizes=\"auto, (max-width: 500px) 100vw, 500px\" \/>\t\t\t\t\t\t\t\t\t\t\t<\/div>\n\t\t\t<\/a>\t\t<\/div>\n\n\t\t<div class=\"box-text text-center\" >\n\t\t\t<div class=\"box-text-inner\">\n\t\t\t\t\n\n\t<div id=\"gap-823780164\" class=\"gap-element clearfix\" style=\"display:block; height:auto;\">\n\t\t\n<style>\n#gap-823780164 {\n  padding-top: 10px;\n}\n<\/style>\n\t<\/div>\n\t\n\n<a href=\"https:\/\/homedress.fr\/de\/product\/carte-cadeau-maman\/\" class=\"button secondary is-outline\" style=\"padding:5px 20px 5px 20px;\">\n\t\t<span>Mama ich liebe dich<\/span>\n\t<\/a>\n\n\n\n\t\t\t<\/div>\n\t\t<\/div>\n\t<\/div>\n\t\n\n\t\t<\/div>\n\t\t\t\t\t<\/div>\n\n\t\n\n\t<div id=\"col-1788441249\" class=\"col medium-4 small-12 large-4\"  >\n\t\t\t\t<div class=\"col-inner\"  >\n\t\t\t\n\t\t\t\n\n\t<div class=\"box has-hover   has-hover box-text-bottom\" >\n\n\t\t<div class=\"box-image\" >\n\t\t\t<a href=\"#\" >\t\t\t<div class=\"image-zoom image-cover\" style=\"padding-top:100%;\">\n\t\t\t\t<img loading=\"lazy\" decoding=\"async\" width=\"500\" height=\"500\" src=\"https:\/\/homedress.fr\/wp-content\/uploads\/2024\/01\/love-gift-4.jpg\" class=\"attachment- size-\" alt=\"\" srcset=\"https:\/\/homedress.fr\/wp-content\/uploads\/2024\/01\/love-gift-4.jpg 500w, https:\/\/homedress.fr\/wp-content\/uploads\/2024\/01\/love-gift-4-400x400.jpg 400w, https:\/\/homedress.fr\/wp-content\/uploads\/2024\/01\/love-gift-4-280x280.jpg 280w, https:\/\/homedress.fr\/wp-content\/uploads\/2024\/01\/love-gift-4-12x12.jpg 12w, https:\/\/homedress.fr\/wp-content\/uploads\/2024\/01\/love-gift-4-100x100.jpg 100w\" sizes=\"auto, (max-width: 500px) 100vw, 500px\" \/>\t\t\t\t\t\t\t\t\t\t\t<\/div>\n\t\t\t<\/a>\t\t<\/div>\n\n\t\t<div class=\"box-text text-center\" >\n\t\t\t<div class=\"box-text-inner\">\n\t\t\t\t\n\n\t<div id=\"gap-1485991211\" class=\"gap-element clearfix\" style=\"display:block; height:auto;\">\n\t\t\n<style>\n#gap-1485991211 {\n  padding-top: 10px;\n}\n<\/style>\n\t<\/div>\n\t\n\n<a href=\"https:\/\/homedress.fr\/de\/product\/carte-cadeau-je-taime\/\" class=\"button secondary is-outline\" style=\"padding:5px 20px 5px 20px;\">\n\t\t<span>Erkl\u00e4rung<\/span>\n\t<\/a>\n\n\n\n\t\t\t<\/div>\n\t\t<\/div>\n\t<\/div>\n\t\n\n\t\t<\/div>\n\t\t\t\t\t<\/div>\n\n\t\n\n<\/div>\n<div class=\"text-center\"><div class=\"is-divider divider clearfix\" ><\/div><\/div>\n\n<p style=\"text-align: center;\"><span style=\"color: #ddbbbb;\">Tauchen Sie mit unserer neuen HomeDress-Geschenkkartenkollektion in den Luxus der Intimit\u00e4t ein, ein Erlebnis, das der Kunst des pers\u00f6nlichen Komforts gewidmet ist. Verschenken Sie Eleganz im Alltag mit unseren pr\u00e4chtigen Badem\u00e4nteln und Pyjamas, die in sorgf\u00e4ltiger Handarbeit gefertigt wurden und sich dadurch unvergleichlich weich anf\u00fchlen. Jedes St\u00fcck ist eine Leinwand, die bereit ist, individuell gestaltet zu werden und Ihrem Entspannungsmoment eine einzigartige Note zu verleihen.<\/span><\/p>\n<p style=\"text-align: center;\"><span style=\"color: #ddbbbb;\">Erkunden Sie unsere Auswahl an personalisierten Accessoires, um Ihr Cocooning-Erlebnis zu vervollst\u00e4ndigen. Von zarten Monogrammen bis hin zu ma\u00dfgeschneiderten Details - jedes Element ist darauf ausgerichtet, eine warme und pers\u00f6nliche Atmosph\u00e4re in Ihrem Zuhause zu schaffen.<\/span><\/p>\n<p style=\"text-align: center;\"><span style=\"color: #ddbbbb;\">Entscheiden Sie sich mit den Geschenkkarten von HomeDress f\u00fcr Raffinesse und Individualit\u00e4t. Schenken Sie Ihren Lieben die Gelegenheit, sich mit Komfort und Stil zu umgeben, der ganz auf ihren Geschmack abgestimmt ist. Definieren Sie das Wohlbefinden zu Hause mit unseren einzigartigen Kreationen neu. Entdecken Sie die Harmonie zwischen Individualit\u00e4t und Luxus, nur bei HomeDress.<\/span><\/p>\n\n\t\t<\/div>\n\n\t\t\n<style>\n#section_965765875 {\n  padding-top: 30px;\n  padding-bottom: 30px;\n}\n@media (min-width:850px) {\n  #section_965765875 {\n    padding-top: 50px;\n    padding-bottom: 50px;\n  }\n}\n<\/style>\n\t<\/section>","protected":false},"excerpt":{"rendered":"","protected":false},"author":11666,"featured_media":0,"parent":0,"menu_order":0,"comment_status":"closed","ping_status":"closed","template":"","meta":{"footnotes":""},"class_list":["post-22805","page","type-page","status-publish","hentry"],"_links":{"self":[{"href":"https:\/\/homedress.fr\/de\/wp-json\/wp\/v2\/pages\/22805","targetHints":{"allow":["GET"]}}],"collection":[{"href":"https:\/\/homedress.fr\/de\/wp-json\/wp\/v2\/pages"}],"about":[{"href":"https:\/\/homedress.fr\/de\/wp-json\/wp\/v2\/types\/page"}],"author":[{"embeddable":true,"href":"https:\/\/homedress.fr\/de\/wp-json\/wp\/v2\/users\/11666"}],"replies":[{"embeddable":true,"href":"https:\/\/homedress.fr\/de\/wp-json\/wp\/v2\/comments?post=22805"}],"version-history":[{"count":9,"href":"https:\/\/homedress.fr\/de\/wp-json\/wp\/v2\/pages\/22805\/revisions"}],"predecessor-version":[{"id":22961,"href":"https:\/\/homedress.fr\/de\/wp-json\/wp\/v2\/pages\/22805\/revisions\/22961"}],"wp:attachment":[{"href":"https:\/\/homedress.fr\/de\/wp-json\/wp\/v2\/media?parent=22805"}],"curies":[{"name":"wp","href":"https:\/\/api.w.org\/{rel}","templated":true}]}}