{"id":2331,"date":"2020-01-07T21:46:58","date_gmt":"2020-01-07T21:46:58","guid":{"rendered":"https:\/\/homedress.fr\/?page_id=2331"},"modified":"2026-02-22T16:52:22","modified_gmt":"2026-02-22T16:52:22","slug":"cgv","status":"publish","type":"page","link":"https:\/\/homedress.fr\/de\/cgv\/","title":{"rendered":"Allgemeine Gesch\u00e4ftsbedingungen"},"content":{"rendered":"\n\n\n<div class=\"cgv-container\" style=\"max-width: 1000px; margin: 0 auto; padding: 20px; line-height: 1.6; color: #333; text-align: justify;\">\n    <h1 style=\"border-bottom: 2px solid #eee; padding-bottom: 10px; color: #2c3e50;\">CONDITIONS G\u00c9N\u00c9RALES DE VENTE ET D\u2019UTILISATION<\/h1>\n\n    <h2 style=\"color: #d4af37; border-bottom: 1px solid #eee; padding-bottom: 5px;\">VUE D\u2019ENSEMBLE<\/h2>\n    <p>Ce site web est exploit\u00e9 par la soci\u00e9t\u00e9 <strong>JDA PRO AI LLC<\/strong>. Sur ce site, les termes \u00ab nous \u00bb, \u00ab notre \u00bb et \u00ab nos \u00bb font r\u00e9f\u00e9rence \u00e0 JDA PRO AI LLC. Nous proposons ce site web, y compris toutes les informations, tous les outils et tous les services qui y sont disponibles pour vous, l\u2019utilisateur, sous r\u00e9serve de votre acceptation de l\u2019ensemble des modalit\u00e9s, conditions, politiques et avis \u00e9nonc\u00e9s ici.<\/p>\n    <p>En visitant ce site et\/ou en achetant un de nos produits, vous vous engagez dans notre \u00ab Service \u00bb et acceptez d\u2019\u00eatre li\u00e9 par les modalit\u00e9s suivantes, y compris les politiques additionnelles accessibles par hyperlien.<\/p>\n\n    <div style=\"background: #f9f9f9; padding: 15px; border-radius: 5px; margin: 20px 0; border-left: 5px solid #d4af37;\">\n        <strong>Informations L\u00e9gales :<\/strong><br>\n        Soci\u00e9t\u00e9 : JDA PRO AI LLC [cite: 22]<br>\n        Num\u00e9ro d&#8217;enregistrement : File #3135914 (New Mexico, USA) [cite: 12]<br>\n        Si\u00e8ge social : 1209 MOUNTAIN ROAD PL NE STE R, ALBUQUERQUE, NM 87110, USA [cite: 27, 28]<br>\n        H\u00e9bergement : Hostinger\n    <\/div>\n\n    <h2 style=\"color: #d4af37;\">ARTICLE 1 \u2013 CONDITIONS D\u2019UTILISATION DE LA BOUTIQUE<\/h2>\n    <p>En acceptant ces Conditions, vous d\u00e9clarez que vous avez atteint l\u2019\u00e2ge de la majorit\u00e9 dans votre pays, \u00c9tat ou province de r\u00e9sidence. L\u2019utilisation de nos produits \u00e0 toute fin ill\u00e9gale ou non autoris\u00e9e est interdite. Vous ne devez pas transmettre de vers, de virus ou tout autre code de nature destructive.<\/p>\n\n    <h2 style=\"color: #d4af37;\">ARTICLE 2 \u2013 CONDITIONS G\u00c9N\u00c9RALES<\/h2>\n    <p>Nous nous r\u00e9servons le droit de refuser l\u2019acc\u00e8s aux services \u00e0 toute personne pour quelque raison que ce soit. Vous comprenez que votre contenu (\u00e0 l\u2019exclusion de vos informations de carte de cr\u00e9dit) pourrait \u00eatre transf\u00e9r\u00e9 de mani\u00e8re non chiffr\u00e9e sur divers r\u00e9seaux. Les informations de carte de cr\u00e9dit sont toujours chiffr\u00e9es pendant la transmission.<\/p>\n\n    <h2 style=\"color: #d4af37;\">ARTICLE 3 \u2013 EXACTITUDE DES INFORMATIONS<\/h2>\n    <p>Nous ne sommes pas responsables si les informations disponibles sur ce site ne sont pas exactes, compl\u00e8tes ou \u00e0 jour. Le contenu de ce site est fourni \u00e0 titre indicatif uniquement et ne devrait pas constituer votre seule source d\u2019information pour prendre des d\u00e9cisions.<\/p>\n\n    <h2 style=\"color: #d4af37;\">ARTICLE 4 \u2013 MODIFICATIONS DU SERVICE ET DES PRIX<\/h2>\n    <p>Les prix de nos produits peuvent \u00eatre modifi\u00e9s sans pr\u00e9avis. Nous nous r\u00e9servons le droit \u00e0 tout moment de modifier ou d\u2019interrompre le Service sans pr\u00e9avis.<\/p>\n\n    <h2 style=\"color: #d4af37;\">ARTICLE 5 \u2013 PRODUITS OU SERVICES<\/h2>\n    <p>Certains produits ou services peuvent \u00eatre exclusivement disponibles en ligne. Nous avons fait de notre mieux pour afficher aussi clairement que possible les couleurs et images de nos produits. Nous nous r\u00e9servons le droit de limiter les ventes de nos produits \u00e0 toute personne ou r\u00e9gion g\u00e9ographique.<\/p>\n\n    <h2 style=\"color: #d4af37;\">ARTICLE 6 \u2013 EXACTITUDE DE LA FACTURATION<\/h2>\n    <p>Nous nous r\u00e9servons le droit de refuser toute commande que vous passez. Nous pourrions, \u00e0 notre seule discr\u00e9tion, r\u00e9duire ou annuler les quantit\u00e9s achet\u00e9es par personne ou par foyer. Vous acceptez de fournir des informations de commande et de compte \u00e0 jour et exactes.<\/p>\n\n    <h2 style=\"color: #d4af37;\">ARTICLE 7 \u2013 LIENS DE TIERS<\/h2>\n    <p>Certains contenus disponibles pourraient inclure des \u00e9l\u00e9ments provenant de tierces parties. Les liens provenant de tierces parties sur ce site pourraient vous rediriger vers des sites web tiers qui ne sont pas affili\u00e9s \u00e0 nous.<\/p>\n\n    <h2 style=\"color: #d4af37;\">ARTICLE 8 \u2013 RENSEIGNEMENTS PERSONNELS<\/h2>\n    <p>La soumission de vos renseignements personnels sur notre boutique est r\u00e9gie par notre Politique de Confidentialit\u00e9.<\/p>\n\n    <h2 style=\"color: #d4af37;\">ARTICLE 9 \u2013 EXCLUSION DE GARANTIES ET LIMITATION DE RESPONSABILIT\u00c9<\/h2>\n    <ul style=\"background: #fff5f5; padding: 20px; border-radius: 5px; list-style-type: none; border: 1px solid #feb2b2;\">\n        <li>\u2022 Nos produits ne sont pas remboursables lorsqu\u2019ils sont en production.<\/li>\n        <li>\u2022 Le remboursement n&#8217;est possible qu&#8217;en cas de d\u00e9faut de production justifi\u00e9 \u00e0 la r\u00e9ception.<\/li>\n        <li>\u2022 Aucun remboursement ne sera accord\u00e9 si le d\u00e9lai d\u00e9passe 30 jours apr\u00e8s la r\u00e9ception.<\/li>\n        <li>\u2022 Les produits sold\u00e9s ou d\u00e9t\u00e9rior\u00e9s apr\u00e8s avoir \u00e9t\u00e9 port\u00e9s ne sont pas remboursables.<\/li>\n        <li>\u2022 En cas de non-retrait en point relais\/pick-up, la commande n&#8217;est pas remboursable. La r\u00e9exp\u00e9dition sera factur\u00e9e au tarif en vigueur.<\/li>\n    <\/ul>\n    <p>JDA PRO AI LLC ne garantit pas que votre utilisation du Service sera ininterrompue ou sans erreur. En aucun cas notre soci\u00e9t\u00e9, nos directeurs ou employ\u00e9s ne peuvent \u00eatre tenus responsables de dommages directs ou indirects r\u00e9sultant de l&#8217;utilisation du service.<\/p>\n\n    <h2 style=\"color: #d4af37;\">ARTICLE 10 \u2013 INDEMNISATION<\/h2>\n    <p>Vous acceptez d\u2019indemniser et de prot\u00e9ger JDA PRO AI LLC quant \u00e0 toute r\u00e9clamation ou demande faite par une tierce partie d\u00e9coulant de votre violation de ces Conditions.<\/p>\n\n    <h2 style=\"color: #d4af37;\">ARTICLE 11 \u2013 DISSOCIABILIT\u00c9 ET R\u00c9SILIATION<\/h2>\n    <p>Si une disposition est jug\u00e9e ill\u00e9gale ou inapplicable, elle sera consid\u00e9r\u00e9e comme dissoci\u00e9e, n&#8217;affectant pas la validit\u00e9 des autres dispositions.<\/p>\n\n    <h2 style=\"color: #d4af37;\">ARTICLE 12 \u2013 LOI APPLICABLE<\/h2>\n    <p>Ces Conditions G\u00e9n\u00e9rales de Vente et d\u2019Utilisation sont r\u00e9gies et interpr\u00e9t\u00e9es en vertu des lois de l\u2019\u00c9tat du <strong>Nouveau-Mexique, USA<\/strong>, conform\u00e9ment au <em>Limited Liability Company Act<\/em>. Toute action l\u00e9gale devra \u00eatre port\u00e9e devant les instances comp\u00e9tentes de cette juridiction.<\/p>\n\n    <h2 style=\"color: #d4af37;\">ARTICLE 13 \u2013 COORDONN\u00c9ES<\/h2>\n    <p>Les questions concernant les Conditions G\u00e9n\u00e9rales de Vente et d\u2019Utilisation devraient nous \u00eatre envoy\u00e9es \u00e0 <strong>contact@homedress.fr<\/strong>.<\/p>\n\n    <div style=\"text-align: center; margin-top: 50px; padding-top: 20px; border-top: 1px solid #eee; font-size: 0.85em; color: #777;\">\n        \u00a9 2026 JDA PRO AI LLC. Enregistr\u00e9e au Nouveau-Mexique (USA). [cite: 12, 22]<br>\n        1209 MOUNTAIN ROAD PL NE STE R, ALBUQUERQUE, NM 87110. [cite: 27, 28]\n    <\/div>\n<\/div>\n\n\n","protected":false},"excerpt":{"rendered":"","protected":false},"author":11666,"featured_media":0,"parent":0,"menu_order":0,"comment_status":"closed","ping_status":"closed","template":"","meta":{"footnotes":""},"class_list":["post-2331","page","type-page","status-publish","hentry"],"_links":{"self":[{"href":"https:\/\/homedress.fr\/de\/wp-json\/wp\/v2\/pages\/2331","targetHints":{"allow":["GET"]}}],"collection":[{"href":"https:\/\/homedress.fr\/de\/wp-json\/wp\/v2\/pages"}],"about":[{"href":"https:\/\/homedress.fr\/de\/wp-json\/wp\/v2\/types\/page"}],"author":[{"embeddable":true,"href":"https:\/\/homedress.fr\/de\/wp-json\/wp\/v2\/users\/11666"}],"replies":[{"embeddable":true,"href":"https:\/\/homedress.fr\/de\/wp-json\/wp\/v2\/comments?post=2331"}],"version-history":[{"count":13,"href":"https:\/\/homedress.fr\/de\/wp-json\/wp\/v2\/pages\/2331\/revisions"}],"predecessor-version":[{"id":23450,"href":"https:\/\/homedress.fr\/de\/wp-json\/wp\/v2\/pages\/2331\/revisions\/23450"}],"wp:attachment":[{"href":"https:\/\/homedress.fr\/de\/wp-json\/wp\/v2\/media?parent=2331"}],"curies":[{"name":"wp","href":"https:\/\/api.w.org\/{rel}","templated":true}]}}