{"id":3791,"date":"2020-02-11T22:45:39","date_gmt":"2020-02-11T22:45:39","guid":{"rendered":"https:\/\/homedress.fr\/?page_id=3791"},"modified":"2020-02-11T22:46:35","modified_gmt":"2020-02-11T22:46:35","slug":"guide-des-tailles-2","status":"publish","type":"page","link":"https:\/\/homedress.fr\/de\/grosenfuhrer-2\/","title":{"rendered":"Gr\u00f6\u00dfenratgeber"},"content":{"rendered":"<div id=\"gap-369072917\" class=\"gap-element clearfix\" style=\"display:block; height:auto;\">\n\t\t\n<style>\n#gap-369072917 {\n  padding-top: 30px;\n}\n<\/style>\n\t<\/div>\n\t\r\n\r\n<div class=\"container section-title-container\" ><h3 class=\"section-title section-title-center\"><b aria-hidden=\"true\"><\/b><span class=\"section-title-main\" >Gr\u00f6\u00dfenratgeber f\u00fcr Bademantel und Camisole<\/span><b aria-hidden=\"true\"><\/b><\/h3><\/div>\r\n\r\n<span style=\"color: #ed1c24;\"><span style=\"color: #50b848;\">Diese Gr\u00f6\u00dfentabelle entspricht genau dem, was wir anbieten. Bitte orientieren Sie sich daran, bevor Sie Ihre Wahl treffen.<\/span>\u00a0<\/span>\r\n<div class=\"size-guide\">\r\n<table class=\"size-guide-table\" style=\"height: 133px;\" width=\"526\">\r\n<thead>\r\n<tr>\r\n<th class=\"tooltip\" title=\"Gr\u00f6\u00dfe\">Gr\u00f6\u00dfe<\/th>\r\n<th class=\"tooltip\" title=\"Brustbreite\">Brustbreite (cm)<\/th>\r\n<th class=\"tooltip\" title=\"K\u00f6rperl\u00e4nge\">Gr\u00f6\u00dfe Europa<\/th>\r\n<\/tr>\r\n<\/thead>\r\n<tbody>\r\n<tr>\r\n<td style=\"text-align: center;\">S\/M<\/td>\r\n<td style=\"text-align: center;\">122<\/td>\r\n<td style=\"text-align: center;\">34\/36<\/td>\r\n<\/tr>\r\n<tr>\r\n<td style=\"text-align: center;\">L<\/td>\r\n<td style=\"text-align: center;\">124<\/td>\r\n<td style=\"text-align: center;\">38<\/td>\r\n<\/tr>\r\n<tr>\r\n<td style=\"text-align: center;\">XL<\/td>\r\n<td style=\"text-align: center;\">126<\/td>\r\n<td style=\"text-align: center;\">40<\/td>\r\n<\/tr>\r\n<\/tbody>\r\n<\/table>\r\n<!-- \/.size-guide-table -->\r\n\r\n<\/div>\r\n<!-- \/.size-guide -->\r\n\r\n\t<div id=\"gap-2116942427\" class=\"gap-element clearfix\" style=\"display:block; height:auto;\">\n\t\t\n<style>\n#gap-2116942427 {\n  padding-top: 30px;\n}\n<\/style>\n\t<\/div>\n\t\r\n<p style=\"text-align: center;\"><\/p>","protected":false},"excerpt":{"rendered":"","protected":false},"author":11666,"featured_media":0,"parent":0,"menu_order":0,"comment_status":"closed","ping_status":"closed","template":"","meta":{"footnotes":""},"class_list":["post-3791","page","type-page","status-publish","hentry"],"_links":{"self":[{"href":"https:\/\/homedress.fr\/de\/wp-json\/wp\/v2\/pages\/3791","targetHints":{"allow":["GET"]}}],"collection":[{"href":"https:\/\/homedress.fr\/de\/wp-json\/wp\/v2\/pages"}],"about":[{"href":"https:\/\/homedress.fr\/de\/wp-json\/wp\/v2\/types\/page"}],"author":[{"embeddable":true,"href":"https:\/\/homedress.fr\/de\/wp-json\/wp\/v2\/users\/11666"}],"replies":[{"embeddable":true,"href":"https:\/\/homedress.fr\/de\/wp-json\/wp\/v2\/comments?post=3791"}],"version-history":[{"count":0,"href":"https:\/\/homedress.fr\/de\/wp-json\/wp\/v2\/pages\/3791\/revisions"}],"wp:attachment":[{"href":"https:\/\/homedress.fr\/de\/wp-json\/wp\/v2\/media?parent=3791"}],"curies":[{"name":"wp","href":"https:\/\/api.w.org\/{rel}","templated":true}]}}