{"id":6452,"date":"2020-11-11T20:19:32","date_gmt":"2020-11-11T20:19:32","guid":{"rendered":"https:\/\/homedress.fr\/?page_id=6452"},"modified":"2020-11-11T21:07:02","modified_gmt":"2020-11-11T21:07:02","slug":"revendeurs-partenaires","status":"publish","type":"page","link":"https:\/\/homedress.fr\/de\/revendeurs-partenaires\/","title":{"rendered":"Wiederverk\u00e4ufer &amp; Partner"},"content":{"rendered":"\n<h1 class=\"alt-font\" style=\"text-align: center;\"><span style=\"font-size: 150%;\"><strong><span style=\"color: #ddbbbb;\">Revendeurs &amp; Partenaires<\/span><\/strong><\/span><\/h1>\n<p>Vous \u00eates un professionnel, nos produits vous int\u00e9resse et vous voudriez les proposer \u00e0 vos clients? Laissez nous vos coordonn\u00e9es nous vous recontacterons le plus rapidement possible pour en parler.<\/p>\n\n\t<section class=\"section\" id=\"section_1098558502\">\n\t\t<div class=\"section-bg fill\" >\n\t\t\t\t\t\t\t\t\t\n\t\t\t\n\n\t\t<\/div>\n\n\t\t\n\n\t\t<div class=\"section-content relative\">\n\t\t\t\n\n\t<div id=\"gap-857468443\" class=\"gap-element clearfix\" style=\"display:block; height:auto;\">\n\t\t\n<style>\n#gap-857468443 {\n  padding-top: 30px;\n}\n<\/style>\n\t<\/div>\n\t\n\n<div class=\"row\"  id=\"row-32034190\">\n\n\n\t<div id=\"col-834255380\" class=\"col medium-6 small-12 large-6\"  >\n\t\t\t\t<div class=\"col-inner\"  >\n\t\t\t\n\t\t\t\n\n\n  <div class=\"banner has-hover\" id=\"banner-166010376\">\n          <div class=\"banner-inner fill\">\n        <div class=\"banner-bg fill\" >\n            <img decoding=\"async\" width=\"1020\" height=\"680\" data-src=\"https:\/\/homedress.fr\/wp-content\/uploads\/2020\/02\/boitecadeauficheproduit-1200x800.jpeg\" class=\"bg attachment-large size-large lazyload\" alt=\"boitecadeauficheproduit\" src=\"data:image\/svg+xml;base64,PHN2ZyB3aWR0aD0iMSIgaGVpZ2h0PSIxIiB4bWxucz0iaHR0cDovL3d3dy53My5vcmcvMjAwMC9zdmciPjwvc3ZnPg==\" style=\"--smush-placeholder-width: 1020px; --smush-placeholder-aspect-ratio: 1020\/680;\" \/>                                    \n                    <\/div>\n\t\t\n        <div class=\"banner-layers container\">\n            <div class=\"fill banner-link\"><\/div>            \n\n\n        <\/div>\n      <\/div>\n\n            \n<style>\n#banner-166010376 {\n  padding-top: 280px;\n}\n@media (min-width:550px) {\n  #banner-166010376 {\n    padding-top: 600px;\n  }\n}\n<\/style>\n  <\/div>\n\n\n\n\t\t<\/div>\n\t\t\t\t\t<\/div>\n\n\t\n\n\t<div id=\"col-1445830801\" class=\"col medium-6 small-11 large-6\"  >\n\t\t\t\t<div class=\"col-inner\"  >\n\t\t\t\n\t\t\t\n\n\t<div id=\"gap-19887763\" class=\"gap-element clearfix\" style=\"display:block; height:auto;\">\n\t\t\n<style>\n#gap-19887763 {\n  padding-top: 15px;\n}\n<\/style>\n\t<\/div>\n\t\n\n\t<div id=\"gap-551641645\" class=\"gap-element clearfix\" style=\"display:block; height:auto;\">\n\t\t\n<style>\n#gap-551641645 {\n  padding-top: 15px;\n}\n<\/style>\n\t<\/div>\n\t\n\n<h1 class=\"uppercase\">Faites votre demande\u00a0<\/h1>\n<p><span style=\"font-size: 80%;\">Nous vous recontacterons tr\u00e8s vite !<\/span><\/p>\n\t<div id=\"gap-945940834\" class=\"gap-element clearfix\" style=\"display:block; height:auto;\">\n\t\t\n<style>\n#gap-945940834 {\n  padding-top: 10px;\n}\n<\/style>\n\t<\/div>\n\t\n\n[contact-form-7 id=&#8221;6457&#8243;]\n\n\n\t\t<\/div>\n\t\t\t\t\n<style>\n#col-1445830801 > .col-inner {\n  padding: 0px 0px 0px 40px;\n}\n<\/style>\n\t<\/div>\n\n\t\n\n<\/div>\n\n\t\t<\/div>\n\n\t\t\n<style>\n#section_1098558502 {\n  padding-top: 0px;\n  padding-bottom: 0px;\n}\n@media (min-width:550px) {\n  #section_1098558502 {\n    padding-top: 30px;\n    padding-bottom: 30px;\n  }\n}\n<\/style>\n\t<\/section>\n\t\n\n","protected":false},"excerpt":{"rendered":"<p>Revendeurs &amp; Partenaires Vous \u00eates un professionnel, nos produits vous int\u00e9resse et vous voudriez les proposer \u00e0 vos clients? Laissez nous vos coordonn\u00e9es nous vous recontacterons le plus rapidement possible pour en parler.<\/p>","protected":false},"author":11666,"featured_media":0,"parent":0,"menu_order":0,"comment_status":"closed","ping_status":"closed","template":"","meta":{"footnotes":""},"class_list":["post-6452","page","type-page","status-publish","hentry"],"_links":{"self":[{"href":"https:\/\/homedress.fr\/de\/wp-json\/wp\/v2\/pages\/6452","targetHints":{"allow":["GET"]}}],"collection":[{"href":"https:\/\/homedress.fr\/de\/wp-json\/wp\/v2\/pages"}],"about":[{"href":"https:\/\/homedress.fr\/de\/wp-json\/wp\/v2\/types\/page"}],"author":[{"embeddable":true,"href":"https:\/\/homedress.fr\/de\/wp-json\/wp\/v2\/users\/11666"}],"replies":[{"embeddable":true,"href":"https:\/\/homedress.fr\/de\/wp-json\/wp\/v2\/comments?post=6452"}],"version-history":[{"count":0,"href":"https:\/\/homedress.fr\/de\/wp-json\/wp\/v2\/pages\/6452\/revisions"}],"wp:attachment":[{"href":"https:\/\/homedress.fr\/de\/wp-json\/wp\/v2\/media?parent=6452"}],"curies":[{"name":"wp","href":"https:\/\/api.w.org\/{rel}","templated":true}]}}