{"id":82,"date":"2013-08-18T15:48:20","date_gmt":"2013-08-18T15:48:20","guid":{"rendered":"http:\/\/localhost:8888\/test\/?page_id=654"},"modified":"2023-09-08T07:00:40","modified_gmt":"2023-09-08T07:00:40","slug":"product-categories","status":"publish","type":"page","link":"https:\/\/homedress.fr\/de\/product-categories\/","title":{"rendered":"Unsere Kollektionen Personalisierte Badem\u00e4ntel"},"content":{"rendered":"<section class=\"section\" id=\"section_1958419240\">\n\t\t<div class=\"section-bg fill\" >\n\t\t\t\t\t\t\t\t\t\n\t\t\t\n\n\t\t<\/div>\n\n\t\t\n\n\t\t<div class=\"section-content relative\">\n\t\t\t\n\n<div class=\"row\"  id=\"row-2122989896\">\n\n\n\t<div id=\"col-1457118145\" class=\"col small-12 large-12\"  >\n\t\t\t\t<div class=\"col-inner text-center\"  >\n\t\t\t\n\t\t\t\n\n  <div id=\"page-header-1217898448\" class=\"page-header-wrapper\">\n  <div class=\"page-title dark featured-title\">\n\n    \n    <div class=\"page-title-inner container align-center text-center flex-row-col medium-flex-wrap\" >\n              <div class=\"title-wrapper flex-col\">\n          <h1 class=\"entry-title mb-0\">\n            Unsere Kollektionen Personalisierte Badem\u00e4ntel          <\/h1>\n        <\/div>\n                    <div class=\"title-content flex-col\">\n              <\/div>\n    <\/div>\n\n       <\/div>\n    <\/div>\n  \n\n\t<div id=\"gap-1883032750\" class=\"gap-element clearfix\" style=\"display:block; height:auto;\">\n\t\t\n<style>\n#gap-1883032750 {\n  padding-top: 30px;\n}\n<\/style>\n\t<\/div>\n\t\n\n\n\t\t<\/div>\n\t\t\t\t\n<style>\n#col-1457118145 > .col-inner {\n  padding: 0px 0px 0px 0px;\n  margin: 0px 0px -27px 0px;\n}\n@media (min-width:550px) {\n  #col-1457118145 > .col-inner {\n    margin: 0px 0px -13px 0px;\n  }\n}\n<\/style>\n\t<\/div>\n\n\t\n\n<\/div>\n<div class=\"row\"  id=\"row-780128744\">\n\n\n\t<div id=\"col-676538193\" class=\"col medium-4 small-12 large-4\"  >\n\t\t\t\t<div class=\"col-inner\"  >\n\t\t\t\n\t\t\t\n\n\t<div class=\"box has-hover   has-hover box-text-bottom\" >\n\n\t\t<div class=\"box-image\" >\n\t\t\t<a href=\"#\" >\t\t\t<div class=\"image-zoom image-cover\" style=\"padding-top:100%;\">\n\t\t\t\t<img loading=\"lazy\" decoding=\"async\" width=\"1080\" height=\"1080\" src=\"https:\/\/homedress.fr\/wp-content\/uploads\/2022\/02\/collecton-peignoir-et-nuisette.jpeg\" class=\"attachment- size-\" alt=\"collecton Bademantel und Nachthemd\" srcset=\"https:\/\/homedress.fr\/wp-content\/uploads\/2022\/02\/collecton-peignoir-et-nuisette.jpeg 1080w, https:\/\/homedress.fr\/wp-content\/uploads\/2022\/02\/collecton-peignoir-et-nuisette-400x400.jpeg 400w, https:\/\/homedress.fr\/wp-content\/uploads\/2022\/02\/collecton-peignoir-et-nuisette-800x800.jpeg 800w, https:\/\/homedress.fr\/wp-content\/uploads\/2022\/02\/collecton-peignoir-et-nuisette-280x280.jpeg 280w, https:\/\/homedress.fr\/wp-content\/uploads\/2022\/02\/collecton-peignoir-et-nuisette-768x768.jpeg 768w, https:\/\/homedress.fr\/wp-content\/uploads\/2022\/02\/collecton-peignoir-et-nuisette-510x510.jpeg 510w, https:\/\/homedress.fr\/wp-content\/uploads\/2022\/02\/collecton-peignoir-et-nuisette-100x100.jpeg 100w\" sizes=\"auto, (max-width: 1080px) 100vw, 1080px\" \/>\t\t\t\t\t\t\t\t\t\t\t<\/div>\n\t\t\t<\/a>\t\t<\/div>\n\n\t\t<div class=\"box-text text-center\" >\n\t\t\t<div class=\"box-text-inner\">\n\t\t\t\t\n\n\t<div id=\"gap-49426800\" class=\"gap-element clearfix\" style=\"display:block; height:auto;\">\n\t\t\n<style>\n#gap-49426800 {\n  padding-top: 10px;\n}\n<\/style>\n\t<\/div>\n\t\n\n\t<div id=\"text-344822957\" class=\"text\">\n\t\t\n\n<h3>Bademantel&amp;Nachthemd<\/h3>\n\t\t\n<style>\n#text-344822957 {\n  font-size: 1.5rem;\n}\n<\/style>\n\t<\/div>\n\t\n<a href=\"https:\/\/homedress.fr\/de\/produktkategorie\/peignoir-satin-personnalise\/peignoir-nuisette\/\" class=\"button secondary is-outline\" style=\"padding:5px 20px 5px 20px;\">\n\t\t<span>Die Sammlung ansehen<\/span>\n\t<\/a>\n\n\n\n\t\t\t<\/div>\n\t\t<\/div>\n\t<\/div>\n\t\n\n\t\t<\/div>\n\t\t\t\t\t<\/div>\n\n\t\n\n\t<div id=\"col-1159802521\" class=\"col medium-4 small-12 large-4\"  >\n\t\t\t\t<div class=\"col-inner\"  >\n\t\t\t\n\t\t\t\n\n\t<div class=\"box has-hover   has-hover box-text-bottom\" >\n\n\t\t<div class=\"box-image\" >\n\t\t\t<a href=\"#\" >\t\t\t<div class=\"image-zoom image-cover\" style=\"padding-top:100%;\">\n\t\t\t\t<img loading=\"lazy\" decoding=\"async\" width=\"823\" height=\"823\" src=\"https:\/\/homedress.fr\/wp-content\/uploads\/2022\/02\/COLLECTION-ONE-SIZE.jpeg\" class=\"attachment- size-\" alt=\"ONE SIZE COLLECTION\" srcset=\"https:\/\/homedress.fr\/wp-content\/uploads\/2022\/02\/COLLECTION-ONE-SIZE.jpeg 823w, https:\/\/homedress.fr\/wp-content\/uploads\/2022\/02\/COLLECTION-ONE-SIZE-400x400.jpeg 400w, https:\/\/homedress.fr\/wp-content\/uploads\/2022\/02\/COLLECTION-ONE-SIZE-800x800.jpeg 800w, https:\/\/homedress.fr\/wp-content\/uploads\/2022\/02\/COLLECTION-ONE-SIZE-280x280.jpeg 280w, https:\/\/homedress.fr\/wp-content\/uploads\/2022\/02\/COLLECTION-ONE-SIZE-768x768.jpeg 768w, https:\/\/homedress.fr\/wp-content\/uploads\/2022\/02\/COLLECTION-ONE-SIZE-510x510.jpeg 510w, https:\/\/homedress.fr\/wp-content\/uploads\/2022\/02\/COLLECTION-ONE-SIZE-100x100.jpeg 100w\" sizes=\"auto, (max-width: 823px) 100vw, 823px\" \/>\t\t\t\t\t\t\t\t\t\t\t<\/div>\n\t\t\t<\/a>\t\t<\/div>\n\n\t\t<div class=\"box-text text-center\" >\n\t\t\t<div class=\"box-text-inner\">\n\t\t\t\t\n\n\t<div id=\"gap-57648563\" class=\"gap-element clearfix\" style=\"display:block; height:auto;\">\n\t\t\n<style>\n#gap-57648563 {\n  padding-top: 10px;\n}\n<\/style>\n\t<\/div>\n\t\n\n\t<div id=\"text-2572835906\" class=\"text\">\n\t\t\n\n<h3>Bademantel Einheitsgr\u00f6\u00dfe<\/h3>\n\t\t\n<style>\n#text-2572835906 {\n  font-size: 1.5rem;\n}\n<\/style>\n\t<\/div>\n\t\n<a href=\"https:\/\/homedress.fr\/de\/produktkategorie\/peignoir-satin-personnalise\/kimono-personnalise\/\" class=\"button secondary is-outline\" style=\"padding:5px 20px 5px 20px;\">\n\t\t<span>die Kollektion ansehen<\/span>\n\t<\/a>\n\n\n\n\t\t\t<\/div>\n\t\t<\/div>\n\t<\/div>\n\t\n\n\t\t<\/div>\n\t\t\t\t\t<\/div>\n\n\t\n\n\t<div id=\"col-2054599174\" class=\"col medium-4 small-12 large-4\"  >\n\t\t\t\t<div class=\"col-inner\"  >\n\t\t\t\n\t\t\t\n\n\t<div class=\"box has-hover   has-hover box-text-bottom\" >\n\n\t\t<div class=\"box-image\" >\n\t\t\t<a href=\"#\" >\t\t\t<div class=\"image-zoom image-cover\" style=\"padding-top:100%;\">\n\t\t\t\t<img loading=\"lazy\" decoding=\"async\" width=\"1080\" height=\"1080\" src=\"https:\/\/homedress.fr\/wp-content\/uploads\/2022\/02\/COLLECTION-GRANDE-TAILLE.jpeg\" class=\"attachment- size-\" alt=\"KOLLEKTION IN GROSSEN GR\u00d6SSEN\" srcset=\"https:\/\/homedress.fr\/wp-content\/uploads\/2022\/02\/COLLECTION-GRANDE-TAILLE.jpeg 1080w, https:\/\/homedress.fr\/wp-content\/uploads\/2022\/02\/COLLECTION-GRANDE-TAILLE-400x400.jpeg 400w, https:\/\/homedress.fr\/wp-content\/uploads\/2022\/02\/COLLECTION-GRANDE-TAILLE-800x800.jpeg 800w, https:\/\/homedress.fr\/wp-content\/uploads\/2022\/02\/COLLECTION-GRANDE-TAILLE-280x280.jpeg 280w, https:\/\/homedress.fr\/wp-content\/uploads\/2022\/02\/COLLECTION-GRANDE-TAILLE-768x768.jpeg 768w, https:\/\/homedress.fr\/wp-content\/uploads\/2022\/02\/COLLECTION-GRANDE-TAILLE-510x510.jpeg 510w, https:\/\/homedress.fr\/wp-content\/uploads\/2022\/02\/COLLECTION-GRANDE-TAILLE-100x100.jpeg 100w\" sizes=\"auto, (max-width: 1080px) 100vw, 1080px\" \/>\t\t\t\t\t\t\t\t\t\t\t<\/div>\n\t\t\t<\/a>\t\t<\/div>\n\n\t\t<div class=\"box-text text-center\" >\n\t\t\t<div class=\"box-text-inner\">\n\t\t\t\t\n\n\t<div id=\"gap-364013385\" class=\"gap-element clearfix\" style=\"display:block; height:auto;\">\n\t\t\n<style>\n#gap-364013385 {\n  padding-top: 10px;\n}\n<\/style>\n\t<\/div>\n\t\n\n\t<div id=\"text-3266219271\" class=\"text\">\n\t\t\n\n<h3>Bademantel Gro\u00dfe Gr\u00f6\u00dfe<\/h3>\n\t\t\n<style>\n#text-3266219271 {\n  font-size: 1.5rem;\n}\n<\/style>\n\t<\/div>\n\t\n<a href=\"https:\/\/homedress.fr\/de\/produktkategorie\/peignoir-satin-personnalise\/peignoir-grande-taille\/\" class=\"button secondary is-outline\" style=\"padding:5px 20px 5px 20px;\">\n\t\t<span>die Kollektion ansehen<\/span>\n\t<\/a>\n\n\n\n\t\t\t<\/div>\n\t\t<\/div>\n\t<\/div>\n\t\n\n\t\t<\/div>\n\t\t\t\t\t<\/div>\n\n\t\n\n<\/div>\n\n\t\t<\/div>\n\n\t\t\n<style>\n#section_1958419240 {\n  padding-top: 30px;\n  padding-bottom: 30px;\n}\n@media (min-width:850px) {\n  #section_1958419240 {\n    padding-top: 50px;\n    padding-bottom: 50px;\n  }\n}\n<\/style>\n\t<\/section>","protected":false},"excerpt":{"rendered":"","protected":false},"author":11666,"featured_media":0,"parent":0,"menu_order":22,"comment_status":"closed","ping_status":"closed","template":"page-blank.php","meta":{"footnotes":""},"class_list":["post-82","page","type-page","status-publish","hentry"],"_links":{"self":[{"href":"https:\/\/homedress.fr\/de\/wp-json\/wp\/v2\/pages\/82","targetHints":{"allow":["GET"]}}],"collection":[{"href":"https:\/\/homedress.fr\/de\/wp-json\/wp\/v2\/pages"}],"about":[{"href":"https:\/\/homedress.fr\/de\/wp-json\/wp\/v2\/types\/page"}],"author":[{"embeddable":true,"href":"https:\/\/homedress.fr\/de\/wp-json\/wp\/v2\/users\/11666"}],"replies":[{"embeddable":true,"href":"https:\/\/homedress.fr\/de\/wp-json\/wp\/v2\/comments?post=82"}],"version-history":[{"count":32,"href":"https:\/\/homedress.fr\/de\/wp-json\/wp\/v2\/pages\/82\/revisions"}],"predecessor-version":[{"id":21900,"href":"https:\/\/homedress.fr\/de\/wp-json\/wp\/v2\/pages\/82\/revisions\/21900"}],"wp:attachment":[{"href":"https:\/\/homedress.fr\/de\/wp-json\/wp\/v2\/media?parent=82"}],"curies":[{"name":"wp","href":"https:\/\/api.w.org\/{rel}","templated":true}]}}