{"id":1074,"date":"2019-12-05T18:48:22","date_gmt":"2019-12-05T18:48:22","guid":{"rendered":"https:\/\/homedress.fr\/?post_type=product&#038;p=1074"},"modified":"2026-04-06T18:23:12","modified_gmt":"2026-04-06T18:23:12","slug":"peignoir-champagne","status":"publish","type":"product","link":"https:\/\/homedress.fr\/de\/product\/bademantel-champagner\/","title":{"rendered":"Personalisierter Satinbademantel Champagner + Neglig\u00e9"},"content":{"rendered":"<div class=\"tabbed-content\">\n\t\t\t<h4 class=\"uppercase text-left\">Zeit f\u00fcr Erstellung&amp;Lieferung<\/h4>\n\t\t\t<ul class=\"nav nav-line nav-uppercase nav-size-normal nav-left\" role=\"tablist\"><li id=\"tab-cr\u00e9ation\" class=\"tab active has-icon\" role=\"presentation\"><a href=\"#tab_cr\u00e9ation\" role=\"tab\" aria-selected=\"true\" aria-controls=\"tab_cr\u00e9ation\"><span>Erstellung<\/span><\/a><\/li>\n<li id=\"tab-livraison\" class=\"tab has-icon\" role=\"presentation\"><a href=\"#tab_livraison\" tabindex=\"-1\" role=\"tab\" aria-selected=\"false\" aria-controls=\"tab_livraison\"><span>Lieferung<\/span><\/a><\/li><\/ul><div class=\"tab-panels\"><div id=\"tab_cr\u00e9ation\" class=\"panel active entry-content\" role=\"tabpanel\" aria-labelledby=\"tab-cr\u00e9ation\"> <span style=\"color: #282828;\"><strong>Herstellungszeit :<\/strong><\/span> zwischen 1 und 3 Werktagen, abh\u00e4ngig vom Bestellvolumen.<\/p>\n<p>Alle Kreationen werden von erfahrenen H\u00e4nden in Frankreich gefertigt. <img loading=\"lazy\" decoding=\"async\" class=\"alignnone wp-image-3230\" src=\"https:\/\/homedress.fr\/wp-content\/uploads\/2023\/12\/Design-sans-titre-28.png\" alt=\"Personalisiertes Pegnoir hergestellt in Frankreich|made in France\" width=\"18\" height=\"18\" srcset=\"https:\/\/homedress.fr\/wp-content\/uploads\/2023\/12\/Design-sans-titre-28.png 500w, https:\/\/homedress.fr\/wp-content\/uploads\/2023\/12\/Design-sans-titre-28-400x400.png 400w, https:\/\/homedress.fr\/wp-content\/uploads\/2023\/12\/Design-sans-titre-28-280x280.png 280w, https:\/\/homedress.fr\/wp-content\/uploads\/2023\/12\/Design-sans-titre-28-12x12.png 12w, https:\/\/homedress.fr\/wp-content\/uploads\/2023\/12\/Design-sans-titre-28-100x100.png 100w\" sizes=\"auto, (max-width: 18px) 100vw, 18px\" \/>. <\/div>\n<div id=\"tab_livraison\" class=\"panel entry-content\" role=\"tabpanel\" aria-labelledby=\"tab-livraison\">\n<p><img loading=\"lazy\" decoding=\"async\" class=\"alignnone wp-image-2764\" src=\"https:\/\/homedress.fr\/wp-content\/uploads\/2020\/01\/images-3.png\" alt=\"Versand per Colissimo\" width=\"46\" height=\"46\" srcset=\"https:\/\/homedress.fr\/wp-content\/uploads\/2020\/01\/images-3.png 225w, https:\/\/homedress.fr\/wp-content\/uploads\/2020\/01\/images-3-100x100.png 100w\" sizes=\"auto, (max-width: 46px) 100vw, 46px\" \/>\u00a0 2-3 Werktage im Anschluss<br \/>\n<img loading=\"lazy\" decoding=\"async\" class=\"alignnone wp-image-2785\" style=\"color: #333333;\" src=\"https:\/\/homedress.fr\/wp-content\/uploads\/2020\/01\/images-1-5.png\" alt=\"Versand mit mondial relay\" width=\"43\" height=\"43\" srcset=\"https:\/\/homedress.fr\/wp-content\/uploads\/2020\/01\/images-1-5.png 225w, https:\/\/homedress.fr\/wp-content\/uploads\/2020\/01\/images-1-5-100x100.png 100w\" sizes=\"auto, (max-width: 43px) 100vw, 43px\" \/>\u00a0 \u00a03-5 Werktage im Anschluss\u00a0 \u00a0 <\/div><\/div><\/div>\n<p>F\u00fcr spezielle Anfragen kontaktieren Sie uns bitte \u00fcber Snapchat &amp; Instagram oder per E-Mail unter <span style=\"color: #dbb7bd;\">contact@homedress.fr<\/span><\/p>","protected":false},"excerpt":{"rendered":"<div id=\"stack-4154132533\" class=\"stack stack-row justify-center items-stretch\">\n\t\t\n\n<a href=\"#guidedestaillesclaireetsemia\" class=\"button primary is-underline\" >\n\t\t<span>K\u00f6rperma\u00dfe unserer Schaufensterpuppen<\/span>\n\t<\/a>\n\n\n\n\t\t\n<style>\n#stack-4154132533 > * {\n  --stack-gap: 0rem;\n}\n<\/style>\n\t<\/div>\n\t\n<p>\t<div id=\"guidedestaillesclaireetsemia\"\n\t     class=\"lightbox-by-id lightbox-content mfp-hide lightbox-white\"\n\t     style=\"max-width:600px ;padding:20px\">\n\t\t<\/p>\n<p style=\"text-align: left;\"><span style=\"color: #282828; font-size: 100%;\"><strong>*Unsere Models tragen beide Gr\u00f6\u00dfe 36\/38<\/strong><\/span><\/p>\n<p style=\"text-align: left;\"><span style=\"font-size: 100%;\"><strong><img loading=\"lazy\" decoding=\"async\" class=\"\" src=\"https:\/\/homedress.fr\/wp-content\/uploads\/2021\/03\/Sans-titre-1-400x400.jpg\" width=\"45\" height=\"45\" \/><span style=\"color: #ddbbbb;\">Die Ma\u00dfe unseres Models :<\/span><\/strong><\/span><\/p>\n<p><span style=\"font-size: 100%;\">-Schulterbreite: 36 cm  -Brustumfang: 94 cm<\/span><\/p>\n<p><span style=\"font-size: 100%;\">-Taillenumfang: 67 cm     -H\u00f6he: 181 cm<\/span><\/p>\n<p style=\"text-align: left;\"><span style=\"font-size: 100%;\"><strong><img loading=\"lazy\" decoding=\"async\" class=\"alignnone wp-image-19704\" src=\"https:\/\/homedress.fr\/wp-content\/uploads\/2021\/03\/Sans-titre-11-400x400.jpg\" alt=\"\" width=\"45\" height=\"45\" srcset=\"https:\/\/homedress.fr\/wp-content\/uploads\/2021\/03\/Sans-titre-11-400x400.jpg 400w, https:\/\/homedress.fr\/wp-content\/uploads\/2021\/03\/Sans-titre-11-280x280.jpg 280w, https:\/\/homedress.fr\/wp-content\/uploads\/2021\/03\/Sans-titre-11-510x510.jpg 510w, https:\/\/homedress.fr\/wp-content\/uploads\/2021\/03\/Sans-titre-11-100x100.jpg 100w, https:\/\/homedress.fr\/wp-content\/uploads\/2021\/03\/Sans-titre-11.jpg 750w\" sizes=\"auto, (max-width: 45px) 100vw, 45px\" \/><span style=\"color: #ddbbbb;\"> Die Ma\u00dfe unseres Models :<\/span><\/strong><\/span><\/p>\n<p><span style=\"font-size: 100%;\">-Schulterbreite: 37 cm  -Brustumfang: 94 cm<\/span><\/p>\n<p><span style=\"font-size: 100%;\">-Taillenumfang: 67 cm     -H\u00f6he: 169 cm<\/span><\/p>\n<p>\t<\/div>\n\t\n\t<\/p>\n\t<div id=\"stack-531725222\" class=\"stack stack-row justify-center items-stretch\">\n\t\t\n\n<a href=\"#popup-retourclient-reseausociaux\" class=\"button primary\" style=\"border-radius:99px;\">\n\t\t<span>KUNDENMEINUNGEN<\/span>\n\t<\/a>\n\n\n\n\t\t\n<style>\n#stack-531725222 > * {\n  --stack-gap: 0rem;\n}\n<\/style>\n\t<\/div>\n\t\n<p>\t<div id=\"popup-retourclient-reseausociaux\"\n\t     class=\"lightbox-by-id lightbox-content mfp-hide lightbox-white\"\n\t     style=\"max-width:600px ;padding:0px\">\n\t\t<\/p>\n<p><iframe loading=\"lazy\" src=\"https:\/\/homedress.fr\/avis-clients\/\" style=\"border:3px #FFF none;\" name=\"myiFrame\" scrolling=\"yes\" frameborder=\"0\" marginheight=\"0px\" marginwidth=\"0px\" height=\"400px\" width=\"600px\" allowfullscreen><\/iframe><\/p>\n<p>\t<\/div>\n\t\n\t<\/p>\n<p>Personalisieren Sie Ihren Satin-Bademantel mit Ihrem gew\u00fcnschten Vornamen oder Text.<\/p>\n<p><span style=\"color: #ddbbbb; font-size: 100%;\"><strong>NACHTHEMD IM SET ENTHALTEN!<\/strong><\/span><\/p>\n<div class=\"is-divider divider clearfix\" ><\/div>","protected":false},"featured_media":19467,"template":"","meta":[],"product_brand":[],"product_cat":[15,76,114],"product_tag":[111,89,88,120],"class_list":{"0":"post-1074","1":"product","2":"type-product","3":"status-publish","4":"has-post-thumbnail","6":"product_cat-tousnosarticles-personnalises","7":"product_cat-peignoir-satin-personnalise","8":"product_cat-peignoir-nuisette","9":"product_tag-peignoir-personnalise","10":"product_tag-peignoir-satin","11":"product_tag-peignoir-satin-personnalise","12":"product_tag-peignoirpersonnalise","14":"first","15":"instock","16":"taxable","17":"shipping-taxable","18":"purchasable","19":"product-type-variable"},"exclude_global_add_ons":false,"addons":[{"name":"Nur der erste Buchstabe jedes Wortes kann gro\u00dfgeschrieben werden (au\u00dfer Initialen).","type":"heading","position":0,"required":false,"title_format":"label","default":"","description_enable":false,"description":"","placeholder_enable":false,"placeholder":"","display":"select","restrictions_type":"any_text","adjust_price":false,"price":"","price_type":"flat_fee","restrictions":false,"min":"0","max":"0","options":[],"id":1705394278},{"name":"Personalisierung meines Bademantels (auf der R\u00fcckseite)","type":"custom_text","position":1,"required":true,"title_format":"label","default":"","description_enable":false,"description":"Text hinzuf\u00fcgen","placeholder_enable":false,"placeholder":"","display":"select","restrictions_type":"any_text","adjust_price":false,"price":"","price_type":"flat_fee","restrictions":true,"min":"0","max":"14","options":[],"id":1705394279},{"name":"2. Textzeile (optional):","type":"custom_text","position":2,"required":false,"title_format":"label","default":"","description_enable":false,"description":"","placeholder_enable":false,"placeholder":"","display":"select","restrictions_type":"any_text","adjust_price":true,"price":"5","price_type":"flat_fee","restrictions":true,"min":"0","max":"14","options":[],"id":1705394280},{"name":"Personalisierung auf der Vorderseite des Bademantels (optional)","type":"custom_text","position":3,"required":false,"title_format":"label","default":"","description_enable":false,"description":"","placeholder_enable":false,"placeholder":"","display":"select","restrictions_type":"any_text","adjust_price":true,"price":"5","price_type":"flat_fee","restrictions":true,"min":"0","max":"12","options":[],"id":1705394281},{"name":"Anpassen meines G\u00fcrtels (optional)","type":"custom_text","position":4,"required":false,"title_format":"label","default":"","description_enable":true,"description":"Die Kunden geben in der Regel ein Datum an.","placeholder_enable":false,"placeholder":"","display":"select","restrictions_type":"any_text","adjust_price":true,"price":"5","price_type":"flat_fee","restrictions":false,"min":"0","max":"0","options":[],"id":1705394282},{"name":"Personalisierung meines Neglig\u00e9s (optional).","type":"custom_text","position":5,"required":false,"title_format":"label","default":"","description_enable":true,"description":"Personalisierung im Brustbereich auf der linken Seite.","placeholder_enable":false,"placeholder":"","display":"select","restrictions_type":"any_text","adjust_price":true,"price":"5","price_type":"flat_fee","restrictions":true,"min":"0","max":"12","options":[],"id":1705394283},{"name":"Couleur de l'\u00e9criture","type":"multiple_choice","position":6,"required":true,"title_format":"label","default":"","description_enable":false,"description":"","placeholder_enable":false,"placeholder":"","display":"images","restrictions_type":"any_text","adjust_price":false,"price":"","price_type":"flat_fee","restrictions":false,"min":"0","max":"0","options":[{"label":"Or paillet\u00e9","price":"","price_type":"flat_fee","image":1259,"visibility":true},{"label":"Noir paillet\u00e9","price":"","price_type":"flat_fee","image":1258,"visibility":true},{"label":"Argent paillet\u00e9","price":"","price_type":"flat_fee","image":1260,"visibility":true},{"label":"Rose paillet\u00e9","price":"","price_type":"flat_fee","image":1261,"visibility":true}],"id":1705394284},{"name":"2. Textzeile (optional):","type":"custom_text","position":0,"required":false,"title_format":"heading","default":"","description_enable":false,"description":"","placeholder_enable":false,"placeholder":"","display":"select","restrictions_type":"any_text","adjust_price":true,"price":"5","price_type":"flat_fee","restrictions":true,"min":"0","max":"16","options":[]},{"name":"Personnalisation du caraco","type":"custom_text","position":0,"required":true,"title_format":"heading","default":"","description_enable":false,"description":"","placeholder_enable":false,"placeholder":"","display":"select","restrictions_type":"any_text","adjust_price":false,"price":"","price_type":"flat_fee","restrictions":true,"min":"0","max":"12","options":[]},{"name":"Personnalisation du short (optionnel - inclus au tarif de base)","type":"custom_text","position":1,"required":false,"title_format":"heading","default":"","description_enable":false,"description":"","placeholder_enable":false,"placeholder":"","display":"select","restrictions_type":"any_text","adjust_price":false,"price":"","price_type":"flat_fee","restrictions":true,"min":"0","max":"12","options":[]},{"name":"Couleur de l'\u00e9criture","type":"multiple_choice","position":2,"required":true,"title_format":"heading","default":"","description_enable":false,"description":"","placeholder_enable":false,"placeholder":"","display":"images","restrictions_type":"any_text","adjust_price":false,"price":"","price_type":"flat_fee","restrictions":false,"min":"0","max":"0","options":[{"label":"Or paillet\u00e9","price":"","price_type":"flat_fee","image":1259,"visibility":true},{"label":"Noir paillet\u00e9","price":"","price_type":"flat_fee","image":1258,"visibility":true},{"label":"Rouge paillet\u00e9","price":"","price_type":"flat_fee","image":1257,"visibility":true},{"label":"Argent paillet\u00e9","price":"","price_type":"flat_fee","image":1260,"visibility":true},{"label":"Rose paillet\u00e9","price":"","price_type":"flat_fee","image":1261,"visibility":true},{"label":"Violet paillet\u00e9","price":"","price_type":"flat_fee","image":1262,"visibility":true}]},{"name":"Nur der erste Buchstabe jedes Wortes kann gro\u00dfgeschrieben werden (au\u00dfer Initialen).","type":"heading","position":0,"required":false,"title_format":"heading","default":"","description_enable":false,"description":"","placeholder_enable":false,"placeholder":"","display":"select","restrictions_type":"any_text","adjust_price":false,"price":"","price_type":"flat_fee","restrictions":false,"min":"0","max":"0","options":[],"id":1705393503},{"name":"Personalisierung meines Bademantels (auf der R\u00fcckseite)","type":"custom_text","position":1,"required":true,"title_format":"heading","default":"","description_enable":false,"description":"","placeholder_enable":false,"placeholder":"","display":"select","restrictions_type":"any_text","adjust_price":false,"price":"","price_type":"flat_fee","restrictions":true,"min":"0","max":"14","options":[],"id":1705393504},{"name":"2. Textzeile (optional):","type":"custom_text","position":2,"required":false,"title_format":"heading","default":"","description_enable":false,"description":"","placeholder_enable":false,"placeholder":"","display":"select","restrictions_type":"any_text","adjust_price":true,"price":"5","price_type":"flat_fee","restrictions":true,"min":"0","max":"14","options":[],"id":1705393505},{"name":"Personalisierung auf der Vorderseite des Bademantels (optional)","type":"custom_text","position":3,"required":false,"title_format":"heading","default":"","description_enable":false,"description":"","placeholder_enable":false,"placeholder":"","display":"select","restrictions_type":"any_text","adjust_price":true,"price":"5","price_type":"flat_fee","restrictions":true,"min":"0","max":"12","options":[],"id":1705393506},{"name":"Anpassen meines G\u00fcrtels (optional)","type":"custom_text","position":4,"required":false,"title_format":"heading","default":"","description_enable":true,"description":"Die Kunden geben in der Regel ein Datum an.","placeholder_enable":false,"placeholder":"","display":"select","restrictions_type":"any_text","adjust_price":true,"price":"5","price_type":"flat_fee","restrictions":false,"min":"0","max":"0","options":[],"id":1705393507},{"name":"Couleur de l'\u00e9criture","type":"multiple_choice","position":5,"required":true,"title_format":"heading","default":"","description_enable":false,"description":"","placeholder_enable":false,"placeholder":"","display":"images","restrictions_type":"any_text","adjust_price":false,"price":"","price_type":"flat_fee","restrictions":false,"min":"0","max":"0","options":[{"label":"Or paillet\u00e9","price":"","price_type":"flat_fee","image":1259,"visibility":true},{"label":"Noir paillet\u00e9","price":"","price_type":"flat_fee","image":1258,"visibility":true},{"label":"Argent paillet\u00e9","price":"","price_type":"flat_fee","image":1260,"visibility":true},{"label":"Rose paillet\u00e9","price":"","price_type":"flat_fee","image":1261,"visibility":true}],"id":1705393508},{"name":"Personnalisation sur le devant - OFFERT !","type":"custom_text","position":0,"required":true,"title_format":"heading","default":"","description_enable":true,"description":"*Les lettres seront rendues automatiquement en majuscule.\r\n*Nos clients choisissent d'inscrire leurs initiales.","placeholder_enable":false,"placeholder":"","display":"select","restrictions_type":"only_letters_numbers","adjust_price":false,"price":"","price_type":"flat_fee","restrictions":true,"min":"0","max":"2","options":[]},{"name":"Personalisierung auf der R\u00fcckseite (Optional)","type":"custom_text","position":1,"required":false,"title_format":"heading","default":"","description_enable":false,"description":"","placeholder_enable":false,"placeholder":"","display":"select","restrictions_type":"any_text","adjust_price":true,"price":"10","price_type":"flat_fee","restrictions":true,"min":"0","max":"17","options":[]},{"name":"Farbe des Textes.","type":"multiple_choice","position":2,"required":true,"title_format":"heading","default":"","description_enable":false,"description":"","placeholder_enable":false,"placeholder":"","display":"images","restrictions_type":"any_text","adjust_price":false,"price":"","price_type":"flat_fee","restrictions":false,"min":"0","max":"0","options":[{"label":"Or paillet\u00e9","price":"","price_type":"flat_fee","image":1259,"visibility":true},{"label":"Noir paillet\u00e9","price":"","price_type":"flat_fee","image":1258,"visibility":true},{"label":"Rouge paillet\u00e9","price":"","price_type":"flat_fee","image":1257,"visibility":true},{"label":"Argent paillet\u00e9","price":"","price_type":"flat_fee","image":1260,"visibility":true},{"label":"Rose paillet\u00e9","price":"","price_type":"flat_fee","image":1261,"visibility":true},{"label":"Violet paillet\u00e9","price":"","price_type":"flat_fee","image":1262,"visibility":true}]},{"name":"\"Team Bride\" est inscrit par d\u00e9faut au dos du peignoir comme sur la photo !","type":"heading","position":0,"required":false,"title_format":"heading","default":"","description_enable":false,"description":"","placeholder_enable":false,"placeholder":"","display":"select","restrictions_type":"any_text","adjust_price":false,"price":"","price_type":"flat_fee","restrictions":false,"min":"0","max":"0","options":[]},{"name":"Personalisierung auf der Vorderseite des Bademantels (optional)","type":"custom_text","position":1,"required":false,"title_format":"heading","default":"","description_enable":false,"description":"","placeholder_enable":false,"placeholder":"","display":"select","restrictions_type":"any_text","adjust_price":true,"price":"5","price_type":"flat_fee","restrictions":true,"min":"0","max":"12","options":[]},{"name":"Anpassen meines G\u00fcrtels (optional)","type":"custom_text","position":2,"required":false,"title_format":"heading","default":"","description_enable":false,"description":"","placeholder_enable":false,"placeholder":"","display":"select","restrictions_type":"any_text","adjust_price":true,"price":"5","price_type":"flat_fee","restrictions":false,"min":"0","max":"0","options":[]},{"name":"Couleur de l'\u00e9criture","type":"multiple_choice","position":3,"required":true,"title_format":"heading","default":"","description_enable":false,"description":"","placeholder_enable":false,"placeholder":"","display":"images","restrictions_type":"any_text","adjust_price":false,"price":"","price_type":"flat_fee","restrictions":false,"min":"0","max":"0","options":[{"label":"Or paillet\u00e9","price":"","price_type":"flat_fee","image":1259,"visibility":true},{"label":"Argent paillet\u00e9","price":"","price_type":"flat_fee","image":1260,"visibility":true},{"label":"Rose paillet\u00e9","price":"","price_type":"flat_fee","image":1261,"visibility":true},{"label":"Violet paillet\u00e9","price":"","price_type":"flat_fee","image":1262,"visibility":true},{"label":"Rouge paillet\u00e9","price":"","price_type":"flat_fee","image":1257,"visibility":true},{"label":"Noir paillet\u00e9","price":"","price_type":"flat_fee","image":1258,"visibility":true}]}],"_links":{"self":[{"href":"https:\/\/homedress.fr\/de\/wp-json\/wp\/v2\/product\/1074","targetHints":{"allow":["GET"]}}],"collection":[{"href":"https:\/\/homedress.fr\/de\/wp-json\/wp\/v2\/product"}],"about":[{"href":"https:\/\/homedress.fr\/de\/wp-json\/wp\/v2\/types\/product"}],"wp:featuredmedia":[{"embeddable":true,"href":"https:\/\/homedress.fr\/de\/wp-json\/wp\/v2\/media\/19467"}],"wp:attachment":[{"href":"https:\/\/homedress.fr\/de\/wp-json\/wp\/v2\/media?parent=1074"}],"wp:term":[{"taxonomy":"product_brand","embeddable":true,"href":"https:\/\/homedress.fr\/de\/wp-json\/wp\/v2\/product_brand?post=1074"},{"taxonomy":"product_cat","embeddable":true,"href":"https:\/\/homedress.fr\/de\/wp-json\/wp\/v2\/product_cat?post=1074"},{"taxonomy":"product_tag","embeddable":true,"href":"https:\/\/homedress.fr\/de\/wp-json\/wp\/v2\/product_tag?post=1074"}],"curies":[{"name":"wp","href":"https:\/\/api.w.org\/{rel}","templated":true}]}}