{"id":1838,"date":"2019-12-25T14:11:59","date_gmt":"2019-12-25T14:11:59","guid":{"rendered":"https:\/\/homedress.fr\/?post_type=product&#038;p=1838"},"modified":"2022-02-25T20:32:43","modified_gmt":"2022-02-25T20:32:43","slug":"bandeau-papillon-personnalise","status":"publish","type":"product","link":"https:\/\/homedress.fr\/de\/product\/banner-papillon-personalisiert\/","title":{"rendered":"Personalisiertes Schmetterlingsband"},"content":{"rendered":"<div class=\"tabbed-content\">\n\t\t\t<h4 class=\"uppercase text-left\">Zeit f\u00fcr Erstellung&amp;Lieferung<\/h4>\n\t\t\t<ul class=\"nav nav-line nav-uppercase nav-size-normal nav-left\" role=\"tablist\"><li id=\"tab-cr\u00e9ation\" class=\"tab active has-icon\" role=\"presentation\"><a href=\"#tab_cr\u00e9ation\" role=\"tab\" aria-selected=\"true\" aria-controls=\"tab_cr\u00e9ation\"><span>Erstellung<\/span><\/a><\/li>\n<li id=\"tab-livraison\" class=\"tab has-icon\" role=\"presentation\"><a href=\"#tab_livraison\" tabindex=\"-1\" role=\"tab\" aria-selected=\"false\" aria-controls=\"tab_livraison\"><span>Lieferung<\/span><\/a><\/li><\/ul><div class=\"tab-panels\"><div id=\"tab_cr\u00e9ation\" class=\"panel active entry-content\" role=\"tabpanel\" aria-labelledby=\"tab-cr\u00e9ation\"> <span style=\"color: #282828;\"><strong>Herstellungszeit :<\/strong><\/span> zwischen 1 und 3 Tagen, je nach Auftragsfluss.<\/p>\n<p>Alle Kreationen werden von erfahrenen H\u00e4nden in Frankreich gefertigt. <img loading=\"lazy\" decoding=\"async\" class=\"alignnone wp-image-3230\" src=\"https:\/\/homedress.fr\/wp-content\/uploads\/2023\/12\/Design-sans-titre-28.png\" alt=\"Personalisiertes Pegnoir hergestellt in Frankreich|made in France\" width=\"18\" height=\"18\" srcset=\"https:\/\/homedress.fr\/wp-content\/uploads\/2023\/12\/Design-sans-titre-28.png 500w, https:\/\/homedress.fr\/wp-content\/uploads\/2023\/12\/Design-sans-titre-28-400x400.png 400w, https:\/\/homedress.fr\/wp-content\/uploads\/2023\/12\/Design-sans-titre-28-280x280.png 280w, https:\/\/homedress.fr\/wp-content\/uploads\/2023\/12\/Design-sans-titre-28-12x12.png 12w, https:\/\/homedress.fr\/wp-content\/uploads\/2023\/12\/Design-sans-titre-28-100x100.png 100w\" sizes=\"auto, (max-width: 18px) 100vw, 18px\" \/>. <\/div>\n<div id=\"tab_livraison\" class=\"panel entry-content\" role=\"tabpanel\" aria-labelledby=\"tab-livraison\">\n<p><img loading=\"lazy\" decoding=\"async\" class=\"alignnone wp-image-2764\" src=\"https:\/\/homedress.fr\/wp-content\/uploads\/2020\/01\/images-3.png\" alt=\"Versand per Colissimo\" width=\"46\" height=\"46\" srcset=\"https:\/\/homedress.fr\/wp-content\/uploads\/2020\/01\/images-3.png 225w, https:\/\/homedress.fr\/wp-content\/uploads\/2020\/01\/images-3-100x100.png 100w\" sizes=\"auto, (max-width: 46px) 100vw, 46px\" \/>\u00a0 2-3 Werktage im Anschluss<br \/>\n<img loading=\"lazy\" decoding=\"async\" class=\"alignnone wp-image-2785\" style=\"color: #333333;\" src=\"https:\/\/homedress.fr\/wp-content\/uploads\/2020\/01\/images-1-5.png\" alt=\"Versand mit mondial relay\" width=\"43\" height=\"43\" srcset=\"https:\/\/homedress.fr\/wp-content\/uploads\/2020\/01\/images-1-5.png 225w, https:\/\/homedress.fr\/wp-content\/uploads\/2020\/01\/images-1-5-100x100.png 100w\" sizes=\"auto, (max-width: 43px) 100vw, 43px\" \/>\u00a0 \u00a03-5 Werktage im Anschluss\u00a0 \u00a0 <\/div><\/div><\/div>\n<p>F\u00fcr spezielle Anfragen kontaktieren Sie uns bitte \u00fcber Snapchat &amp; Instagram oder per E-Mail unter <span style=\"color: #dbb7bd;\">contact@homedress.fr<\/span><\/p>\n<p>&nbsp;<\/p>\n<p>&nbsp;<\/p>","protected":false},"excerpt":{"rendered":"<p>Wir alle kennen dieses \u00c4rgernis, wenn uns die Haare bei unseren Routinen wieder ins Gesicht fallen.<\/p>\n<p>Wie w\u00e4re es, wenn Sie Ihr Haar mit diesem personalisierten Schmetterlingsband zusammenbinden, das einfach und angenehm zu tragen ist. Es passt sich allen Gr\u00f6\u00dfen an (Kinder und Erwachsene).<\/p>","protected":false},"featured_media":19847,"template":"","meta":[],"product_brand":[],"product_cat":[15,80],"product_tag":[82],"class_list":{"0":"post-1838","1":"product","2":"type-product","3":"status-publish","4":"has-post-thumbnail","6":"product_cat-tousnosarticles-personnalises","7":"product_cat-accessoires","8":"product_tag-bandeau-personnalise","10":"first","11":"instock","12":"taxable","13":"shipping-taxable","14":"purchasable","15":"product-type-variable"},"exclude_global_add_ons":false,"addons":[{"name":"Initiale Ihres Stirnbands (rechte Seite)","type":"multiple_choice","position":0,"required":true,"title_format":"label","default":"","description_enable":false,"description":"","placeholder_enable":false,"placeholder":"","display":"select","restrictions_type":"any_text","adjust_price":false,"price":"","price_type":"flat_fee","restrictions":false,"min":"0","max":"0","options":[{"label":"A","price":"","price_type":"flat_fee","image":0,"visibility":true},{"label":"B","price":"","price_type":"flat_fee","image":0,"visibility":true},{"label":"C","price":"","price_type":"flat_fee","image":0,"visibility":true},{"label":"D","price":"","price_type":"flat_fee","image":0,"visibility":true},{"label":"E","price":"","price_type":"flat_fee","image":0,"visibility":true},{"label":"F","price":"","price_type":"flat_fee","image":0,"visibility":true},{"label":"G","price":"","price_type":"flat_fee","image":0,"visibility":true},{"label":"H","price":"","price_type":"flat_fee","image":0,"visibility":true},{"label":"I","price":"","price_type":"flat_fee","image":0,"visibility":true},{"label":"J","price":"","price_type":"flat_fee","image":0,"visibility":true},{"label":"K","price":"","price_type":"flat_fee","image":0,"visibility":true},{"label":"L","price":"","price_type":"flat_fee","image":0,"visibility":true},{"label":"M","price":"","price_type":"flat_fee","image":0,"visibility":true},{"label":"N","price":"","price_type":"flat_fee","image":0,"visibility":true},{"label":"O","price":"","price_type":"flat_fee","image":0,"visibility":true},{"label":"P","price":"","price_type":"flat_fee","image":0,"visibility":true},{"label":"Q","price":"","price_type":"flat_fee","image":0,"visibility":true},{"label":"R","price":"","price_type":"flat_fee","image":0,"visibility":true},{"label":"S","price":"","price_type":"flat_fee","image":0,"visibility":true},{"label":"T","price":"","price_type":"flat_fee","image":0,"visibility":true},{"label":"U","price":"","price_type":"flat_fee","image":0,"visibility":true},{"label":"V","price":"","price_type":"flat_fee","image":0,"visibility":true},{"label":"W","price":"","price_type":"flat_fee","image":0,"visibility":true},{"label":"X","price":"","price_type":"flat_fee","image":0,"visibility":true},{"label":"Y","price":"","price_type":"flat_fee","image":0,"visibility":true},{"label":"Z","price":"","price_type":"flat_fee","image":0,"visibility":true}]},{"name":"Initiale Ihres Stirnbandes (linke Seite) \/optional","type":"multiple_choice","position":1,"required":false,"title_format":"label","default":"","description_enable":false,"description":"","placeholder_enable":false,"placeholder":"","display":"select","restrictions_type":"any_text","adjust_price":false,"price":"","price_type":"flat_fee","restrictions":false,"min":"0","max":"0","options":[{"label":"A","price":"1","price_type":"flat_fee","image":0,"visibility":true},{"label":"B","price":"1","price_type":"flat_fee","image":0,"visibility":true},{"label":"C","price":"1","price_type":"flat_fee","image":0,"visibility":true},{"label":"D","price":"1","price_type":"flat_fee","image":0,"visibility":true},{"label":"E","price":"1","price_type":"flat_fee","image":0,"visibility":true},{"label":"F","price":"1","price_type":"flat_fee","image":0,"visibility":true},{"label":"G","price":"1","price_type":"flat_fee","image":0,"visibility":true},{"label":"H","price":"1","price_type":"flat_fee","image":0,"visibility":true},{"label":"I","price":"1","price_type":"flat_fee","image":0,"visibility":true},{"label":"J","price":"1","price_type":"flat_fee","image":0,"visibility":true},{"label":"K","price":"1","price_type":"flat_fee","image":0,"visibility":true},{"label":"L","price":"1","price_type":"flat_fee","image":0,"visibility":true},{"label":"M","price":"1","price_type":"flat_fee","image":0,"visibility":true},{"label":"N","price":"1","price_type":"flat_fee","image":0,"visibility":true},{"label":"O","price":"1","price_type":"flat_fee","image":0,"visibility":true},{"label":"P","price":"1","price_type":"flat_fee","image":0,"visibility":true},{"label":"Q","price":"1","price_type":"flat_fee","image":0,"visibility":true},{"label":"R","price":"1","price_type":"flat_fee","image":0,"visibility":true},{"label":"S","price":"1","price_type":"flat_fee","image":0,"visibility":true},{"label":"T","price":"1","price_type":"flat_fee","image":0,"visibility":true},{"label":"U","price":"1","price_type":"flat_fee","image":0,"visibility":true},{"label":"V","price":"1","price_type":"flat_fee","image":0,"visibility":true},{"label":"W","price":"1","price_type":"flat_fee","image":0,"visibility":true},{"label":"X","price":"1","price_type":"flat_fee","image":0,"visibility":true},{"label":"Y","price":"1","price_type":"flat_fee","image":0,"visibility":true},{"label":"Z","price":"1","price_type":"flat_fee","image":0,"visibility":true}]},{"name":"Wahl der Farbe Ihrer Initiale","type":"multiple_choice","position":2,"required":true,"title_format":"label","default":"","description_enable":false,"description":"","placeholder_enable":false,"placeholder":"","display":"images","restrictions_type":"any_text","adjust_price":false,"price":"","price_type":"flat_fee","restrictions":false,"min":"0","max":"0","options":[{"label":"Rouge paillet\u00e9","price":"","price_type":"flat_fee","image":1257,"visibility":true},{"label":"Noir paillet\u00e9","price":"","price_type":"flat_fee","image":1258,"visibility":true},{"label":"Or paillet\u00e9","price":"","price_type":"flat_fee","image":1259,"visibility":true},{"label":"Rose paillet\u00e9","price":"","price_type":"flat_fee","image":1261,"visibility":true},{"label":"Argent paillet\u00e9","price":"","price_type":"flat_fee","image":1260,"visibility":true},{"label":"Violet paillet\u00e9","price":"","price_type":"flat_fee","image":1262,"visibility":true}]},{"name":"2. Textzeile (optional):","type":"custom_text","position":0,"required":false,"title_format":"heading","default":"","description_enable":false,"description":"","placeholder_enable":false,"placeholder":"","display":"select","restrictions_type":"any_text","adjust_price":true,"price":"5","price_type":"flat_fee","restrictions":true,"min":"0","max":"16","options":[]},{"name":"Personnalisation du caraco","type":"custom_text","position":0,"required":true,"title_format":"heading","default":"","description_enable":false,"description":"","placeholder_enable":false,"placeholder":"","display":"select","restrictions_type":"any_text","adjust_price":false,"price":"","price_type":"flat_fee","restrictions":true,"min":"0","max":"12","options":[]},{"name":"Personnalisation du short (optionnel - inclus au tarif de base)","type":"custom_text","position":1,"required":false,"title_format":"heading","default":"","description_enable":false,"description":"","placeholder_enable":false,"placeholder":"","display":"select","restrictions_type":"any_text","adjust_price":false,"price":"","price_type":"flat_fee","restrictions":true,"min":"0","max":"12","options":[]},{"name":"Couleur de l'\u00e9criture","type":"multiple_choice","position":2,"required":true,"title_format":"heading","default":"","description_enable":false,"description":"","placeholder_enable":false,"placeholder":"","display":"images","restrictions_type":"any_text","adjust_price":false,"price":"","price_type":"flat_fee","restrictions":false,"min":"0","max":"0","options":[{"label":"Or paillet\u00e9","price":"","price_type":"flat_fee","image":1259,"visibility":true},{"label":"Noir paillet\u00e9","price":"","price_type":"flat_fee","image":1258,"visibility":true},{"label":"Rouge paillet\u00e9","price":"","price_type":"flat_fee","image":1257,"visibility":true},{"label":"Argent paillet\u00e9","price":"","price_type":"flat_fee","image":1260,"visibility":true},{"label":"Rose paillet\u00e9","price":"","price_type":"flat_fee","image":1261,"visibility":true},{"label":"Violet paillet\u00e9","price":"","price_type":"flat_fee","image":1262,"visibility":true}]},{"name":"Nur der erste Buchstabe jedes Wortes kann gro\u00dfgeschrieben werden (au\u00dfer Initialen).","type":"heading","position":0,"required":false,"title_format":"heading","default":"","description_enable":false,"description":"","placeholder_enable":false,"placeholder":"","display":"select","restrictions_type":"any_text","adjust_price":false,"price":"","price_type":"flat_fee","restrictions":false,"min":"0","max":"0","options":[],"id":1705393503},{"name":"Personalisierung meines Bademantels (auf der R\u00fcckseite)","type":"custom_text","position":1,"required":true,"title_format":"heading","default":"","description_enable":false,"description":"","placeholder_enable":false,"placeholder":"","display":"select","restrictions_type":"any_text","adjust_price":false,"price":"","price_type":"flat_fee","restrictions":true,"min":"0","max":"14","options":[],"id":1705393504},{"name":"2. Textzeile (optional):","type":"custom_text","position":2,"required":false,"title_format":"heading","default":"","description_enable":false,"description":"","placeholder_enable":false,"placeholder":"","display":"select","restrictions_type":"any_text","adjust_price":true,"price":"5","price_type":"flat_fee","restrictions":true,"min":"0","max":"14","options":[],"id":1705393505},{"name":"Personalisierung auf der Vorderseite des Bademantels (optional)","type":"custom_text","position":3,"required":false,"title_format":"heading","default":"","description_enable":false,"description":"","placeholder_enable":false,"placeholder":"","display":"select","restrictions_type":"any_text","adjust_price":true,"price":"5","price_type":"flat_fee","restrictions":true,"min":"0","max":"12","options":[],"id":1705393506},{"name":"Anpassen meines G\u00fcrtels (optional)","type":"custom_text","position":4,"required":false,"title_format":"heading","default":"","description_enable":true,"description":"Die Kunden geben in der Regel ein Datum an.","placeholder_enable":false,"placeholder":"","display":"select","restrictions_type":"any_text","adjust_price":true,"price":"5","price_type":"flat_fee","restrictions":false,"min":"0","max":"0","options":[],"id":1705393507},{"name":"Couleur de l'\u00e9criture","type":"multiple_choice","position":5,"required":true,"title_format":"heading","default":"","description_enable":false,"description":"","placeholder_enable":false,"placeholder":"","display":"images","restrictions_type":"any_text","adjust_price":false,"price":"","price_type":"flat_fee","restrictions":false,"min":"0","max":"0","options":[{"label":"Or paillet\u00e9","price":"","price_type":"flat_fee","image":1259,"visibility":true},{"label":"Noir paillet\u00e9","price":"","price_type":"flat_fee","image":1258,"visibility":true},{"label":"Argent paillet\u00e9","price":"","price_type":"flat_fee","image":1260,"visibility":true},{"label":"Rose paillet\u00e9","price":"","price_type":"flat_fee","image":1261,"visibility":true}],"id":1705393508},{"name":"Personnalisation sur le devant - OFFERT !","type":"custom_text","position":0,"required":true,"title_format":"heading","default":"","description_enable":true,"description":"*Les lettres seront rendues automatiquement en majuscule.\r\n*Nos clients choisissent d'inscrire leurs initiales.","placeholder_enable":false,"placeholder":"","display":"select","restrictions_type":"only_letters_numbers","adjust_price":false,"price":"","price_type":"flat_fee","restrictions":true,"min":"0","max":"2","options":[]},{"name":"Personalisierung auf der R\u00fcckseite (Optional)","type":"custom_text","position":1,"required":false,"title_format":"heading","default":"","description_enable":false,"description":"","placeholder_enable":false,"placeholder":"","display":"select","restrictions_type":"any_text","adjust_price":true,"price":"10","price_type":"flat_fee","restrictions":true,"min":"0","max":"17","options":[]},{"name":"Farbe des Textes.","type":"multiple_choice","position":2,"required":true,"title_format":"heading","default":"","description_enable":false,"description":"","placeholder_enable":false,"placeholder":"","display":"images","restrictions_type":"any_text","adjust_price":false,"price":"","price_type":"flat_fee","restrictions":false,"min":"0","max":"0","options":[{"label":"Or paillet\u00e9","price":"","price_type":"flat_fee","image":1259,"visibility":true},{"label":"Noir paillet\u00e9","price":"","price_type":"flat_fee","image":1258,"visibility":true},{"label":"Rouge paillet\u00e9","price":"","price_type":"flat_fee","image":1257,"visibility":true},{"label":"Argent paillet\u00e9","price":"","price_type":"flat_fee","image":1260,"visibility":true},{"label":"Rose paillet\u00e9","price":"","price_type":"flat_fee","image":1261,"visibility":true},{"label":"Violet paillet\u00e9","price":"","price_type":"flat_fee","image":1262,"visibility":true}]},{"name":"\"Team Bride\" est inscrit par d\u00e9faut au dos du peignoir comme sur la photo !","type":"heading","position":0,"required":false,"title_format":"heading","default":"","description_enable":false,"description":"","placeholder_enable":false,"placeholder":"","display":"select","restrictions_type":"any_text","adjust_price":false,"price":"","price_type":"flat_fee","restrictions":false,"min":"0","max":"0","options":[]},{"name":"Personalisierung auf der Vorderseite des Bademantels (optional)","type":"custom_text","position":1,"required":false,"title_format":"heading","default":"","description_enable":false,"description":"","placeholder_enable":false,"placeholder":"","display":"select","restrictions_type":"any_text","adjust_price":true,"price":"5","price_type":"flat_fee","restrictions":true,"min":"0","max":"12","options":[]},{"name":"Anpassen meines G\u00fcrtels (optional)","type":"custom_text","position":2,"required":false,"title_format":"heading","default":"","description_enable":false,"description":"","placeholder_enable":false,"placeholder":"","display":"select","restrictions_type":"any_text","adjust_price":true,"price":"5","price_type":"flat_fee","restrictions":false,"min":"0","max":"0","options":[]},{"name":"Couleur de l'\u00e9criture","type":"multiple_choice","position":3,"required":true,"title_format":"heading","default":"","description_enable":false,"description":"","placeholder_enable":false,"placeholder":"","display":"images","restrictions_type":"any_text","adjust_price":false,"price":"","price_type":"flat_fee","restrictions":false,"min":"0","max":"0","options":[{"label":"Or paillet\u00e9","price":"","price_type":"flat_fee","image":1259,"visibility":true},{"label":"Argent paillet\u00e9","price":"","price_type":"flat_fee","image":1260,"visibility":true},{"label":"Rose paillet\u00e9","price":"","price_type":"flat_fee","image":1261,"visibility":true},{"label":"Violet paillet\u00e9","price":"","price_type":"flat_fee","image":1262,"visibility":true},{"label":"Rouge paillet\u00e9","price":"","price_type":"flat_fee","image":1257,"visibility":true},{"label":"Noir paillet\u00e9","price":"","price_type":"flat_fee","image":1258,"visibility":true}]}],"_links":{"self":[{"href":"https:\/\/homedress.fr\/de\/wp-json\/wp\/v2\/product\/1838","targetHints":{"allow":["GET"]}}],"collection":[{"href":"https:\/\/homedress.fr\/de\/wp-json\/wp\/v2\/product"}],"about":[{"href":"https:\/\/homedress.fr\/de\/wp-json\/wp\/v2\/types\/product"}],"wp:featuredmedia":[{"embeddable":true,"href":"https:\/\/homedress.fr\/de\/wp-json\/wp\/v2\/media\/19847"}],"wp:attachment":[{"href":"https:\/\/homedress.fr\/de\/wp-json\/wp\/v2\/media?parent=1838"}],"wp:term":[{"taxonomy":"product_brand","embeddable":true,"href":"https:\/\/homedress.fr\/de\/wp-json\/wp\/v2\/product_brand?post=1838"},{"taxonomy":"product_cat","embeddable":true,"href":"https:\/\/homedress.fr\/de\/wp-json\/wp\/v2\/product_cat?post=1838"},{"taxonomy":"product_tag","embeddable":true,"href":"https:\/\/homedress.fr\/de\/wp-json\/wp\/v2\/product_tag?post=1838"}],"curies":[{"name":"wp","href":"https:\/\/api.w.org\/{rel}","templated":true}]}}