{"id":19621,"date":"2022-02-21T06:09:14","date_gmt":"2022-02-21T06:09:14","guid":{"rendered":"https:\/\/homedress.fr\/?post_type=product&#038;p=19621"},"modified":"2024-12-23T19:17:25","modified_gmt":"2024-12-23T19:17:25","slug":"pyjama-noir-personnalise","status":"publish","type":"product","link":"https:\/\/homedress.fr\/de\/product\/pyjama-schwarz-personlich\/","title":{"rendered":"Pyjama Hose schwarz personalisiert"},"content":{"rendered":"<div class=\"tabbed-content\">\n\t\t\t<h4 class=\"uppercase text-left\">Zeit f\u00fcr Erstellung&amp;Lieferung<\/h4>\n\t\t\t<ul class=\"nav nav-line nav-uppercase nav-size-normal nav-left\" role=\"tablist\"><li id=\"tab-cr\u00e9ation\" class=\"tab active has-icon\" role=\"presentation\"><a href=\"#tab_cr\u00e9ation\" role=\"tab\" aria-selected=\"true\" aria-controls=\"tab_cr\u00e9ation\"><span>Erstellung<\/span><\/a><\/li>\n<li id=\"tab-livraison\" class=\"tab has-icon\" role=\"presentation\"><a href=\"#tab_livraison\" tabindex=\"-1\" role=\"tab\" aria-selected=\"false\" aria-controls=\"tab_livraison\"><span>Lieferung<\/span><\/a><\/li><\/ul><div class=\"tab-panels\"><div id=\"tab_cr\u00e9ation\" class=\"panel active entry-content\" role=\"tabpanel\" aria-labelledby=\"tab-cr\u00e9ation\"> <span style=\"color: #282828;\"><strong>Herstellungszeit :<\/strong><\/span> zwischen 1 und 3 Arbeitstagen, je nach Auftragsfluss.<\/p>\n<p>Alle Kreationen werden von erfahrenen H\u00e4nden in Frankreich gefertigt. <img loading=\"lazy\" decoding=\"async\" class=\"alignnone wp-image-3230\" src=\"https:\/\/homedress.fr\/wp-content\/uploads\/2023\/12\/Design-sans-titre-28.png\" alt=\"Personalisiertes Pegnoir hergestellt in Frankreich|made in France\" width=\"18\" height=\"18\" srcset=\"https:\/\/homedress.fr\/wp-content\/uploads\/2023\/12\/Design-sans-titre-28.png 500w, https:\/\/homedress.fr\/wp-content\/uploads\/2023\/12\/Design-sans-titre-28-400x400.png 400w, https:\/\/homedress.fr\/wp-content\/uploads\/2023\/12\/Design-sans-titre-28-280x280.png 280w, https:\/\/homedress.fr\/wp-content\/uploads\/2023\/12\/Design-sans-titre-28-12x12.png 12w, https:\/\/homedress.fr\/wp-content\/uploads\/2023\/12\/Design-sans-titre-28-100x100.png 100w\" sizes=\"auto, (max-width: 18px) 100vw, 18px\" \/>. <\/div>\n<div id=\"tab_livraison\" class=\"panel entry-content\" role=\"tabpanel\" aria-labelledby=\"tab-livraison\">\n<p><img loading=\"lazy\" decoding=\"async\" class=\"alignnone wp-image-2764\" src=\"https:\/\/homedress.fr\/wp-content\/uploads\/2020\/01\/images-3.png\" alt=\"Versand per Colissimo\" width=\"46\" height=\"46\" srcset=\"https:\/\/homedress.fr\/wp-content\/uploads\/2020\/01\/images-3.png 225w, https:\/\/homedress.fr\/wp-content\/uploads\/2020\/01\/images-3-100x100.png 100w\" sizes=\"auto, (max-width: 46px) 100vw, 46px\" \/>\u00a0 2-3 Werktage im Anschluss<br \/>\n<img loading=\"lazy\" decoding=\"async\" class=\"alignnone wp-image-2785\" style=\"color: #333333;\" src=\"https:\/\/homedress.fr\/wp-content\/uploads\/2020\/01\/images-1-5.png\" alt=\"Versand mit mondial relay\" width=\"43\" height=\"43\" srcset=\"https:\/\/homedress.fr\/wp-content\/uploads\/2020\/01\/images-1-5.png 225w, https:\/\/homedress.fr\/wp-content\/uploads\/2020\/01\/images-1-5-100x100.png 100w\" sizes=\"auto, (max-width: 43px) 100vw, 43px\" \/>\u00a0 \u00a03-5 Werktage im Anschluss\u00a0 \u00a0 <\/div><\/div><\/div>\n<p>F\u00fcr spezielle Anfragen kontaktieren Sie uns bitte \u00fcber Snapchat &amp; Instagram oder per E-Mail unter <span style=\"color: #dbb7bd;\">contact@homedress.fr.<\/span><\/p>","protected":false},"excerpt":{"rendered":"<div id=\"stack-781201136\" class=\"stack stack-row justify-center items-stretch\">\n\t\t\r\n\r\n<a href=\"#guidedestaillescoceane\" class=\"button primary is-underline\" >\n\t\t<span>MASSE UNSERES MODELS<\/span>\n\t<\/a>\n\r\n\r\n\t\t\n<style>\n#stack-781201136 > * {\n  --stack-gap: 0rem;\n}\n<\/style>\n\t<\/div>\n\t\r\n\r\n\t<div id=\"guidedestaillescoceane\"\n\t     class=\"lightbox-by-id lightbox-content mfp-hide lightbox-white\"\n\t     style=\"max-width:600px ;padding:20px\">\n\t\t\r\n<p style=\"text-align: left;\"><span style=\"color: #282828; font-size: 100%;\"><strong>*Unser Model tr\u00e4gt Gr\u00f6\u00dfe 36\/38<\/strong><\/span><\/p>\r\n<p style=\"text-align: left;\"><span style=\"font-size: 100%;\"><strong><span style=\"color: #ddbbbb;\"><img loading=\"lazy\" decoding=\"async\" class=\"alignnone wp-image-19705\" src=\"https:\/\/homedress.fr\/wp-content\/uploads\/2021\/03\/Sans-titre-10-400x400.jpg\" alt=\"\" width=\"46\" height=\"46\" srcset=\"https:\/\/homedress.fr\/wp-content\/uploads\/2021\/03\/Sans-titre-10-400x400.jpg 400w, https:\/\/homedress.fr\/wp-content\/uploads\/2021\/03\/Sans-titre-10-280x280.jpg 280w, https:\/\/homedress.fr\/wp-content\/uploads\/2021\/03\/Sans-titre-10-100x100.jpg 100w, https:\/\/homedress.fr\/wp-content\/uploads\/2021\/03\/Sans-titre-10.jpg 500w\" sizes=\"auto, (max-width: 46px) 100vw, 46px\" \/>Die Ma\u00dfe unseres Models :<\/span><\/strong><\/span><\/p>\r\n<span style=\"font-size: 100%;\">-Schulterbreite: 43 cm -Brustumfang: 99 cm<\/span>\r\n\r\n<span style=\"font-size: 100%;\">-Taillenumfang: 75 cm -H\u00f6he: 170 cm<\/span>\r\n\r\n\t<\/div>\n\t\n\t\n<p>Satiniertes Pyjama-Set, das mit seinem Hemd und seiner Hose personalisiert wird.<\/p>\n<p>*Weich und leicht f\u00fcr einen unvergleichlichen Komfort.<\/p>\n<div class=\"is-divider divider clearfix\" ><\/div>","protected":false},"featured_media":19638,"template":"","meta":[],"product_brand":[],"product_cat":[15,126,93],"product_tag":[],"class_list":{"0":"post-19621","1":"product","2":"type-product","3":"status-publish","4":"has-post-thumbnail","6":"product_cat-tousnosarticles-personnalises","7":"product_cat-pyjama-pantalon","8":"product_cat-pyjama-personnalise","10":"first","11":"instock","12":"taxable","13":"shipping-taxable","14":"purchasable","15":"product-type-variable"},"exclude_global_add_ons":false,"addons":[{"name":"Nur der erste Buchstabe jedes Wortes kann gro\u00dfgeschrieben werden (au\u00dfer Initialen).","type":"heading","position":0,"required":false,"title_format":"label","default":"","description_enable":false,"description":"","placeholder_enable":false,"placeholder":"","display":"select","restrictions_type":"any_text","adjust_price":false,"price":"","price_type":"flat_fee","restrictions":false,"min":"0","max":"0","options":[],"id":1700384257},{"name":"Personnalisation sur le devant - OFFERT !","type":"custom_text","position":1,"required":true,"title_format":"label","default":"","description_enable":true,"description":"*(Inscrire la mention N\/A si vous souhaitez ne pas personnaliser)\r\n*Nos clients choisissent d'inscrire leurs initiales.","placeholder_enable":false,"placeholder":"","display":"select","restrictions_type":"any_text","adjust_price":false,"price":"","price_type":"flat_fee","restrictions":true,"min":"0","max":"2","options":[],"id":1700384258},{"name":"Personnalisation sur le dos - OFFERT !","type":"custom_text","position":2,"required":true,"title_format":"label","default":"","description_enable":true,"description":"(Tragen Sie N\/A ein, wenn Sie nicht personalisieren m\u00f6chten)","placeholder_enable":false,"placeholder":"","display":"select","restrictions_type":"any_text","adjust_price":false,"price":"5","price_type":"flat_fee","restrictions":true,"min":"0","max":"17","options":[],"id":1700384259},{"name":"2. Textzeile auf der R\u00fcckseite (Optional)","type":"custom_text","position":3,"required":false,"title_format":"label","default":"","description_enable":false,"description":"Uniquement si une premi\u00e8re ligne a \u00e9t\u00e9 d\u00e9finie.","placeholder_enable":false,"placeholder":"","display":"select","restrictions_type":"any_text","adjust_price":true,"price":"5","price_type":"flat_fee","restrictions":true,"min":"0","max":"17","options":[],"id":1700384260},{"name":"Farbe des Textes.","type":"multiple_choice","position":4,"required":true,"title_format":"label","default":"","description_enable":false,"description":"","placeholder_enable":false,"placeholder":"","display":"images","restrictions_type":"any_text","adjust_price":false,"price":"","price_type":"flat_fee","restrictions":false,"min":"0","max":"0","options":[{"label":"Or paillet\u00e9","price":"","price_type":"flat_fee","image":1259,"visibility":true},{"label":"Argent paillet\u00e9","price":"","price_type":"flat_fee","image":1260,"visibility":true},{"label":"Rose paillet\u00e9","price":"","price_type":"flat_fee","image":1261,"visibility":true}],"id":1700384261},{"name":"2. Textzeile (optional):","type":"custom_text","position":0,"required":false,"title_format":"heading","default":"","description_enable":false,"description":"","placeholder_enable":false,"placeholder":"","display":"select","restrictions_type":"any_text","adjust_price":true,"price":"5","price_type":"flat_fee","restrictions":true,"min":"0","max":"16","options":[]},{"name":"Personnalisation du caraco","type":"custom_text","position":0,"required":true,"title_format":"heading","default":"","description_enable":false,"description":"","placeholder_enable":false,"placeholder":"","display":"select","restrictions_type":"any_text","adjust_price":false,"price":"","price_type":"flat_fee","restrictions":true,"min":"0","max":"12","options":[]},{"name":"Personnalisation du short (optionnel - inclus au tarif de base)","type":"custom_text","position":1,"required":false,"title_format":"heading","default":"","description_enable":false,"description":"","placeholder_enable":false,"placeholder":"","display":"select","restrictions_type":"any_text","adjust_price":false,"price":"","price_type":"flat_fee","restrictions":true,"min":"0","max":"12","options":[]},{"name":"Couleur de l'\u00e9criture","type":"multiple_choice","position":2,"required":true,"title_format":"heading","default":"","description_enable":false,"description":"","placeholder_enable":false,"placeholder":"","display":"images","restrictions_type":"any_text","adjust_price":false,"price":"","price_type":"flat_fee","restrictions":false,"min":"0","max":"0","options":[{"label":"Or paillet\u00e9","price":"","price_type":"flat_fee","image":1259,"visibility":true},{"label":"Noir paillet\u00e9","price":"","price_type":"flat_fee","image":1258,"visibility":true},{"label":"Rouge paillet\u00e9","price":"","price_type":"flat_fee","image":1257,"visibility":true},{"label":"Argent paillet\u00e9","price":"","price_type":"flat_fee","image":1260,"visibility":true},{"label":"Rose paillet\u00e9","price":"","price_type":"flat_fee","image":1261,"visibility":true},{"label":"Violet paillet\u00e9","price":"","price_type":"flat_fee","image":1262,"visibility":true}]},{"name":"Nur der erste Buchstabe jedes Wortes kann gro\u00dfgeschrieben werden (au\u00dfer Initialen).","type":"heading","position":0,"required":false,"title_format":"heading","default":"","description_enable":false,"description":"","placeholder_enable":false,"placeholder":"","display":"select","restrictions_type":"any_text","adjust_price":false,"price":"","price_type":"flat_fee","restrictions":false,"min":"0","max":"0","options":[],"id":1705393503},{"name":"Personalisierung meines Bademantels (auf der R\u00fcckseite)","type":"custom_text","position":1,"required":true,"title_format":"heading","default":"","description_enable":false,"description":"","placeholder_enable":false,"placeholder":"","display":"select","restrictions_type":"any_text","adjust_price":false,"price":"","price_type":"flat_fee","restrictions":true,"min":"0","max":"14","options":[],"id":1705393504},{"name":"2. Textzeile (optional):","type":"custom_text","position":2,"required":false,"title_format":"heading","default":"","description_enable":false,"description":"","placeholder_enable":false,"placeholder":"","display":"select","restrictions_type":"any_text","adjust_price":true,"price":"5","price_type":"flat_fee","restrictions":true,"min":"0","max":"14","options":[],"id":1705393505},{"name":"Personalisierung auf der Vorderseite des Bademantels (optional)","type":"custom_text","position":3,"required":false,"title_format":"heading","default":"","description_enable":false,"description":"","placeholder_enable":false,"placeholder":"","display":"select","restrictions_type":"any_text","adjust_price":true,"price":"5","price_type":"flat_fee","restrictions":true,"min":"0","max":"12","options":[],"id":1705393506},{"name":"Anpassen meines G\u00fcrtels (optional)","type":"custom_text","position":4,"required":false,"title_format":"heading","default":"","description_enable":true,"description":"Die Kunden geben in der Regel ein Datum an.","placeholder_enable":false,"placeholder":"","display":"select","restrictions_type":"any_text","adjust_price":true,"price":"5","price_type":"flat_fee","restrictions":false,"min":"0","max":"0","options":[],"id":1705393507},{"name":"Couleur de l'\u00e9criture","type":"multiple_choice","position":5,"required":true,"title_format":"heading","default":"","description_enable":false,"description":"","placeholder_enable":false,"placeholder":"","display":"images","restrictions_type":"any_text","adjust_price":false,"price":"","price_type":"flat_fee","restrictions":false,"min":"0","max":"0","options":[{"label":"Or paillet\u00e9","price":"","price_type":"flat_fee","image":1259,"visibility":true},{"label":"Noir paillet\u00e9","price":"","price_type":"flat_fee","image":1258,"visibility":true},{"label":"Argent paillet\u00e9","price":"","price_type":"flat_fee","image":1260,"visibility":true},{"label":"Rose paillet\u00e9","price":"","price_type":"flat_fee","image":1261,"visibility":true}],"id":1705393508},{"name":"Personnalisation sur le devant - OFFERT !","type":"custom_text","position":0,"required":true,"title_format":"heading","default":"","description_enable":true,"description":"*Les lettres seront rendues automatiquement en majuscule.\r\n*Nos clients choisissent d'inscrire leurs initiales.","placeholder_enable":false,"placeholder":"","display":"select","restrictions_type":"only_letters_numbers","adjust_price":false,"price":"","price_type":"flat_fee","restrictions":true,"min":"0","max":"2","options":[]},{"name":"Personalisierung auf der R\u00fcckseite (Optional)","type":"custom_text","position":1,"required":false,"title_format":"heading","default":"","description_enable":false,"description":"","placeholder_enable":false,"placeholder":"","display":"select","restrictions_type":"any_text","adjust_price":true,"price":"10","price_type":"flat_fee","restrictions":true,"min":"0","max":"17","options":[]},{"name":"Farbe des Textes.","type":"multiple_choice","position":2,"required":true,"title_format":"heading","default":"","description_enable":false,"description":"","placeholder_enable":false,"placeholder":"","display":"images","restrictions_type":"any_text","adjust_price":false,"price":"","price_type":"flat_fee","restrictions":false,"min":"0","max":"0","options":[{"label":"Or paillet\u00e9","price":"","price_type":"flat_fee","image":1259,"visibility":true},{"label":"Noir paillet\u00e9","price":"","price_type":"flat_fee","image":1258,"visibility":true},{"label":"Rouge paillet\u00e9","price":"","price_type":"flat_fee","image":1257,"visibility":true},{"label":"Argent paillet\u00e9","price":"","price_type":"flat_fee","image":1260,"visibility":true},{"label":"Rose paillet\u00e9","price":"","price_type":"flat_fee","image":1261,"visibility":true},{"label":"Violet paillet\u00e9","price":"","price_type":"flat_fee","image":1262,"visibility":true}]},{"name":"\"Team Bride\" est inscrit par d\u00e9faut au dos du peignoir comme sur la photo !","type":"heading","position":0,"required":false,"title_format":"heading","default":"","description_enable":false,"description":"","placeholder_enable":false,"placeholder":"","display":"select","restrictions_type":"any_text","adjust_price":false,"price":"","price_type":"flat_fee","restrictions":false,"min":"0","max":"0","options":[]},{"name":"Personalisierung auf der Vorderseite des Bademantels (optional)","type":"custom_text","position":1,"required":false,"title_format":"heading","default":"","description_enable":false,"description":"","placeholder_enable":false,"placeholder":"","display":"select","restrictions_type":"any_text","adjust_price":true,"price":"5","price_type":"flat_fee","restrictions":true,"min":"0","max":"12","options":[]},{"name":"Anpassen meines G\u00fcrtels (optional)","type":"custom_text","position":2,"required":false,"title_format":"heading","default":"","description_enable":false,"description":"","placeholder_enable":false,"placeholder":"","display":"select","restrictions_type":"any_text","adjust_price":true,"price":"5","price_type":"flat_fee","restrictions":false,"min":"0","max":"0","options":[]},{"name":"Couleur de l'\u00e9criture","type":"multiple_choice","position":3,"required":true,"title_format":"heading","default":"","description_enable":false,"description":"","placeholder_enable":false,"placeholder":"","display":"images","restrictions_type":"any_text","adjust_price":false,"price":"","price_type":"flat_fee","restrictions":false,"min":"0","max":"0","options":[{"label":"Or paillet\u00e9","price":"","price_type":"flat_fee","image":1259,"visibility":true},{"label":"Argent paillet\u00e9","price":"","price_type":"flat_fee","image":1260,"visibility":true},{"label":"Rose paillet\u00e9","price":"","price_type":"flat_fee","image":1261,"visibility":true},{"label":"Violet paillet\u00e9","price":"","price_type":"flat_fee","image":1262,"visibility":true},{"label":"Rouge paillet\u00e9","price":"","price_type":"flat_fee","image":1257,"visibility":true},{"label":"Noir paillet\u00e9","price":"","price_type":"flat_fee","image":1258,"visibility":true}]}],"_links":{"self":[{"href":"https:\/\/homedress.fr\/de\/wp-json\/wp\/v2\/product\/19621","targetHints":{"allow":["GET"]}}],"collection":[{"href":"https:\/\/homedress.fr\/de\/wp-json\/wp\/v2\/product"}],"about":[{"href":"https:\/\/homedress.fr\/de\/wp-json\/wp\/v2\/types\/product"}],"wp:featuredmedia":[{"embeddable":true,"href":"https:\/\/homedress.fr\/de\/wp-json\/wp\/v2\/media\/19638"}],"wp:attachment":[{"href":"https:\/\/homedress.fr\/de\/wp-json\/wp\/v2\/media?parent=19621"}],"wp:term":[{"taxonomy":"product_brand","embeddable":true,"href":"https:\/\/homedress.fr\/de\/wp-json\/wp\/v2\/product_brand?post=19621"},{"taxonomy":"product_cat","embeddable":true,"href":"https:\/\/homedress.fr\/de\/wp-json\/wp\/v2\/product_cat?post=19621"},{"taxonomy":"product_tag","embeddable":true,"href":"https:\/\/homedress.fr\/de\/wp-json\/wp\/v2\/product_tag?post=19621"}],"curies":[{"name":"wp","href":"https:\/\/api.w.org\/{rel}","templated":true}]}}