{"id":2429,"date":"2020-01-23T09:15:39","date_gmt":"2020-01-23T09:15:39","guid":{"rendered":"https:\/\/homedress.fr\/?page_id=2429"},"modified":"2020-01-23T09:18:42","modified_gmt":"2020-01-23T09:18:42","slug":"box-personnalisee","status":"publish","type":"page","link":"https:\/\/homedress.fr\/en\/personalised-box\/","title":{"rendered":"BOX PERSONNALISEE"},"content":{"rendered":"<div class=\"banner has-hover has-video is-full-height\" id=\"banner-308763823\">\n          <div class=\"banner-inner fill\">\n        <div class=\"banner-bg fill\" >\n            <img loading=\"lazy\" decoding=\"async\" width=\"800\" height=\"800\" src=\"https:\/\/homedress.fr\/wp-content\/uploads\/2019\/12\/WhatsApp-Image-2019-12-25-at-22.44.26-800x800.jpeg\" class=\"bg attachment-large size-large\" alt=\"Collection box cadeau personnalis\u00e9\" \/>            \t<div class=\"video-overlay no-click fill hide-for-medium\"><\/div>\n\t<video class=\"video-bg fill hide-for-medium\" preload playsinline autoplay muted loop>\n\t\t<source src=\"\/wp-content\/uploads\/2016\/02\/348462762.mp4\" type=\"video\/mp4\">\t<\/video>\n            <div class=\"overlay\"><\/div>            \n                    <\/div>\n\t\t\n        <div class=\"banner-layers container\">\n            <div class=\"fill banner-link\"><\/div>            \n\n   <div id=\"text-box-205149911\" class=\"text-box banner-layer x50 md-x50 lg-x50 y50 md-y50 lg-y50 res-text\">\n                                <div class=\"text-box-content text dark\">\n              \n              <div class=\"text-inner text-center\">\n                  \n\n<h3 class=\"alt-font\">Composez votre box personnalis\u00e9e<\/h3>\n<h1 class=\"uppercase\"><strong>HOMEDRESS BOX<\/strong><\/h1>\n<p><span style=\"color: #c0c0c0;\"><strong><span style=\"font-size: 140%;\">Pour b\u00e9n\u00e9ficier d&#8217;une box personnalis\u00e9e, ajoutez obligatoirement un peignoir au panier et au minimum 2 autres articles au choix !<\/span><\/strong><\/span><\/p>\n<a href=\"https:\/\/homedress.fr\/en\/shop\/\" class=\"button white\" >\n\t\t<span>BOUTIQUE<\/span>\n\t<\/a>\n\n\n\n              <\/div>\n           <\/div>\n                            \n<style>\n#text-box-205149911 {\n  width: 87%;\n}\n#text-box-205149911 .text-box-content {\n  font-size: 125%;\n}\n@media (min-width:550px) {\n  #text-box-205149911 {\n    width: 53%;\n  }\n  #text-box-205149911 .text-box-content {\n    font-size: 100%;\n  }\n}\n<\/style>\n    <\/div>\n \n\n        <\/div>\n      <\/div>\n\n            \n<style>\n#banner-308763823 {\n  padding-top: 100%;\n}\n#banner-308763823 .overlay {\n  background-color: rgba(0, 0, 0, 0.3);\n}\n#banner-308763823 .banner-bg img {\n  object-position: 1% 35%;\n}\n<\/style>\n  <\/div>","protected":false},"excerpt":{"rendered":"","protected":false},"author":11666,"featured_media":0,"parent":0,"menu_order":0,"comment_status":"closed","ping_status":"closed","template":"page-transparent-header-light.php","meta":{"footnotes":""},"class_list":["post-2429","page","type-page","status-publish","hentry"],"_links":{"self":[{"href":"https:\/\/homedress.fr\/en\/wp-json\/wp\/v2\/pages\/2429","targetHints":{"allow":["GET"]}}],"collection":[{"href":"https:\/\/homedress.fr\/en\/wp-json\/wp\/v2\/pages"}],"about":[{"href":"https:\/\/homedress.fr\/en\/wp-json\/wp\/v2\/types\/page"}],"author":[{"embeddable":true,"href":"https:\/\/homedress.fr\/en\/wp-json\/wp\/v2\/users\/11666"}],"replies":[{"embeddable":true,"href":"https:\/\/homedress.fr\/en\/wp-json\/wp\/v2\/comments?post=2429"}],"version-history":[{"count":0,"href":"https:\/\/homedress.fr\/en\/wp-json\/wp\/v2\/pages\/2429\/revisions"}],"wp:attachment":[{"href":"https:\/\/homedress.fr\/en\/wp-json\/wp\/v2\/media?parent=2429"}],"curies":[{"name":"wp","href":"https:\/\/api.w.org\/{rel}","templated":true}]}}