{"id":5659,"date":"2020-08-27T00:20:09","date_gmt":"2020-08-27T00:20:09","guid":{"rendered":"https:\/\/homedress.fr\/?post_type=product&#038;p=5659"},"modified":"2026-04-06T18:28:56","modified_gmt":"2026-04-06T18:28:56","slug":"peignoir-satin-bordeaux","status":"publish","type":"product","link":"https:\/\/homedress.fr\/en\/product\/burgundy-satin-bathrobe\/","title":{"rendered":"Bordeaux red satin bathrobe +sleeve"},"content":{"rendered":"<div class=\"tabbed-content\">\n\t\t\t<h4 class=\"uppercase text-left\">Creation&amp;Delivery times<\/h4>\n\t\t\t<ul class=\"nav nav-line nav-uppercase nav-size-normal nav-left\" role=\"tablist\"><li id=\"tab-cr\u00e9ation\" class=\"tab active has-icon\" role=\"presentation\"><a href=\"#tab_cr\u00e9ation\" role=\"tab\" aria-selected=\"true\" aria-controls=\"tab_cr\u00e9ation\"><span>Creation<\/span><\/a><\/li>\n<li id=\"tab-livraison\" class=\"tab has-icon\" role=\"presentation\"><a href=\"#tab_livraison\" tabindex=\"-1\" role=\"tab\" aria-selected=\"false\" aria-controls=\"tab_livraison\"><span>Delivery<\/span><\/a><\/li><\/ul><div class=\"tab-panels\"><div id=\"tab_cr\u00e9ation\" class=\"panel active entry-content\" role=\"tabpanel\" aria-labelledby=\"tab-cr\u00e9ation\"> <span style=\"color: #282828;\"><strong>Creation time :<\/strong><\/span> between 1 and 3 working days, depending on the flow of orders.<\/p>\n<p>All creations are made by expert hands in France <img loading=\"lazy\" decoding=\"async\" class=\"alignnone wp-image-3230\" src=\"https:\/\/homedress.fr\/wp-content\/uploads\/2019\/12\/Drapeau-france-coeur.jpg\" alt=\"Customised pegnoir made in France|made in France\" width=\"18\" height=\"18\" srcset=\"https:\/\/homedress.fr\/wp-content\/uploads\/2019\/12\/Drapeau-france-coeur.jpg 300w, https:\/\/homedress.fr\/wp-content\/uploads\/2019\/12\/Drapeau-france-coeur-100x100.jpg 100w, https:\/\/homedress.fr\/wp-content\/uploads\/2019\/12\/Drapeau-france-coeur-280x280.jpg 280w\" sizes=\"auto, (max-width: 18px) 100vw, 18px\" \/>. <\/div>\n<div id=\"tab_livraison\" class=\"panel entry-content\" role=\"tabpanel\" aria-labelledby=\"tab-livraison\">\n<p><img loading=\"lazy\" decoding=\"async\" class=\"alignnone wp-image-2764\" src=\"https:\/\/homedress.fr\/wp-content\/uploads\/2020\/01\/images-3.png\" alt=\"Shipment by colissimo\" width=\"46\" height=\"46\" srcset=\"https:\/\/homedress.fr\/wp-content\/uploads\/2020\/01\/images-3.png 225w, https:\/\/homedress.fr\/wp-content\/uploads\/2020\/01\/images-3-100x100.png 100w\" sizes=\"auto, (max-width: 46px) 100vw, 46px\" \/>\u00a0 2 to 3 working days follow-up<br \/>\n<img loading=\"lazy\" decoding=\"async\" class=\"alignnone wp-image-2785\" style=\"color: #333333;\" src=\"https:\/\/homedress.fr\/wp-content\/uploads\/2020\/01\/images-1-5.png\" alt=\"Shipment with mondial relay\" width=\"43\" height=\"43\" srcset=\"https:\/\/homedress.fr\/wp-content\/uploads\/2020\/01\/images-1-5.png 225w, https:\/\/homedress.fr\/wp-content\/uploads\/2020\/01\/images-1-5-100x100.png 100w\" sizes=\"auto, (max-width: 43px) 100vw, 43px\" \/>\u00a0 \u00a03 to 5 working days for tracking\u00a0 \u00a0 <\/div><\/div><\/div>\n<p>For any special request, contact us on snapchat &amp; instagram or by email at <span style=\"color: #dbb7bd;\">contact@homedress.fr<\/span><\/p>","protected":false},"excerpt":{"rendered":"<div class=\"hurrytimer-cdt hurrytimer-cdt--23108 hurrytimer-campaign hurryt-loading hurrytimer-campaign-23108\" data-config=\"{&quot;id&quot;:23108,&quot;run_in_background&quot;:false,&quot;sticky&quot;:false,&quot;product_ids&quot;:[&quot;23100&quot;,&quot;23094&quot;,&quot;5659&quot;,&quot;3703&quot;],&quot;actions&quot;:[{&quot;id&quot;:2,&quot;redirectUrl&quot;:&quot;&quot;,&quot;message&quot;:&quot;&quot;,&quot;coupon&quot;:&quot;&quot;,&quot;wcStockStatus&quot;:&quot;instock&quot;}],&quot;template&quot;:&quot;&lt;div class=\\&quot;hurrytimer-timer-block hurrytimer-cdt__dur\\&quot;&gt;&lt;div class=\\&quot;hurrytimer-timer-digit hurrytimer-cdt__time\\&quot;&gt;%D&lt;\\\/div&gt;&lt;div class=\\&quot;hurrytimer-timer-label hurrytimer-cdt__label\\&quot; &gt;Jours&lt;\\\/div&gt;&lt;\\\/div&gt;&lt;div class=\\&quot;hurrytimer-cdt__sep hurrytimer-timer-sep\\&quot;&gt;:&lt;\\\/div&gt;&lt;div class=\\&quot;hurrytimer-timer-block hurrytimer-cdt__dur\\&quot;&gt;&lt;div class=\\&quot;hurrytimer-timer-digit hurrytimer-cdt__time\\&quot;&gt;%H&lt;\\\/div&gt;&lt;div class=\\&quot;hurrytimer-timer-label hurrytimer-cdt__label\\&quot; &gt;hrs&lt;\\\/div&gt;&lt;\\\/div&gt;&lt;div class=\\&quot;hurrytimer-cdt__sep hurrytimer-timer-sep\\&quot;&gt;:&lt;\\\/div&gt;&lt;div class=\\&quot;hurrytimer-timer-block hurrytimer-cdt__dur\\&quot;&gt;&lt;div class=\\&quot;hurrytimer-timer-digit hurrytimer-cdt__time\\&quot;&gt;%M&lt;\\\/div&gt;&lt;div class=\\&quot;hurrytimer-timer-label hurrytimer-cdt__label\\&quot; &gt;mins&lt;\\\/div&gt;&lt;\\\/div&gt;&lt;div class=\\&quot;hurrytimer-cdt__sep hurrytimer-timer-sep\\&quot;&gt;:&lt;\\\/div&gt;&lt;div class=\\&quot;hurrytimer-timer-block hurrytimer-cdt__dur\\&quot;&gt;&lt;div class=\\&quot;hurrytimer-timer-digit hurrytimer-cdt__time\\&quot;&gt;%S&lt;\\\/div&gt;&lt;div class=\\&quot;hurrytimer-timer-label hurrytimer-cdt__label\\&quot; &gt;secs&lt;\\\/div&gt;&lt;\\\/div&gt;&quot;,&quot;methods&quot;:[1,2],&quot;mode&quot;:&quot;one_time&quot;,&quot;sticky_bar_hide_timeout&quot;:7,&quot;recurr&quot;:false,&quot;timeToNextRecurrence&quot;:0,&quot;isRegular&quot;:true,&quot;endDate&quot;:1719675180000}\" ><div class=\"hurrytimer-cdt__headline hurrytimer-headline\"><span style=\"font-size: 18px;\">L'offre se termine dans<\/span><\/div><div class=\"hurrytimer-cdt__inner hurrytimer-timer\"><\/div><\/div>\n\t<div id=\"stack-4268342503\" class=\"stack stack-row justify-center items-stretch\">\n\t\t\n\n<a href=\"#guidedestaillesavecclaire\" class=\"button primary is-underline\" >\n\t\t<span>MENSURATIONS DE NOTRE MANNEQUIN<\/span>\n\t<\/a>\n\n\n\n\t\t\n<style>\n#stack-4268342503 > * {\n  --stack-gap: 0rem;\n}\n<\/style>\n\t<\/div>\n\t\n<p>\t<div id=\"guidedestaillesavecclaire\"\n\t     class=\"lightbox-by-id lightbox-content mfp-hide lightbox-white \"\n\t     style=\"max-width:600px ;padding:20px\">\n\t\t<\/p>\n<p style=\"text-align: left;\"><span style=\"color: #282828; font-size: 100%;\"><strong>*Notre model porte une taille 36\/38<\/strong><\/span><\/p>\n<p style=\"text-align: left;\"><span style=\"font-size: 100%;\"><strong><img loading=\"lazy\" decoding=\"async\" class=\"\" src=\"https:\/\/homedress.fr\/wp-content\/uploads\/2021\/03\/Sans-titre-1-400x400.jpg\" width=\"45\" height=\"45\" \/><span style=\"color: #ddbbbb;\">Les mensurations de notre mannequin :<\/span><\/strong><\/span><\/p>\n<p><span style=\"font-size: 100%;\">-Larg. \u00e9paule : 36 cm\u00a0 \u00a0 \u00a0 -Tour de poitrine : 94 cm<\/span><\/p>\n<p><span style=\"font-size: 100%;\">-Tour de taille : 67 cm\u00a0 \u00a0 \u00a0 -Hauteur : 181 cm<\/span><\/p>\n<p>\u00a0<\/p>\n<p>\t<\/div>\n\t\n\t<\/p>\n\t<div id=\"stack-2419571569\" class=\"stack stack-row justify-center items-stretch\">\n\t\t\n\n<a href=\"#popup-retourclient-reseausociaux\" class=\"button primary\" style=\"border-radius:99px;\">\n\t\t<span>AVIS CLIENTS<\/span>\n\t<\/a>\n\n\n\n\t\t\n<style>\n#stack-2419571569 > * {\n  --stack-gap: 0rem;\n}\n<\/style>\n\t<\/div>\n\t\n<p>\t<div id=\"popup-retourclient-reseausociaux\"\n\t     class=\"lightbox-by-id lightbox-content mfp-hide lightbox-white \"\n\t     style=\"max-width:600px ;padding:0px\">\n\t\t<\/p>\n<p><iframe loading=\"lazy\" src=\"https:\/\/homedress.fr\/avis-clients\/\" style=\"border:3px #FFF none;\" name=\"myiFrame\" scrolling=\"yes\" frameborder=\"0\" marginheight=\"0px\" marginwidth=\"0px\" height=\"400px\" width=\"600px\" allowfullscreen><\/iframe><\/p>\n<p>\t<\/div>\n\t\n\t<\/p>\n<p>Personnalisez votre peignoir en satin avec le pr\u00e9nom ou texte de votre choix.<\/p>\n<p><span style=\"color: #ddbbbb; font-size: 100%;\"><strong>NUISETTE ASSORTIE COMPRISE !<\/strong><\/span><\/p>\n","protected":false},"featured_media":19478,"template":"","meta":[],"product_brand":[],"product_cat":[15,76,114],"product_tag":[111,89,88,120],"class_list":{"0":"post-5659","1":"product","2":"type-product","3":"status-publish","4":"has-post-thumbnail","6":"product_cat-tousnosarticles-personnalises","7":"product_cat-peignoir-satin-personnalise","8":"product_cat-peignoir-nuisette","9":"product_tag-peignoir-personnalise","10":"product_tag-peignoir-satin","11":"product_tag-peignoir-satin-personnalise","12":"product_tag-peignoirpersonnalise","14":"first","15":"instock","16":"sale","17":"taxable","18":"shipping-taxable","19":"purchasable","20":"product-type-variable"},"exclude_global_add_ons":false,"addons":[{"name":"*Only the first letter of each word may be capitalised (excluding initials).","type":"heading","position":0,"required":false,"title_format":"label","default":"","description_enable":false,"description":"","placeholder_enable":false,"placeholder":"","display":"select","restrictions_type":"any_text","adjust_price":false,"price":"","price_type":"flat_fee","restrictions":false,"min":"0","max":"0","options":[],"id":1700385346},{"name":"Personalise my bathrobe (on the back)","type":"custom_text","position":1,"required":true,"title_format":"label","default":"","description_enable":false,"description":"","placeholder_enable":false,"placeholder":"","display":"select","restrictions_type":"any_text","adjust_price":false,"price":"","price_type":"flat_fee","restrictions":true,"min":"0","max":"14","options":[],"id":1700385347},{"name":"2nd line of text (optional)","type":"custom_text","position":2,"required":false,"title_format":"label","default":"","description_enable":false,"description":"","placeholder_enable":false,"placeholder":"","display":"select","restrictions_type":"any_text","adjust_price":true,"price":"5","price_type":"flat_fee","restrictions":true,"min":"0","max":"14","options":[],"id":1700385348},{"name":"Personalisation on the front of the bathrobe (optional)","type":"custom_text","position":3,"required":false,"title_format":"label","default":"","description_enable":false,"description":"","placeholder_enable":false,"placeholder":"","display":"select","restrictions_type":"any_text","adjust_price":true,"price":"5","price_type":"flat_fee","restrictions":true,"min":"0","max":"12","options":[],"id":1700385349},{"name":"Customise my belt (optional)","type":"custom_text","position":4,"required":false,"title_format":"label","default":"","description_enable":true,"description":"Customers usually enter a date.","placeholder_enable":false,"placeholder":"","display":"select","restrictions_type":"any_text","adjust_price":true,"price":"5","price_type":"flat_fee","restrictions":false,"min":"0","max":"0","options":[],"id":1700385350},{"name":"Personalising my babydoll (optional)","type":"custom_text","position":5,"required":false,"title_format":"label","default":"","description_enable":true,"description":"Personalisation on left chest.","placeholder_enable":false,"placeholder":"","display":"select","restrictions_type":"any_text","adjust_price":true,"price":"5","price_type":"flat_fee","restrictions":true,"min":"0","max":"12","options":[],"id":1700385351},{"name":"Couleur de l'\u00e9criture","type":"multiple_choice","position":6,"required":true,"title_format":"label","default":"","description_enable":false,"description":"","placeholder_enable":false,"placeholder":"","display":"images","restrictions_type":"any_text","adjust_price":false,"price":"","price_type":"flat_fee","restrictions":false,"min":"0","max":"0","options":[{"label":"Or paillet\u00e9","price":"","price_type":"flat_fee","image":1259,"visibility":true},{"label":"Noir paillet\u00e9","price":"","price_type":"flat_fee","image":1258,"visibility":true},{"label":"Argent paillet\u00e9","price":"","price_type":"flat_fee","image":1260,"visibility":true}],"id":1700385352},{"name":"2nd line of text (optional)","type":"custom_text","position":0,"required":false,"title_format":"heading","default":"","description_enable":false,"description":"","placeholder_enable":false,"placeholder":"","display":"select","restrictions_type":"any_text","adjust_price":true,"price":"5","price_type":"flat_fee","restrictions":true,"min":"0","max":"16","options":[]},{"name":"Personnalisation du caraco","type":"custom_text","position":0,"required":true,"title_format":"heading","default":"","description_enable":false,"description":"","placeholder_enable":false,"placeholder":"","display":"select","restrictions_type":"any_text","adjust_price":false,"price":"","price_type":"flat_fee","restrictions":true,"min":"0","max":"12","options":[]},{"name":"Personnalisation du short (optionnel - inclus au tarif de base)","type":"custom_text","position":1,"required":false,"title_format":"heading","default":"","description_enable":false,"description":"","placeholder_enable":false,"placeholder":"","display":"select","restrictions_type":"any_text","adjust_price":false,"price":"","price_type":"flat_fee","restrictions":true,"min":"0","max":"12","options":[]},{"name":"Couleur de l'\u00e9criture","type":"multiple_choice","position":2,"required":true,"title_format":"heading","default":"","description_enable":false,"description":"","placeholder_enable":false,"placeholder":"","display":"images","restrictions_type":"any_text","adjust_price":false,"price":"","price_type":"flat_fee","restrictions":false,"min":"0","max":"0","options":[{"label":"Or paillet\u00e9","price":"","price_type":"flat_fee","image":1259,"visibility":true},{"label":"Noir paillet\u00e9","price":"","price_type":"flat_fee","image":1258,"visibility":true},{"label":"Rouge paillet\u00e9","price":"","price_type":"flat_fee","image":1257,"visibility":true},{"label":"Argent paillet\u00e9","price":"","price_type":"flat_fee","image":1260,"visibility":true},{"label":"Rose paillet\u00e9","price":"","price_type":"flat_fee","image":1261,"visibility":true},{"label":"Violet paillet\u00e9","price":"","price_type":"flat_fee","image":1262,"visibility":true}]},{"name":"*Only the first letter of each word may be capitalised (excluding initials).","type":"heading","position":0,"required":false,"title_format":"heading","default":"","description_enable":false,"description":"","placeholder_enable":false,"placeholder":"","display":"select","restrictions_type":"any_text","adjust_price":false,"price":"","price_type":"flat_fee","restrictions":false,"min":"0","max":"0","options":[],"id":1705393503},{"name":"Personalise my bathrobe (on the back)","type":"custom_text","position":1,"required":true,"title_format":"heading","default":"","description_enable":false,"description":"","placeholder_enable":false,"placeholder":"","display":"select","restrictions_type":"any_text","adjust_price":false,"price":"","price_type":"flat_fee","restrictions":true,"min":"0","max":"14","options":[],"id":1705393504},{"name":"2nd line of text (optional)","type":"custom_text","position":2,"required":false,"title_format":"heading","default":"","description_enable":false,"description":"","placeholder_enable":false,"placeholder":"","display":"select","restrictions_type":"any_text","adjust_price":true,"price":"5","price_type":"flat_fee","restrictions":true,"min":"0","max":"14","options":[],"id":1705393505},{"name":"Personalisation on the front of the bathrobe (optional)","type":"custom_text","position":3,"required":false,"title_format":"heading","default":"","description_enable":false,"description":"","placeholder_enable":false,"placeholder":"","display":"select","restrictions_type":"any_text","adjust_price":true,"price":"5","price_type":"flat_fee","restrictions":true,"min":"0","max":"12","options":[],"id":1705393506},{"name":"Customise my belt (optional)","type":"custom_text","position":4,"required":false,"title_format":"heading","default":"","description_enable":true,"description":"Customers usually enter a date.","placeholder_enable":false,"placeholder":"","display":"select","restrictions_type":"any_text","adjust_price":true,"price":"5","price_type":"flat_fee","restrictions":false,"min":"0","max":"0","options":[],"id":1705393507},{"name":"Couleur de l'\u00e9criture","type":"multiple_choice","position":5,"required":true,"title_format":"heading","default":"","description_enable":false,"description":"","placeholder_enable":false,"placeholder":"","display":"images","restrictions_type":"any_text","adjust_price":false,"price":"","price_type":"flat_fee","restrictions":false,"min":"0","max":"0","options":[{"label":"Or paillet\u00e9","price":"","price_type":"flat_fee","image":1259,"visibility":true},{"label":"Noir paillet\u00e9","price":"","price_type":"flat_fee","image":1258,"visibility":true},{"label":"Argent paillet\u00e9","price":"","price_type":"flat_fee","image":1260,"visibility":true},{"label":"Rose paillet\u00e9","price":"","price_type":"flat_fee","image":1261,"visibility":true}],"id":1705393508},{"name":"Personnalisation sur le devant - OFFERT !","type":"custom_text","position":0,"required":true,"title_format":"heading","default":"","description_enable":true,"description":"*Les lettres seront rendues automatiquement en majuscule.\r\n*Nos clients choisissent d'inscrire leurs initiales.","placeholder_enable":false,"placeholder":"","display":"select","restrictions_type":"only_letters_numbers","adjust_price":false,"price":"","price_type":"flat_fee","restrictions":true,"min":"0","max":"2","options":[]},{"name":"Personalisation on the back (Optional)","type":"custom_text","position":1,"required":false,"title_format":"heading","default":"","description_enable":false,"description":"","placeholder_enable":false,"placeholder":"","display":"select","restrictions_type":"any_text","adjust_price":true,"price":"10","price_type":"flat_fee","restrictions":true,"min":"0","max":"17","options":[]},{"name":"Text colour.","type":"multiple_choice","position":2,"required":true,"title_format":"heading","default":"","description_enable":false,"description":"","placeholder_enable":false,"placeholder":"","display":"images","restrictions_type":"any_text","adjust_price":false,"price":"","price_type":"flat_fee","restrictions":false,"min":"0","max":"0","options":[{"label":"Or paillet\u00e9","price":"","price_type":"flat_fee","image":1259,"visibility":true},{"label":"Noir paillet\u00e9","price":"","price_type":"flat_fee","image":1258,"visibility":true},{"label":"Rouge paillet\u00e9","price":"","price_type":"flat_fee","image":1257,"visibility":true},{"label":"Argent paillet\u00e9","price":"","price_type":"flat_fee","image":1260,"visibility":true},{"label":"Rose paillet\u00e9","price":"","price_type":"flat_fee","image":1261,"visibility":true},{"label":"Violet paillet\u00e9","price":"","price_type":"flat_fee","image":1262,"visibility":true}]},{"name":"\"Team Bride\" est inscrit par d\u00e9faut au dos du peignoir comme sur la photo !","type":"heading","position":0,"required":false,"title_format":"heading","default":"","description_enable":false,"description":"","placeholder_enable":false,"placeholder":"","display":"select","restrictions_type":"any_text","adjust_price":false,"price":"","price_type":"flat_fee","restrictions":false,"min":"0","max":"0","options":[]},{"name":"Personalisation on the front of the bathrobe (optional)","type":"custom_text","position":1,"required":false,"title_format":"heading","default":"","description_enable":false,"description":"","placeholder_enable":false,"placeholder":"","display":"select","restrictions_type":"any_text","adjust_price":true,"price":"5","price_type":"flat_fee","restrictions":true,"min":"0","max":"12","options":[]},{"name":"Customise my belt (optional)","type":"custom_text","position":2,"required":false,"title_format":"heading","default":"","description_enable":false,"description":"","placeholder_enable":false,"placeholder":"","display":"select","restrictions_type":"any_text","adjust_price":true,"price":"5","price_type":"flat_fee","restrictions":false,"min":"0","max":"0","options":[]},{"name":"Couleur de l'\u00e9criture","type":"multiple_choice","position":3,"required":true,"title_format":"heading","default":"","description_enable":false,"description":"","placeholder_enable":false,"placeholder":"","display":"images","restrictions_type":"any_text","adjust_price":false,"price":"","price_type":"flat_fee","restrictions":false,"min":"0","max":"0","options":[{"label":"Or paillet\u00e9","price":"","price_type":"flat_fee","image":1259,"visibility":true},{"label":"Argent paillet\u00e9","price":"","price_type":"flat_fee","image":1260,"visibility":true},{"label":"Rose paillet\u00e9","price":"","price_type":"flat_fee","image":1261,"visibility":true},{"label":"Violet paillet\u00e9","price":"","price_type":"flat_fee","image":1262,"visibility":true},{"label":"Rouge paillet\u00e9","price":"","price_type":"flat_fee","image":1257,"visibility":true},{"label":"Noir paillet\u00e9","price":"","price_type":"flat_fee","image":1258,"visibility":true}]}],"_links":{"self":[{"href":"https:\/\/homedress.fr\/en\/wp-json\/wp\/v2\/product\/5659","targetHints":{"allow":["GET"]}}],"collection":[{"href":"https:\/\/homedress.fr\/en\/wp-json\/wp\/v2\/product"}],"about":[{"href":"https:\/\/homedress.fr\/en\/wp-json\/wp\/v2\/types\/product"}],"wp:featuredmedia":[{"embeddable":true,"href":"https:\/\/homedress.fr\/en\/wp-json\/wp\/v2\/media\/19478"}],"wp:attachment":[{"href":"https:\/\/homedress.fr\/en\/wp-json\/wp\/v2\/media?parent=5659"}],"wp:term":[{"taxonomy":"product_brand","embeddable":true,"href":"https:\/\/homedress.fr\/en\/wp-json\/wp\/v2\/product_brand?post=5659"},{"taxonomy":"product_cat","embeddable":true,"href":"https:\/\/homedress.fr\/en\/wp-json\/wp\/v2\/product_cat?post=5659"},{"taxonomy":"product_tag","embeddable":true,"href":"https:\/\/homedress.fr\/en\/wp-json\/wp\/v2\/product_tag?post=5659"}],"curies":[{"name":"wp","href":"https:\/\/api.w.org\/{rel}","templated":true}]}}